{"id":10288,"date":"2018-03-20T16:53:27","date_gmt":"2018-03-20T16:53:27","guid":{"rendered":"http:\/\/escolasdobidos.com\/?page_id=10288"},"modified":"2022-07-13T13:51:07","modified_gmt":"2022-07-13T13:51:07","slug":"erasmus","status":"publish","type":"page","link":"https:\/\/escolasdobidos.com\/website\/projetos\/erasmus\/","title":{"rendered":"ERASMUS +"},"content":{"rendered":"<p>[vc_row][vc_column][vc_single_image image=&#8221;13743&#8243; img_size=&#8221;medium&#8221; alignment=&#8221;center&#8221; style=&#8221;vc_box_outline&#8221; border_color=&#8221;white&#8221;][\/vc_column][\/vc_row][vc_row][vc_column][vc_images_carousel images=&#8221;13729,13734,13732,13731,13733,13735&#8243; img_size=&#8221;full&#8221; autoplay=&#8221;yes&#8221; wrap=&#8221;yes&#8221;][\/vc_column][\/vc_row][vc_row][vc_column][vc_column_text]<\/p>\n<p style=\"text-align: left;\">O Erasmus+ \u00e9 um programa da Uni\u00e3o Europeia para a educa\u00e7\u00e3o, forma\u00e7\u00e3o, juventude e desporto. \u00c9 destinado a apoiar as atividades de educa\u00e7\u00e3o e de forma\u00e7\u00e3o para os jovens europeus. Pretende-se que as escolas inseridas no espa\u00e7o europeu possam trabalhar em conjunto de forma a possibilitar que alunos e professores experienciem e partilhem pr\u00e1ticas inovadoras em contexto escolar e na comunidade, em diferentes pa\u00edses.<br \/>\nO Agrupamento de Escolas Josefa de \u00d3bidos participa no programa desde 2016, com o desenvolvimento de dois projetos.<\/p>\n<p>[\/vc_column_text][\/vc_column][\/vc_row][vc_row][vc_column][vc_empty_space height=&#8221;30&#8243;][\/vc_column][\/vc_row][vc_row][vc_column width=&#8221;1\/2&#8243;][vc_single_image image=&#8221;13754&#8243; img_size=&#8221;147&#215;94&#8243; alignment=&#8221;center&#8221; style=&#8221;vc_box_rounded&#8221; onclick=&#8221;custom_link&#8221; link=&#8221;https:\/\/padlet.com\/marialclemente\/zvbupo87eaxe4muj&#8221;][vc_column_text]<\/p>\n<p style=\"text-align: center;\">ART ATTACK ACROSS EUROPE<br \/>\nMAKING A DIFFERENCE BY SHARING ART<\/p>\n<p style=\"text-align: center;\"><strong>2016-2019<\/strong><\/p>\n<p>[\/vc_column_text][\/vc_column][vc_column width=&#8221;1\/2&#8243;][vc_single_image image=&#8221;13755&#8243; img_size=&#8221;147&#215;94&#8243; alignment=&#8221;center&#8221; style=&#8221;vc_box_rounded&#8221; onclick=&#8221;custom_link&#8221; link=&#8221;https:\/\/padlet.com\/marialclemente\/6kcii2ks3fte2d3y&#8221;][vc_column_text]<\/p>\n<p style=\"text-align: center;\">SOS EARTH &#8211; EXPLORING NATURAL DIVERSITY AND CREATING AWARENESS FOR ENVIRONMENTAL PROBLEMS<\/p>\n<p style=\"text-align: center;\"><strong>2019-2022<\/strong><\/p>\n<p>[\/vc_column_text][\/vc_column][\/vc_row][vc_row][vc_column][vc_empty_space height=&#8221;50px&#8221;][\/vc_column][\/vc_row][vc_row][vc_column][vc_column_text]Com a colabora\u00e7\u00e3o:[\/vc_column_text][\/vc_column][\/vc_row][vc_row][vc_column width=&#8221;1\/3&#8243;][vc_single_image image=&#8221;13744&#8243; img_size=&#8221;medium&#8221; alignment=&#8221;center&#8221; style=&#8221;vc_box_outline&#8221; border_color=&#8221;white&#8221;][\/vc_column][vc_column width=&#8221;1\/3&#8243;][vc_single_image image=&#8221;13750&#8243; img_size=&#8221;medium&#8221; alignment=&#8221;center&#8221; style=&#8221;vc_box_outline&#8221; border_color=&#8221;white&#8221;][\/vc_column][vc_column width=&#8221;1\/3&#8243;][vc_single_image image=&#8221;13751&#8243; img_size=&#8221;medium&#8221; alignment=&#8221;center&#8221; style=&#8221;vc_box_outline&#8221; border_color=&#8221;white&#8221;][\/vc_column][\/vc_row]<\/p>\n","protected":false},"excerpt":{"rendered":"<p>[vc_row][vc_column][vc_single_image image=&#8221;13743&#8243; img_size=&#8221;medium&#8221; alignment=&#8221;center&#8221; style=&#8221;vc_box_outline&#8221; border_color=&#8221;white&#8221;][\/vc_column][\/vc_row][vc_row][vc_column][vc_images_carousel images=&#8221;13729,13734,13732,13731,13733,13735&#8243; img_size=&#8221;full&#8221; autoplay=&#8221;yes&#8221; wrap=&#8221;yes&#8221;][\/vc_column][\/vc_row][vc_row][vc_column][vc_column_text] O Erasmus+ \u00e9 um programa da Uni\u00e3o Europeia para a educa\u00e7\u00e3o, forma\u00e7\u00e3o, juventude e desporto. \u00c9 destinado a apoiar as atividades de educa\u00e7\u00e3o e de forma\u00e7\u00e3o para os jovens europeus. Pretende-se que as escolas inseridas no espa\u00e7o europeu possam trabalhar em conjunto de forma a&hellip; <br \/> <a class=\"button small blue\" href=\"https:\/\/escolasdobidos.com\/website\/projetos\/erasmus\/\">Read more<\/a><\/p>\n","protected":false},"author":13,"featured_media":0,"parent":8302,"menu_order":0,"comment_status":"closed","ping_status":"closed","template":"","meta":{"footnotes":""},"class_list":["post-10288","page","type-page","status-publish","hentry"],"_links":{"self":[{"href":"https:\/\/escolasdobidos.com\/website\/wp-json\/wp\/v2\/pages\/10288","targetHints":{"allow":["GET"]}}],"collection":[{"href":"https:\/\/escolasdobidos.com\/website\/wp-json\/wp\/v2\/pages"}],"about":[{"href":"https:\/\/escolasdobidos.com\/website\/wp-json\/wp\/v2\/types\/page"}],"author":[{"embeddable":true,"href":"https:\/\/escolasdobidos.com\/website\/wp-json\/wp\/v2\/users\/13"}],"replies":[{"embeddable":true,"href":"https:\/\/escolasdobidos.com\/website\/wp-json\/wp\/v2\/comments?post=10288"}],"version-history":[{"count":0,"href":"https:\/\/escolasdobidos.com\/website\/wp-json\/wp\/v2\/pages\/10288\/revisions"}],"up":[{"embeddable":true,"href":"https:\/\/escolasdobidos.com\/website\/wp-json\/wp\/v2\/pages\/8302"}],"wp:attachment":[{"href":"https:\/\/escolasdobidos.com\/website\/wp-json\/wp\/v2\/media?parent=10288"}],"curies":[{"name":"wp","href":"https:\/\/api.w.org\/{rel}","templated":true}]}}