{"id":10817,"date":"2018-08-28T10:52:11","date_gmt":"2018-08-28T10:52:11","guid":{"rendered":"http:\/\/escolasdobidos.com\/?page_id=10817"},"modified":"2018-08-28T11:19:49","modified_gmt":"2018-08-28T11:19:49","slug":"atelier-criativo-da-josefa","status":"publish","type":"page","link":"https:\/\/escolasdobidos.com\/website\/educacao-municipio-layout-2\/atelies-criativos\/atelier-criativo-da-josefa\/","title":{"rendered":"Atelier Criativo da Josefa"},"content":{"rendered":"<p>[vc_row][vc_column][vc_images_carousel images=&#8221;10818,10820,10819,10822,10821&#8243; img_size=&#8221;full&#8221; onclick=&#8221;link_no&#8221; speed=&#8221;2000&#8243; autoplay=&#8221;yes&#8221; wrap=&#8221;yes&#8221;][\/vc_column][\/vc_row][vc_row][vc_column][vc_column_text]<\/p>\n<p><strong><em>Tema: <\/em><\/strong>Educa\u00e7\u00e3o pela Arte em Movimento<br \/>\n<em><strong>Atelierista:\u00a0<\/strong><\/em>Elisabeth Rocha<\/p>\n<div style=\"text-align: justify;\">O Atelier da Josefa \u00e9 um espa\u00e7o que permite aos alunos experimentar, criar e explorar diferentes tipos de materiais recorrendo a pr\u00e1ticas de express\u00e3o art\u00edstica. O Atelier procura estimular o esp\u00edrito cr\u00edtico dos alunos, questionando-os e promovendo a reflex\u00e3o de uma forma individual e em grupo.\u00a0Focado no interesse do aluno, com din\u00e2micas de conhecimento transversal, possibilita a observa\u00e7\u00e3o atenta de comportamentos e necessidades da comunidade escolar.<\/div>\n<p>[\/vc_column_text][\/vc_column][\/vc_row]<\/p>\n","protected":false},"excerpt":{"rendered":"<p>[vc_row][vc_column][vc_images_carousel images=&#8221;10818,10820,10819,10822,10821&#8243; img_size=&#8221;full&#8221; onclick=&#8221;link_no&#8221; speed=&#8221;2000&#8243; autoplay=&#8221;yes&#8221; wrap=&#8221;yes&#8221;][\/vc_column][\/vc_row][vc_row][vc_column][vc_column_text] Tema: Educa\u00e7\u00e3o pela Arte em Movimento Atelierista:\u00a0Elisabeth Rocha O Atelier da Josefa \u00e9 um espa\u00e7o que permite aos alunos experimentar, criar e explorar diferentes tipos de materiais recorrendo a pr\u00e1ticas de express\u00e3o art\u00edstica. O Atelier procura estimular o esp\u00edrito cr\u00edtico dos alunos, questionando-os e promovendo a reflex\u00e3o de&hellip; <br \/> <a class=\"button small blue\" href=\"https:\/\/escolasdobidos.com\/website\/educacao-municipio-layout-2\/atelies-criativos\/atelier-criativo-da-josefa\/\">Read more<\/a><\/p>\n","protected":false},"author":13,"featured_media":0,"parent":7892,"menu_order":0,"comment_status":"closed","ping_status":"closed","template":"","meta":{"footnotes":""},"class_list":["post-10817","page","type-page","status-publish","hentry"],"_links":{"self":[{"href":"https:\/\/escolasdobidos.com\/website\/wp-json\/wp\/v2\/pages\/10817","targetHints":{"allow":["GET"]}}],"collection":[{"href":"https:\/\/escolasdobidos.com\/website\/wp-json\/wp\/v2\/pages"}],"about":[{"href":"https:\/\/escolasdobidos.com\/website\/wp-json\/wp\/v2\/types\/page"}],"author":[{"embeddable":true,"href":"https:\/\/escolasdobidos.com\/website\/wp-json\/wp\/v2\/users\/13"}],"replies":[{"embeddable":true,"href":"https:\/\/escolasdobidos.com\/website\/wp-json\/wp\/v2\/comments?post=10817"}],"version-history":[{"count":0,"href":"https:\/\/escolasdobidos.com\/website\/wp-json\/wp\/v2\/pages\/10817\/revisions"}],"up":[{"embeddable":true,"href":"https:\/\/escolasdobidos.com\/website\/wp-json\/wp\/v2\/pages\/7892"}],"wp:attachment":[{"href":"https:\/\/escolasdobidos.com\/website\/wp-json\/wp\/v2\/media?parent=10817"}],"curies":[{"name":"wp","href":"https:\/\/api.w.org\/{rel}","templated":true}]}}