{"id":10840,"date":"2018-08-28T11:41:17","date_gmt":"2018-08-28T11:41:17","guid":{"rendered":"http:\/\/escolasdobidos.com\/?page_id=10840"},"modified":"2019-10-28T14:36:22","modified_gmt":"2019-10-28T14:36:22","slug":"story-centre","status":"publish","type":"page","link":"https:\/\/escolasdobidos.com\/website\/story-centre\/","title":{"rendered":"Story Centre"},"content":{"rendered":"<p dir=\"ltr\" style=\"text-align: justify;\">Apostar na criatividade nas pequenas e m\u00e9dias cidades \u00e9 um sinal de crescimento e maturidade, de uma classe em que a inspira\u00e7\u00e3o proveniente do bem-estar \u00e9 um valor que cultivam para si e para as suas fam\u00edlias.<\/p>\n<p dir=\"ltr\" style=\"text-align: justify;\">O Munic\u00edpio de \u00d3bidos tem vindo a apostar fortemente nas pol\u00edticas locais de criatividade e inova\u00e7\u00e3o, como princ\u00edpios fundamentais para o desenvolvimento do territ\u00f3rio e da sua comunidade. Uma das mais-valias desta aposta nos pequenos centros urbanos, passa pela possibilidade de desempenharem um papel mais interventivo junto da popula\u00e7\u00e3o, at\u00e9 mesmo de a moldarem de acordo com os seus projetos ou dos adequarem com mais facilidade \u00e0 comunidade em que se inserem.<\/p>\n<p dir=\"ltr\" style=\"text-align: justify;\">A base de todo o processo \u00e9 a educa\u00e7\u00e3o, uma \u00e1rea que \u00d3bidos tem investido fortemente nos \u00faltimos anos, para garantir um papel ativo e participativo de toda a popula\u00e7\u00e3o, bem como dos diferentes setores de atividade do Concelho.<br \/>\nO Modelo Educativo que o Munic\u00edpio de \u00d3bidos defende encara a Escola atual mais do que o espa\u00e7o da sala de aula e o professor, onde os alunos s\u00e3o apenas meros ouvintes, mas sim um espa\u00e7o de partilha entre toda a comunidade e uma nova forma de encarar a realidade que nos envolve. Deste modo estamos a capacitar as nossas crian\u00e7as para realizar e criar de uma forma inovadora e contribuir para a constru\u00e7\u00e3o da sua pr\u00f3pria identidade, para deste modo criarmos um futuro com adultos mais atentos ao mundo que os rodeia.<\/p>\n<p dir=\"ltr\" style=\"text-align: justify;\">\u00d3bidos recebe anualmente cerca de 2 milh\u00f5es visitantes que atra\u00eddos pelos seus encantos percorrem ruas, becos e cal\u00e7adas, para testemunharem os mais belos espa\u00e7os desta Vila. Mas \u00d3bidos tem muito mais para oferecer, a Lagoa, o Mar, a Terra, entre muitas outras riquezas existentes. Com o objetivo de dar a conhecer a quem nos visita a identidade deste Concelho, surge o projeto \u00d3bidos Story Center, que a partir da vis\u00e3o das crian\u00e7as ir\u00e1 transmitir o que de melhor \u00d3bidos tem para mostrar.<br \/>\nEste projeto n\u00e3o se ir\u00e1 centrar s\u00f3 no que \u00d3bidos \u00e9 hoje, mas tamb\u00e9m nas suas tradi\u00e7\u00f5es, na comunidade e na sua cultura, sem esquecer a sua hist\u00f3ria e todo o percurso at\u00e9 aos nossos dias.<br \/>\n\u00d3bidos para al\u00e9m do Castelo tem uma riqueza imensa de terras, \u00e1gua e pessoas, que muitos desconhecem. Estes elementos ligam-se entre si e tornam \u00d3bidos uma cidade \u00fanica.<\/p>\n","protected":false},"excerpt":{"rendered":"<p>Apostar na criatividade nas pequenas e m\u00e9dias cidades \u00e9 um sinal de crescimento e maturidade, de uma classe em que a inspira\u00e7\u00e3o proveniente do bem-estar \u00e9 um valor que cultivam para si e para as suas fam\u00edlias. O Munic\u00edpio de \u00d3bidos tem vindo a apostar fortemente nas pol\u00edticas locais de criatividade e inova\u00e7\u00e3o, como princ\u00edpios&hellip; <br \/> <a class=\"button small blue\" href=\"https:\/\/escolasdobidos.com\/website\/story-centre\/\">Read more<\/a><\/p>\n","protected":false},"author":13,"featured_media":0,"parent":0,"menu_order":0,"comment_status":"closed","ping_status":"closed","template":"","meta":{"footnotes":""},"class_list":["post-10840","page","type-page","status-publish","hentry"],"_links":{"self":[{"href":"https:\/\/escolasdobidos.com\/website\/wp-json\/wp\/v2\/pages\/10840","targetHints":{"allow":["GET"]}}],"collection":[{"href":"https:\/\/escolasdobidos.com\/website\/wp-json\/wp\/v2\/pages"}],"about":[{"href":"https:\/\/escolasdobidos.com\/website\/wp-json\/wp\/v2\/types\/page"}],"author":[{"embeddable":true,"href":"https:\/\/escolasdobidos.com\/website\/wp-json\/wp\/v2\/users\/13"}],"replies":[{"embeddable":true,"href":"https:\/\/escolasdobidos.com\/website\/wp-json\/wp\/v2\/comments?post=10840"}],"version-history":[{"count":0,"href":"https:\/\/escolasdobidos.com\/website\/wp-json\/wp\/v2\/pages\/10840\/revisions"}],"wp:attachment":[{"href":"https:\/\/escolasdobidos.com\/website\/wp-json\/wp\/v2\/media?parent=10840"}],"curies":[{"name":"wp","href":"https:\/\/api.w.org\/{rel}","templated":true}]}}