{"id":10843,"date":"2018-08-28T11:44:50","date_gmt":"2018-08-28T11:44:50","guid":{"rendered":"http:\/\/escolasdobidos.com\/?page_id=10843"},"modified":"2021-01-18T12:31:29","modified_gmt":"2021-01-18T12:31:29","slug":"casa","status":"publish","type":"page","link":"https:\/\/escolasdobidos.com\/website\/casa\/","title":{"rendered":"CASA"},"content":{"rendered":"<p style=\"text-align: justify;\">\u00d3bidos est\u00e1 transformada numa vila liter\u00e1ria, com a abertura da grande livraria de S\u00e3o Tiago e uma rede de pequenas livrarias em diversos espa\u00e7os criativos. Este projeto ganha mais significado se todos assumirmos um compromisso de liga\u00e7\u00e3o aos complexos escolares, que foram criados como espa\u00e7os de conhecimento e de criatividade.<\/p>\n<p style=\"text-align: justify;\">O projeto CASA potencia din\u00e2micas de leitura que transformem espa\u00e7os de conhecimento e de participa\u00e7\u00e3o entre alunos, professores, pais e restante comunidade educativa. A media\u00e7\u00e3o de leitura ser\u00e1 uma prioridade com um plano de atividades diversificado e articulado com todos os intervenientes, com liga\u00e7\u00e3o \u00e0s diferentes livrarias da Vila Liter\u00e1ria, ao FOLIO (Festival Liter\u00e1rio Internacional de \u00d3bidos) e \u00e0 estrat\u00e9gia internacional que lan\u00e7amos para a educa\u00e7\u00e3o, com diversos parceiros. Ao assumirmos que os espa\u00e7os educativos ultrapassam os limites do edif\u00edcio \u201cescola\u201d, identificamos diversos centros de conhecimento que pertencem ao mesmo territ\u00f3rio, segurando a cria\u00e7\u00e3o de uma identidade educativa e comunit\u00e1ria.<\/p>\n","protected":false},"excerpt":{"rendered":"<p>\u00d3bidos est\u00e1 transformada numa vila liter\u00e1ria, com a abertura da grande livraria de S\u00e3o Tiago e uma rede de pequenas livrarias em diversos espa\u00e7os criativos. Este projeto ganha mais significado se todos assumirmos um compromisso de liga\u00e7\u00e3o aos complexos escolares, que foram criados como espa\u00e7os de conhecimento e de criatividade. O projeto CASA potencia din\u00e2micas&hellip; <br \/> <a class=\"button small blue\" href=\"https:\/\/escolasdobidos.com\/website\/casa\/\">Read more<\/a><\/p>\n","protected":false},"author":13,"featured_media":0,"parent":0,"menu_order":0,"comment_status":"closed","ping_status":"closed","template":"","meta":{"footnotes":""},"class_list":["post-10843","page","type-page","status-publish","hentry"],"_links":{"self":[{"href":"https:\/\/escolasdobidos.com\/website\/wp-json\/wp\/v2\/pages\/10843","targetHints":{"allow":["GET"]}}],"collection":[{"href":"https:\/\/escolasdobidos.com\/website\/wp-json\/wp\/v2\/pages"}],"about":[{"href":"https:\/\/escolasdobidos.com\/website\/wp-json\/wp\/v2\/types\/page"}],"author":[{"embeddable":true,"href":"https:\/\/escolasdobidos.com\/website\/wp-json\/wp\/v2\/users\/13"}],"replies":[{"embeddable":true,"href":"https:\/\/escolasdobidos.com\/website\/wp-json\/wp\/v2\/comments?post=10843"}],"version-history":[{"count":0,"href":"https:\/\/escolasdobidos.com\/website\/wp-json\/wp\/v2\/pages\/10843\/revisions"}],"wp:attachment":[{"href":"https:\/\/escolasdobidos.com\/website\/wp-json\/wp\/v2\/media?parent=10843"}],"curies":[{"name":"wp","href":"https:\/\/api.w.org\/{rel}","templated":true}]}}