{"id":13052,"date":"2020-07-21T09:41:13","date_gmt":"2020-07-21T09:41:13","guid":{"rendered":"https:\/\/escolasdobidos.com\/?page_id=13052"},"modified":"2020-07-21T11:24:53","modified_gmt":"2020-07-21T11:24:53","slug":"bibliotecas","status":"publish","type":"page","link":"https:\/\/escolasdobidos.com\/website\/bibliotecas\/","title":{"rendered":"Bibliotecas"},"content":{"rendered":"<p>Bibliotecas Escolares do Agrupamento de Escolas Josefa de \u00d3bidos<br \/>\nBibliotecas Escolares Miss\u00e3o e pol\u00edtica:<br \/>\nAs bibliotecas escolares procuram desenvolver nos estudantes compet\u00eancias para a aprendizagem ao longo da vida, privilegiando a\u00a0informa\u00e7\u00e3o, a criatividade e o sentido cr\u00edtico, permitindo-lhes tornarem-se cidad\u00e3os respons\u00e1veis. Preconizam um\u00a0ensino-aprendizagem para todos e nesse sentido instituem-se como uma refer\u00eancia dos valores democr\u00e1ticos.<br \/>\nAs bibliotecas escolares observam todos os documentos e legisla\u00e7\u00e3o emitida pelo ME, RBE e dire\u00e7\u00e3o do Agrupamento, com especial incid\u00eancia no PAA (Plano de Atividades do Agrupamento, MABE (Modelo de Avalia\u00e7\u00e3o das Bibliotecas Escolares), Referencial Aprender com a Biblioteca Escolar, Quadro Estrat\u00e9gico 2014-2020 e Perfil dos alunos \u00e0 sa\u00edda da escolaridade obrigat\u00f3ria.<br \/>\nPela designa\u00e7\u00e3o bibliotecas escolares do Agrupamento entende-se a biblioteca escolar da escola b\u00e1sica e secund\u00e1ria Josefa de \u00d3bidos, biblioteca escolar da escola b\u00e1sica de \u00d3bidos, biblioteca escolar da escola b\u00e1sica do Alvito e biblioteca escolar da escola b\u00e1sica do Furadouro. As bibliotecas escolares possuem um regimento pr\u00f3prio.<\/p>\n<p><strong>Endere\u00e7o site<\/strong> <a href=\"https:\/\/becrejosefa.wixsite.com\/aejo\" target=\"_blank\" rel=\"noopener noreferrer\">https:\/\/becrejosefa.wixsite.com\/aejo<\/a><\/p>\n<p><strong>Facebook<\/strong> <a href=\"https:\/\/www.facebook.com\/Bibliotecas-Escolares-do-Agrupamento-Josefa-de-%C3%93bidos-750484378367801\/?eid=ARASc1Yb82YewuJuGDDp-UrMWqG5pClUINOgui4nuS4qZTxY1aVSgG0HEGD3NXzsIuYjOymezsvcjI0q\" target=\"_blank\" rel=\"noopener noreferrer\">Bibliotecas Escolares do Agrupamento Josefa de \u00d3bidos<\/a><\/p>\n<p><strong>Instagram<\/strong> <a href=\"https:\/\/www.instagram.com\/be_josefadeobidos\/\" target=\"_blank\" rel=\"noopener noreferrer\">https:\/\/www.instagram.com\/be_josefadeobidos\/<\/a><\/p>\n<p>Localiza\u00e7\u00e3o dos projetos para o qual a biblioteca escolar da escola b\u00e1sica e secund\u00e1ria Josefa<br \/>\nde \u00d3bidos foi selecionada:<br \/>\n<a href=\"http:\/\/www.pnl2027.gov.pt\/np4\/lermaismar5edi%C3%A7%C3%A3o.html\" target=\"_blank\" rel=\"noopener noreferrer\">http:\/\/www.pnl2027.gov.pt\/np4\/lermaismar5edi%C3%A7%C3%A3o.html<\/a><br \/>\n<a href=\"http:\/\/pnl2027.gov.pt\/np4\/movimento14-20_a_Ler.html?subpag=projetos2019\" target=\"_blank\" rel=\"noopener noreferrer\">http:\/\/pnl2027.gov.pt\/np4\/movimento14-20_a_Ler.html?subpag=projetos2019<\/a><\/p>\n<p><strong>Parcerias\/interconcelhio<\/strong><\/p>\n<p><strong>Batalha de Leitura | Poesia:<\/strong> <a href=\"https:\/\/anchor.fm\/bibliotecasescolares\" target=\"_blank\" rel=\"noopener noreferrer\">https:\/\/anchor.fm\/bibliotecasescolares<\/a><\/p>\n<p><strong>V\u00eddeos<\/strong><\/p>\n<p><strong>Projeto Torrente &#8211; Ler+Mar PNL<\/strong><br \/>\nManifesto da Lagoa<br \/>\n<a href=\"https:\/\/www.youtube.com\/watch?v=oNsRkA6os-w\" target=\"_blank\" rel=\"noopener noreferrer\">https:\/\/www.youtube.com\/watch?v=oNsRkA6os-w<\/a><\/p>\n<p><strong>Projeto Ler \u00d3bidos<\/strong><br \/>\nCurta metragem adapta\u00e7\u00e3o do Auto da Barca do Inferno<br \/>\n<a href=\"https:\/\/www.youtube.com\/watch?v=w7_W3JPAHwU\" target=\"_blank\" rel=\"noopener noreferrer\">https:\/\/www.youtube.com\/watch?v=w7_W3JPAHwU<\/a><\/p>\n","protected":false},"excerpt":{"rendered":"<p>Bibliotecas Escolares do Agrupamento de Escolas Josefa de \u00d3bidos Bibliotecas Escolares Miss\u00e3o e pol\u00edtica: As bibliotecas escolares procuram desenvolver nos estudantes compet\u00eancias para a aprendizagem ao longo da vida, privilegiando a\u00a0informa\u00e7\u00e3o, a criatividade e o sentido cr\u00edtico, permitindo-lhes tornarem-se cidad\u00e3os respons\u00e1veis. Preconizam um\u00a0ensino-aprendizagem para todos e nesse sentido instituem-se como uma refer\u00eancia dos valores democr\u00e1ticos.&hellip; <br \/> <a class=\"button small blue\" href=\"https:\/\/escolasdobidos.com\/website\/bibliotecas\/\">Read more<\/a><\/p>\n","protected":false},"author":13,"featured_media":0,"parent":0,"menu_order":0,"comment_status":"closed","ping_status":"closed","template":"","meta":{"footnotes":""},"class_list":["post-13052","page","type-page","status-publish","hentry"],"_links":{"self":[{"href":"https:\/\/escolasdobidos.com\/website\/wp-json\/wp\/v2\/pages\/13052","targetHints":{"allow":["GET"]}}],"collection":[{"href":"https:\/\/escolasdobidos.com\/website\/wp-json\/wp\/v2\/pages"}],"about":[{"href":"https:\/\/escolasdobidos.com\/website\/wp-json\/wp\/v2\/types\/page"}],"author":[{"embeddable":true,"href":"https:\/\/escolasdobidos.com\/website\/wp-json\/wp\/v2\/users\/13"}],"replies":[{"embeddable":true,"href":"https:\/\/escolasdobidos.com\/website\/wp-json\/wp\/v2\/comments?post=13052"}],"version-history":[{"count":0,"href":"https:\/\/escolasdobidos.com\/website\/wp-json\/wp\/v2\/pages\/13052\/revisions"}],"wp:attachment":[{"href":"https:\/\/escolasdobidos.com\/website\/wp-json\/wp\/v2\/media?parent=13052"}],"curies":[{"name":"wp","href":"https:\/\/api.w.org\/{rel}","templated":true}]}}