{"id":13060,"date":"2020-07-21T11:04:05","date_gmt":"2020-07-21T11:04:05","guid":{"rendered":"https:\/\/escolasdobidos.com\/?page_id=13060"},"modified":"2020-07-21T11:26:21","modified_gmt":"2020-07-21T11:26:21","slug":"semana-da-leitura","status":"publish","type":"page","link":"https:\/\/escolasdobidos.com\/website\/bibliotecas\/semana-da-leitura\/","title":{"rendered":"Semana da Leitura"},"content":{"rendered":"<p>Ficheiros para download:<br \/>\n&#8211; <a href=\"http:\/\/www.escolasdobidos.com\/download\/2020\/bibliotecas\/cartazSL2020.pdf\" target=\"_blank\" rel=\"noopener noreferrer\">Cartaz Semana da Leitura (9-13 Mar\u00e7o)<\/a><br \/>\n&#8211; <a href=\"http:\/\/www.escolasdobidos.com\/download\/2020\/bibliotecas\/semana_da_leitura.pdf\" target=\"_blank\" rel=\"noopener noreferrer\">Semana da Leitura (11-15 Mar\u00e7o)<\/a><br \/>\n&#8211; <a href=\"http:\/\/www.escolasdobidos.com\/download\/2020\/bibliotecas\/cartazSL2019.pdf\" target=\"_blank\" rel=\"noopener noreferrer\">Cartaz Semana da Leitura (11-15 Mar\u00e7o)<\/a><br \/>\n&#8211; <a href=\"http:\/\/www.escolasdobidos.com\/download\/2020\/bibliotecas\/cartaz_SL_17_18.pdf\" target=\"_blank\" rel=\"noopener noreferrer\">Semana da Leitura (27-30 Mar\u00e7o)<\/a><\/p>\n","protected":false},"excerpt":{"rendered":"<p>Ficheiros para download: &#8211; Cartaz Semana da Leitura (9-13 Mar\u00e7o) &#8211; Semana da Leitura (11-15 Mar\u00e7o) &#8211; Cartaz Semana da Leitura (11-15 Mar\u00e7o) &#8211; Semana da Leitura (27-30 Mar\u00e7o)<\/p>\n","protected":false},"author":13,"featured_media":0,"parent":13052,"menu_order":0,"comment_status":"closed","ping_status":"closed","template":"","meta":{"footnotes":""},"class_list":["post-13060","page","type-page","status-publish","hentry"],"_links":{"self":[{"href":"https:\/\/escolasdobidos.com\/website\/wp-json\/wp\/v2\/pages\/13060","targetHints":{"allow":["GET"]}}],"collection":[{"href":"https:\/\/escolasdobidos.com\/website\/wp-json\/wp\/v2\/pages"}],"about":[{"href":"https:\/\/escolasdobidos.com\/website\/wp-json\/wp\/v2\/types\/page"}],"author":[{"embeddable":true,"href":"https:\/\/escolasdobidos.com\/website\/wp-json\/wp\/v2\/users\/13"}],"replies":[{"embeddable":true,"href":"https:\/\/escolasdobidos.com\/website\/wp-json\/wp\/v2\/comments?post=13060"}],"version-history":[{"count":0,"href":"https:\/\/escolasdobidos.com\/website\/wp-json\/wp\/v2\/pages\/13060\/revisions"}],"up":[{"embeddable":true,"href":"https:\/\/escolasdobidos.com\/website\/wp-json\/wp\/v2\/pages\/13052"}],"wp:attachment":[{"href":"https:\/\/escolasdobidos.com\/website\/wp-json\/wp\/v2\/media?parent=13060"}],"curies":[{"name":"wp","href":"https:\/\/api.w.org\/{rel}","templated":true}]}}