{"id":15380,"date":"2023-05-05T15:58:08","date_gmt":"2023-05-05T15:58:08","guid":{"rendered":"https:\/\/escolasdobidos.com\/?page_id=15380"},"modified":"2026-04-02T09:16:19","modified_gmt":"2026-04-02T09:16:19","slug":"contratacao-de-escola-3-2","status":"publish","type":"page","link":"https:\/\/escolasdobidos.com\/website\/contratacao-de-escola-3-2\/","title":{"rendered":"Contrata\u00e7\u00e3o de Escola"},"content":{"rendered":"\t\t<div data-elementor-type=\"wp-page\" data-elementor-id=\"15380\" class=\"elementor elementor-15380\" data-elementor-settings=\"{&quot;ha_cmc_init_switcher&quot;:&quot;no&quot;}\" data-elementor-post-type=\"page\">\n\t\t\t\t\t\t<section class=\"elementor-section elementor-top-section elementor-element elementor-element-485c16f elementor-section-boxed elementor-section-height-default elementor-section-height-default\" data-id=\"485c16f\" data-element_type=\"section\" data-e-type=\"section\" data-settings=\"{&quot;_ha_eqh_enable&quot;:false}\">\n\t\t\t\t\t\t<div class=\"elementor-container elementor-column-gap-default\">\n\t\t\t\t\t<div class=\"elementor-column elementor-col-100 elementor-top-column elementor-element elementor-element-2d9d216f\" data-id=\"2d9d216f\" data-element_type=\"column\" data-e-type=\"column\">\n\t\t\t<div class=\"elementor-widget-wrap elementor-element-populated\">\n\t\t\t\t\t\t<div class=\"elementor-element elementor-element-15215b71 elementor-widget elementor-widget-text-editor\" data-id=\"15215b71\" data-element_type=\"widget\" data-e-type=\"widget\" data-widget_type=\"text-editor.default\">\n\t\t\t\t<div class=\"elementor-widget-container\">\n\t\t\t\t\t\t\t\t\t<p><strong>Grupo de Recrutamento<\/strong><\/p><p><a href=\"https:\/\/escolasdobidos.com\/website\/wp-content\/uploads\/2026\/04\/Aviso-de-Abertura-Horario-62-GR-110-25-h.pdf\" target=\"_blank\" rel=\"noopener\">Aviso de Abertura &#8211; hor\u00e1rio 62 &#8211; 110<\/a><\/p><p><a href=\"https:\/\/escolasdobidos.com\/website\/wp-content\/uploads\/2026\/03\/Aviso-de-Abertura-Horario-56-GR-110-25-h.pdf\" target=\"_blank\" rel=\"noopener\">Aviso de Abertura &#8211; hor\u00e1rio 56 &#8211; 110<\/a><\/p><p><a href=\"https:\/\/escolasdobidos.com\/website\/wp-content\/uploads\/2026\/01\/Aviso-de-Abertura-Horario-47-GR-550-14-h.pdf\" target=\"_blank\" rel=\"noopener\">Aviso de Abertura &#8211; hor\u00e1rio 47 &#8211; 550<\/a><\/p><p><a href=\"https:\/\/escolasdobidos.com\/website\/wp-content\/uploads\/2025\/11\/Aviso-de-Abertura-Horario-37-GR-910-22-h.pdf\" target=\"_blank\" rel=\"noopener\">Aviso de Abertura &#8211; hor\u00e1rio 37 &#8211; 910<\/a><\/p><p><a href=\"https:\/\/escolasdobidos.com\/website\/wp-content\/uploads\/2025\/09\/Aviso-de-Abertura-Horario-20-GR-300-18-h.pdf\">Aviso de Abertura &#8211; hor\u00e1rio 20 &#8211; 300<\/a><\/p><p><a href=\"https:\/\/escolasdobidos.com\/website\/wp-content\/uploads\/2025\/09\/Aviso-de-Abertura-Horario-22-GR-550-22-h.pdf\">Aviso de Abertura &#8211; hor\u00e1rio 22 &#8211; 550<\/a><\/p><p><a href=\"https:\/\/escolasdobidos.com\/website\/wp-content\/uploads\/2025\/09\/Aviso-de-Abertura-Horario-23-GR-110-25-h.pdf\">Aviso de Abertura &#8211; hor\u00e1rio 23 &#8211; 110<\/a><\/p><p><a href=\"https:\/\/escolasdobidos.com\/website\/wp-content\/uploads\/2026\/03\/Lista-ordenada-Horario-61-GR-230.png\">Lista ordenada &#8211; hora\u0301rio 61 &#8211; 230<\/a><\/p><p><a href=\"https:\/\/escolasdobidos.com\/website\/wp-content\/uploads\/2026\/02\/Horario-49-GR-200-CE.pdf\">Lista ordenada &#8211; hora\u0301rio 49 &#8211; 200<\/a><\/p><p><a href=\"https:\/\/escolasdobidos.com\/website\/wp-content\/uploads\/2026\/01\/Horario-46.pdf\">Lista ordenada &#8211; hora\u0301rio 46 &#8211; 230<\/a><\/p><p><a href=\"https:\/\/escolasdobidos.com\/website\/wp-content\/uploads\/2026\/01\/Lista-ordenada-Horario-45-CE-GR-420.pdf\">Lista ordenada &#8211; hora\u0301rio 45 &#8211; 420<\/a><\/p><p><a href=\"https:\/\/escolasdobidos.com\/website\/wp-content\/uploads\/2025\/09\/Lista-ordenada-GR-550-horario-10.pdf\">Lista ordenada &#8211; hora\u0301rio 10 &#8211; 550<\/a><\/p><p><a href=\"https:\/\/escolasdobidos.com\/website\/wp-content\/uploads\/2025\/09\/Lista-ordenada-GR-600-horario-5.pdf\">Lista ordenada &#8211; hora\u0301rio 5 &#8211; 600<\/a><\/p><p><a href=\"https:\/\/escolasdobidos.com\/website\/wp-content\/uploads\/2025\/09\/Lista-ordenada-Gr-520-horario-11.pdf\">Lista ordenada &#8211; hora\u0301rio 11 &#8211; 520<\/a><\/p><p><a href=\"https:\/\/escolasdobidos.com\/website\/wp-content\/uploads\/2025\/09\/Lista-ordenada-GR-510-horario-6.pdf\">Lista ordenada &#8211; hora\u0301rio 6 &#8211; 510<\/a><\/p><p><a href=\"https:\/\/escolasdobidos.com\/website\/wp-content\/uploads\/2025\/09\/Lista-ordenada-GR-220-horario-19.pdf\">Lista ordenada &#8211; hora\u0301rio 19 &#8211; 220<\/a><\/p><p><a href=\"https:\/\/escolasdobidos.com\/website\/wp-content\/uploads\/2025\/09\/Lista-ordenada-Gr-120-Horario-12.pdf\">Lista ordenada &#8211; hora\u0301rio 12 &#8211; 120<\/a><\/p><p><a href=\"https:\/\/escolasdobidos.com\/website\/wp-content\/uploads\/2025\/09\/Lista-ordenada-GR-110-Horario-9.pdf\">Lista ordenada &#8211; hora\u0301rio 9 &#8211; 110<\/a><\/p><p><a href=\"https:\/\/escolasdobidos.com\/website\/wp-content\/uploads\/2025\/09\/Lista-ordenada-Horario-16-GR-520-4-horas.pdf\">Lista ordenada &#8211; hora\u0301rio 16 &#8211; 520<\/a><\/p><p><a href=\"https:\/\/escolasdobidos.com\/website\/wp-content\/uploads\/2025\/09\/Aviso-de-Abertura-Horario-19-GR-220-14-h.pdf\">Aviso de Abertura &#8211; hor\u00e1rio 19 &#8211; 220<\/a><\/p><p><a href=\"https:\/\/escolasdobidos.com\/website\/wp-content\/uploads\/2025\/09\/Aviso-de-Abertura-Horario-12-GR-120-8-h-anual.pdf\">Aviso de Abertura &#8211; hor\u00e1rio 12 &#8211; 120<\/a><\/p><p><a href=\"https:\/\/escolasdobidos.com\/website\/wp-content\/uploads\/2025\/09\/Aviso-de-Abertura-Horario-11-GR-520-21-h.pdf\">Aviso de Abertura &#8211; hor\u00e1rio 11 &#8211; 520<\/a><\/p><p><a href=\"https:\/\/escolasdobidos.com\/website\/wp-content\/uploads\/2025\/09\/Aviso-de-Abertura-Horario-10-GR-550-14-h.pdf\">Aviso de Abertura &#8211; hor\u00e1rio 10 &#8211; 550<\/a><\/p><p><a href=\"https:\/\/escolasdobidos.com\/website\/wp-content\/uploads\/2025\/09\/Aviso-de-Abertura-Horario-9-GR-110-25-h.pdf\">Aviso de Abertura &#8211; hor\u00e1rio 9 &#8211; 110<\/a><\/p><p><a href=\"https:\/\/escolasdobidos.com\/website\/wp-content\/uploads\/2025\/09\/Aviso-de-Abertura-Horario-6-GR-510-15-h.pdf\">Aviso de Abertura &#8211; hor\u00e1rio 6 &#8211; 510<\/a><\/p><p><a href=\"https:\/\/escolasdobidos.com\/website\/wp-content\/uploads\/2025\/09\/Aviso-de-Abertura-Horario-5-GR-600-9-h-Anual.pdf\">Aviso de Abertura &#8211; hor\u00e1rio 5 &#8211; 600<\/a><\/p><p><a href=\"https:\/\/escolasdobidos.com\/website\/wp-content\/uploads\/2025\/09\/Lista-ordenada-horario-4-GR-430-6-horas.pdf\">Lista ordenada &#8211; hora\u0301rio 4 &#8211; 430<\/a><\/p><p><a href=\"https:\/\/escolasdobidos.com\/website\/wp-content\/uploads\/2025\/09\/Lista-ordenada-horario-2-GR-550-18-horas.pdf\">Lista ordenada &#8211; hora\u0301rio 2 &#8211; 550<\/a><\/p><p><a href=\"https:\/\/escolasdobidos.com\/website\/wp-content\/uploads\/2025\/09\/Lista-ordenada-Horario-1-Contratacao-Escola-GR-400-18-horas.pdf\">Lista ordenada &#8211; hora\u0301rio 1 &#8211; 400<\/a><\/p><p><a href=\"https:\/\/escolasdobidos.com\/website\/wp-content\/uploads\/2025\/09\/Aviso-de-Abertura-Horario-4-GR-430-6-h.pdf\">Aviso de Abertura &#8211; hor\u00e1rio 4 &#8211; 430<\/a><\/p><p><a href=\"https:\/\/escolasdobidos.com\/website\/wp-content\/uploads\/2025\/09\/Aviso-de-Abertura-Horario-2-GR-550-18-h.pdf\">Aviso de Abertura &#8211; hor\u00e1rio 2 &#8211;\u00a0550<\/a><\/p><p><a href=\"https:\/\/escolasdobidos.com\/website\/wp-content\/uploads\/2025\/09\/Aviso-de-Abertura-Horario-1-GR-400-18-h.pdf\" target=\"_blank\" rel=\"noopener\">Aviso de Abertura &#8211; hor\u00e1rio 1 &#8211; 400<\/a><\/p><p><a href=\"https:\/\/escolasdobidos.com\/website\/wp-content\/uploads\/2025\/05\/Contratacao-Escola-Horario-58-GR-220-7-h-Aviso-Abertura.pdf\" target=\"_blank\" rel=\"noopener\">Aviso de Abertura &#8211; hor\u00e1rio 58 &#8211; 220<\/a><\/p><p><a href=\"https:\/\/escolasdobidos.com\/website\/wp-content\/uploads\/2025\/05\/Contratacao-Escola-Horario-57-GR-250-7-h-Aviso-Abertura-1.pdf\" target=\"_blank\" rel=\"noopener\">Aviso de Abertura &#8211; hor\u00e1rio 57 &#8211; 250<\/a><\/p><p><a href=\"https:\/\/escolasdobidos.com\/website\/wp-content\/uploads\/2025\/05\/Contratacao-Escola-Horario-56-GR-910-7-h-Aviso-Abertura.pdf\" target=\"_blank\" rel=\"noopener\">Aviso de Abertura &#8211; hor\u00e1rio 56 &#8211; 910<\/a><\/p><p><a href=\"https:\/\/escolasdobidos.com\/website\/wp-content\/uploads\/2025\/04\/Contratacao-Escola-Horario-51-GR-110-25-h-Aviso-Abertura.pdf\" target=\"_blank\" rel=\"noopener\">Aviso de Abertura &#8211; hor\u00e1rio 51 &#8211; 110<\/a><\/p><p><a href=\"https:\/\/escolasdobidos.com\/website\/wp-content\/uploads\/2024\/12\/Horario-37-CE-GR-240.png\">Lista ordenada- hor\u00e1rio 37 -240<\/a><\/p><p><a href=\"https:\/\/escolasdobidos.com\/website\/wp-content\/uploads\/2024\/09\/Contratacao-Escola-Horario-23-GR-230-14-h-Aviso-Abertura.pdf\">Aviso de abertura &#8211; hor\u00e1rio 23 &#8211; 230<\/a><\/p><p><a href=\"https:\/\/escolasdobidos.com\/website\/wp-content\/uploads\/2024\/09\/Lista-ordenada-CE-Horario-23-Gr-230-14-horas.png\">Lista ordenada- hor\u00e1rio 23 -230<\/a><\/p><p><a href=\"https:\/\/escolasdobidos.com\/website\/wp-content\/uploads\/2024\/09\/Contratacao-Escola-Horario-19-GR-230-9-h-Aviso-Abertura.pdf\">Aviso de abertura &#8211; hor\u00e1rio 19- 230<\/a><\/p><p><a href=\"https:\/\/escolasdobidos.com\/website\/wp-content\/uploads\/2024\/09\/Lista-ordenada-CE-Horario-19-GR-230-9-horas.png\">Lista ordenada &#8211; hor\u00e1rio 19- 230<\/a><\/p><p><a href=\"https:\/\/escolasdobidos.com\/website\/wp-content\/uploads\/2024\/09\/Contratacao-Escola-Horario-22-GR-290-12-h-Aviso-Abertura.pdf\">Aviso de abertura &#8211; hor\u00e1rio 26- 550<\/a><\/p><p><a href=\"https:\/\/escolasdobidos.com\/website\/wp-content\/uploads\/2024\/09\/Lista-ordenada-CE-horario-26-GR-550-18-horas.png\">Lista ordenada &#8211; hor\u00e1rio 26 -550<\/a><\/p><p><a href=\"https:\/\/escolasdobidos.com\/website\/wp-content\/uploads\/2024\/09\/Contratacao-Escola-Horario-27-GR-220-12-h-PLA-Aviso-Abertura.pdf\">Aviso de abertura &#8211; hor\u00e1rio 27- 220<\/a><\/p><p><a href=\"https:\/\/escolasdobidos.com\/website\/wp-content\/uploads\/2024\/09\/Lista-ordenada-CE-Horario-27-GR-220-12-horas.png\">Lista ordenada &#8211; hor\u00e1rio 27 &#8211; 220<\/a><\/p><p><a href=\"https:\/\/escolasdobidos.com\/website\/wp-content\/uploads\/2024\/09\/Contratacao-Escola-Horario-12-GR-300-20-h-Aviso-Abertura.pdf\">Aviso de abertura hor\u00e1rio 12 &#8211; 300 <\/a><\/p><p><a href=\"https:\/\/escolasdobidos.com\/website\/wp-content\/uploads\/2024\/09\/Horario-12-CE-GR-300-20-horas.png\">Lista de ordena\u00e7\u00e3o- hor\u00e1rio 12- 300<\/a><\/p><p><a href=\"https:\/\/escolasdobidos.com\/website\/wp-content\/uploads\/2024\/09\/Contratacao-Escola-Horario-14-GR-510-21-h-Aviso-Abertura.pdf\">Aviso de abertura hor\u00e1rio 14 &#8211; 510<\/a><\/p><p><a href=\"https:\/\/escolasdobidos.com\/website\/wp-content\/uploads\/2024\/09\/Horario-14-GR-510-Lista-ordenada.png\">Lista de ordena\u00e7\u00e3o &#8211; hor\u00e1rio 14- 510<\/a><\/p><hr \/>\t\t\t\t\t\t\t\t<\/div>\n\t\t\t\t<\/div>\n\t\t\t\t<div class=\"elementor-element elementor-element-e5902ef elementor-widget elementor-widget-text-editor\" data-id=\"e5902ef\" data-element_type=\"widget\" data-e-type=\"widget\" data-widget_type=\"text-editor.default\">\n\t\t\t\t<div class=\"elementor-widget-container\">\n\t\t\t\t\t\t\t\t\t<p><b>T\u00e9cnicos<\/b><strong> Especializados<\/strong><\/p><p><a href=\"https:\/\/escolasdobidos.com\/website\/wp-content\/uploads\/2025\/09\/SKM_C30825091615200.pdf\" target=\"_blank\" rel=\"noopener\">Lista Ordenada &#8211; Hora\u0301rio 17 Mediador Lingui\u0301stico &#8211; 18h<\/a><\/p><p><a href=\"https:\/\/escolasdobidos.com\/website\/wp-content\/uploads\/2025\/09\/SKM_C30825091016350.pdf\">Lista de candidatos admitidos a entrevista &#8211; Hora\u0301rio 17 Mediador Lingui\u0301stico &#8211; 18h<\/a><\/p><p><a href=\"https:\/\/escolasdobidos.com\/website\/wp-content\/uploads\/2025\/09\/SKM_C30825090910560.pdf\" target=\"_blank\" rel=\"noopener\">Lista de ordena\u00e7\u00e3o de candidatos ao<\/a> <a href=\"https:\/\/escolasdobidos.com\/website\/wp-content\/uploads\/2025\/09\/SKM_C30825090910560.pdf\" target=\"_blank\" rel=\"noopener\">Hora\u0301rio 3 &#8211; Te\u0301cnico especializado para formac\u0327a\u0303o &#8211; 14h<\/a><\/p><p><a href=\"https:\/\/escolasdobidos.com\/website\/wp-content\/uploads\/2025\/09\/Aviso-de-Abertura-Horario-17-Mediador-Linguistico-18h-Aviso-Abertura.pdf\">Aviso de Abertura Hora\u0301rio 17 Mediador Lingui\u0301stico &#8211; 18h<\/a><\/p><p><a href=\"https:\/\/escolasdobidos.com\/website\/wp-content\/uploads\/2025\/09\/Aviso-de-Abertura-Horario-3-Tecnico-especializado-para-formacao-14h.pdf\">Aviso de Abertura Hora\u0301rio 3 &#8211; Te\u0301cnico especializado para formac\u0327a\u0303o &#8211; 14h<\/a><\/p><p><a href=\"https:\/\/escolasdobidos.com\/website\/wp-content\/uploads\/2025\/03\/CAEntrevista_H49.pdf\" target=\"_blank\" rel=\"noopener\">Lista de Candidatos Admitidos a Entrevista- Hor\u00e1rio 49\u00a0 \u2013 Mediador Lingu\u00edstico (18h)<\/a><\/p><p><a href=\"https:\/\/escolasdobidos.com\/website\/wp-content\/uploads\/2025\/03\/Horario-49-Mediador-Linguistico.png\" target=\"_blank\" rel=\"noopener\">Lista Ordenada- Hor\u00e1rio 49 \u2013 Mediador Lingu\u00edstico (18h)<\/a><\/p><p><a href=\"https:\/\/escolasdobidos.com\/website\/wp-content\/uploads\/2025\/02\/Contratacao-Escola-Horario-49-Mediador-Linguistico-18h-Aviso-Abertura.pdf\" target=\"_blank\" rel=\"noopener\">Aviso Abertura &#8211; Hor\u00e1rio 49 &#8211; Mediador Lingu\u00edstico (18h)<\/a><\/p><p><a href=\"https:\/\/escolasdobidos.com\/website\/wp-content\/uploads\/2025\/02\/Mediador-linguistico-Lista-final-de-selecao-dos-candidatos.pdf\">Lista final de sele\u00e7\u00e3o dos candidatos &#8211;<\/a>\u00a0<a href=\"https:\/\/escolasdobidos.com\/website\/wp-content\/uploads\/2025\/02\/Mediador-linguistico-Lista-final-de-selecao-dos-candidatos.pdf\" target=\"_blank\" rel=\"noopener\">Hor\u00e1rio 46 &#8211; Mediador Lingu\u00edstico<\/a><\/p><p><a href=\"https:\/\/escolasdobidos.com\/website\/wp-content\/uploads\/2025\/02\/Concurso-Mediador-Linguistico-Entrevista-Selecao.pdf\" target=\"_blank\" rel=\"noopener\">Lista de Candidatos admitidos a Entrevista <\/a><a href=\"https:\/\/escolasdobidos.com\/website\/wp-content\/uploads\/2025\/02\/Concurso-Mediador-Linguistico-Entrevista-Selecao.pdf\" target=\"_blank\" rel=\"noopener\">&#8211; Hor\u00e1rio 46 &#8211; Mediador Lingu\u00edstico<\/a><\/p><p><a href=\"https:\/\/escolasdobidos.com\/website\/wp-content\/uploads\/2025\/02\/Horario-46-Mediador-Linguistico.png\" target=\"_blank\" rel=\"noopener\">Lista ordenada- hor\u00e1rio 46 &#8211; Mediador Lingu\u00edstico<\/a><\/p><hr \/>\t\t\t\t\t\t\t\t<\/div>\n\t\t\t\t<\/div>\n\t\t\t\t<div class=\"elementor-element elementor-element-01882ee elementor-widget elementor-widget-text-editor\" data-id=\"01882ee\" data-element_type=\"widget\" data-e-type=\"widget\" data-widget_type=\"text-editor.default\">\n\t\t\t\t<div class=\"elementor-widget-container\">\n\t\t\t\t\t\t\t\t\t<p><strong>AEC &#8211; Atividades de Enriquecimento Curricular<\/strong><\/p>\t\t\t\t\t\t\t\t<\/div>\n\t\t\t\t<\/div>\n\t\t\t\t\t<\/div>\n\t\t<\/div>\n\t\t\t\t\t<\/div>\n\t\t<\/section>\n\t\t\t\t<\/div>\n\t\t","protected":false},"excerpt":{"rendered":"<p>Grupo de Recrutamento Aviso de Abertura &#8211; hor\u00e1rio 62 &#8211; 110 Aviso de Abertura &#8211; hor\u00e1rio 56 &#8211; 110 Aviso de Abertura &#8211; hor\u00e1rio 47 &#8211; 550 Aviso de Abertura &#8211; hor\u00e1rio 37 &#8211; 910 Aviso de Abertura &#8211; hor\u00e1rio 20 &#8211; 300 Aviso de Abertura &#8211; hor\u00e1rio 22 &#8211; 550 Aviso de Abertura &#8211;&hellip; <br \/> <a class=\"button small blue\" href=\"https:\/\/escolasdobidos.com\/website\/contratacao-de-escola-3-2\/\">Read more<\/a><\/p>\n","protected":false},"author":13,"featured_media":0,"parent":0,"menu_order":0,"comment_status":"closed","ping_status":"closed","template":"","meta":{"footnotes":""},"class_list":["post-15380","page","type-page","status-publish","hentry"],"_links":{"self":[{"href":"https:\/\/escolasdobidos.com\/website\/wp-json\/wp\/v2\/pages\/15380","targetHints":{"allow":["GET"]}}],"collection":[{"href":"https:\/\/escolasdobidos.com\/website\/wp-json\/wp\/v2\/pages"}],"about":[{"href":"https:\/\/escolasdobidos.com\/website\/wp-json\/wp\/v2\/types\/page"}],"author":[{"embeddable":true,"href":"https:\/\/escolasdobidos.com\/website\/wp-json\/wp\/v2\/users\/13"}],"replies":[{"embeddable":true,"href":"https:\/\/escolasdobidos.com\/website\/wp-json\/wp\/v2\/comments?post=15380"}],"version-history":[{"count":45,"href":"https:\/\/escolasdobidos.com\/website\/wp-json\/wp\/v2\/pages\/15380\/revisions"}],"predecessor-version":[{"id":18906,"href":"https:\/\/escolasdobidos.com\/website\/wp-json\/wp\/v2\/pages\/15380\/revisions\/18906"}],"wp:attachment":[{"href":"https:\/\/escolasdobidos.com\/website\/wp-json\/wp\/v2\/media?parent=15380"}],"curies":[{"name":"wp","href":"https:\/\/api.w.org\/{rel}","templated":true}]}}