{"id":17390,"date":"2025-01-03T12:20:20","date_gmt":"2025-01-03T12:20:20","guid":{"rendered":"https:\/\/escolasdobidos.com\/website\/?page_id=17390"},"modified":"2025-01-03T15:16:09","modified_gmt":"2025-01-03T15:16:09","slug":"canal-de-denuncias-aejo-1a-etapa","status":"publish","type":"page","link":"https:\/\/escolasdobidos.com\/website\/canal-de-denuncias-aejo-1a-etapa\/","title":{"rendered":"Canal de Den\u00fancias Interno _ 2 P\u00e1gina"},"content":{"rendered":"\t\t<div data-elementor-type=\"wp-page\" data-elementor-id=\"17390\" class=\"elementor elementor-17390\" data-elementor-post-type=\"page\">\n\t\t\t\t\t\t<section class=\"elementor-section elementor-top-section elementor-element elementor-element-58a0a99 elementor-section-boxed elementor-section-height-default elementor-section-height-default\" data-id=\"58a0a99\" data-element_type=\"section\" data-e-type=\"section\" data-settings=\"{&quot;_ha_eqh_enable&quot;:false}\">\n\t\t\t\t\t\t<div class=\"elementor-container elementor-column-gap-default\">\n\t\t\t\t\t<div class=\"elementor-column elementor-col-100 elementor-top-column elementor-element elementor-element-de991bf\" data-id=\"de991bf\" data-element_type=\"column\" data-e-type=\"column\">\n\t\t\t<div class=\"elementor-widget-wrap elementor-element-populated\">\n\t\t\t\t\t\t<div class=\"elementor-element elementor-element-5b9fe22 elementor-widget elementor-widget-image\" data-id=\"5b9fe22\" data-element_type=\"widget\" data-e-type=\"widget\" data-widget_type=\"image.default\">\n\t\t\t\t<div class=\"elementor-widget-container\">\n\t\t\t\t\t\t\t\t\t\t\t\t\t\t\t<img fetchpriority=\"high\" decoding=\"async\" width=\"300\" height=\"268\" src=\"https:\/\/escolasdobidos.com\/website\/wp-content\/uploads\/2025\/01\/CanalDenuncia_semlogo-300x268.png\" class=\"attachment-medium size-medium wp-image-17428\" alt=\"\" srcset=\"https:\/\/escolasdobidos.com\/website\/wp-content\/uploads\/2025\/01\/CanalDenuncia_semlogo-300x268.png 300w, https:\/\/escolasdobidos.com\/website\/wp-content\/uploads\/2025\/01\/CanalDenuncia_semlogo.png 760w\" sizes=\"(max-width: 300px) 100vw, 300px\" \/>\t\t\t\t\t\t\t\t\t\t\t\t\t\t\t<\/div>\n\t\t\t\t<\/div>\n\t\t\t\t\t<\/div>\n\t\t<\/div>\n\t\t\t\t\t<\/div>\n\t\t<\/section>\n\t\t\t\t<section class=\"elementor-section elementor-top-section elementor-element elementor-element-37cc18c elementor-section-boxed elementor-section-height-default elementor-section-height-default\" data-id=\"37cc18c\" data-element_type=\"section\" data-e-type=\"section\" data-settings=\"{&quot;_ha_eqh_enable&quot;:false}\">\n\t\t\t\t\t\t<div class=\"elementor-container elementor-column-gap-default\">\n\t\t\t\t\t<div class=\"elementor-column elementor-col-100 elementor-top-column elementor-element elementor-element-eaebbef\" data-id=\"eaebbef\" data-element_type=\"column\" data-e-type=\"column\">\n\t\t\t<div class=\"elementor-widget-wrap elementor-element-populated\">\n\t\t\t\t\t\t<div class=\"elementor-element elementor-element-11ae049 elementor-widget elementor-widget-text-editor\" data-id=\"11ae049\" data-element_type=\"widget\" data-e-type=\"widget\" data-widget_type=\"text-editor.default\">\n\t\t\t\t<div class=\"elementor-widget-container\">\n\t\t\t\t\t\t\t\t\t<h4><strong>Como apresentar uma den\u00fancia?<\/strong><\/h4><p>Para submeter uma den\u00fancia, utilize o formul\u00e1rio dispon\u00edvel neste canal. As informa\u00e7\u00f5es que devem ser inclu\u00eddas na den\u00fancia s\u00e3o as seguintes:<\/p><ol><li>Uma descri\u00e7\u00e3o clara, objetiva e detalhada dos factos denunciados;<\/li><li>Indica\u00e7\u00e3o do local e da data da ocorr\u00eancia;<\/li><li>Identifica\u00e7\u00e3o das pessoas envolvidas (se aplic\u00e1vel);<\/li><li>Qualquer elemento de prova dispon\u00edvel ou indica\u00e7\u00e3o de onde os mesmos podem ser obtidos.<\/li><\/ol><p>Ap\u00f3s preencher o formul\u00e1rio, a sua den\u00fancia ser\u00e1 enviada para o email <strong><a rel=\"noopener\">executivo@escolasobidos.net<\/a><\/strong> e tratada por uma equipa respons\u00e1vel, com total independ\u00eancia e imparcialidade.<\/p><p>\u00a0<\/p><hr \/><h4><strong>Confidencialidade e Prote\u00e7\u00e3o do Denunciante<\/strong><\/h4><p>O <strong>Agrupamento de Escolas Josefa de \u00d3bidos<\/strong> garante:<\/p><ul><li>A confidencialidade da identidade do denunciante, salvo obriga\u00e7\u00e3o legal ou decis\u00e3o judicial em contr\u00e1rio;<\/li><li>A prote\u00e7\u00e3o contra quaisquer repres\u00e1lias, nos termos previstos pela Lei n.\u00ba 93\/2021;<\/li><li>A seguran\u00e7a e a integridade dos dados fornecidos no \u00e2mbito da den\u00fancia.<\/li><\/ul><p>\u00a0<\/p><hr \/><h4><strong>Tratamento da Den\u00fancia<\/strong><\/h4><p>As den\u00fancias ser\u00e3o analisadas pela equipa designada para este efeito, que poder\u00e1:<\/p><ol><li>Arquivar a den\u00fancia, caso se conclua pela inexist\u00eancia de infra\u00e7\u00e3o;<\/li><li>Encaminhar a den\u00fancia para os servi\u00e7os internos competentes;<\/li><li>Encaminhar a den\u00fancia para as autoridades administrativas ou judiciais competentes.<\/li><\/ol>\t\t\t\t\t\t\t\t<\/div>\n\t\t\t\t<\/div>\n\t\t\t\t\t<\/div>\n\t\t<\/div>\n\t\t\t\t\t<\/div>\n\t\t<\/section>\n\t\t\t\t<section class=\"elementor-section elementor-top-section elementor-element elementor-element-4329e0f elementor-section-boxed elementor-section-height-default elementor-section-height-default\" data-id=\"4329e0f\" data-element_type=\"section\" data-e-type=\"section\" data-settings=\"{&quot;_ha_eqh_enable&quot;:false}\">\n\t\t\t\t\t\t<div class=\"elementor-container elementor-column-gap-default\">\n\t\t\t\t\t<div class=\"elementor-column elementor-col-100 elementor-top-column elementor-element elementor-element-df578ae\" data-id=\"df578ae\" data-element_type=\"column\" data-e-type=\"column\">\n\t\t\t<div class=\"elementor-widget-wrap\">\n\t\t\t\t\t\t\t<\/div>\n\t\t<\/div>\n\t\t\t\t\t<\/div>\n\t\t<\/section>\n\t\t\t\t<section class=\"elementor-section elementor-top-section elementor-element elementor-element-09f6ef0 elementor-section-boxed elementor-section-height-default elementor-section-height-default\" data-id=\"09f6ef0\" data-element_type=\"section\" data-e-type=\"section\" data-settings=\"{&quot;_ha_eqh_enable&quot;:false}\">\n\t\t\t\t\t\t<div class=\"elementor-container elementor-column-gap-default\">\n\t\t\t\t\t<div class=\"elementor-column elementor-col-100 elementor-top-column elementor-element elementor-element-6bdeb33\" data-id=\"6bdeb33\" data-element_type=\"column\" data-e-type=\"column\">\n\t\t\t<div class=\"elementor-widget-wrap elementor-element-populated\">\n\t\t\t\t\t\t<div class=\"elementor-element elementor-element-f2dd952 elementor-align-center elementor-widget elementor-widget-button\" data-id=\"f2dd952\" data-element_type=\"widget\" data-e-type=\"widget\" data-widget_type=\"button.default\">\n\t\t\t\t<div class=\"elementor-widget-container\">\n\t\t\t\t\t\t\t\t\t<div class=\"elementor-button-wrapper\">\n\t\t\t\t\t<a class=\"elementor-button elementor-button-link elementor-size-sm elementor-animation-float\" href=\"https:\/\/escolasdobidos.com\/website\/canal-de-denuncias-interno-_-3-pagina\">\n\t\t\t\t\t\t<span class=\"elementor-button-content-wrapper\">\n\t\t\t\t\t\t\t\t\t<span class=\"elementor-button-text\">Continuar<\/span>\n\t\t\t\t\t<\/span>\n\t\t\t\t\t<\/a>\n\t\t\t\t<\/div>\n\t\t\t\t\t\t\t\t<\/div>\n\t\t\t\t<\/div>\n\t\t\t\t\t<\/div>\n\t\t<\/div>\n\t\t\t\t\t<\/div>\n\t\t<\/section>\n\t\t\t\t<\/div>\n\t\t","protected":false},"excerpt":{"rendered":"<p>Como apresentar uma den\u00fancia? Para submeter uma den\u00fancia, utilize o formul\u00e1rio dispon\u00edvel neste canal. As informa\u00e7\u00f5es que devem ser inclu\u00eddas na den\u00fancia s\u00e3o as seguintes: Uma descri\u00e7\u00e3o clara, objetiva e detalhada dos factos denunciados; Indica\u00e7\u00e3o do local e da data da ocorr\u00eancia; Identifica\u00e7\u00e3o das pessoas envolvidas (se aplic\u00e1vel); Qualquer elemento de prova dispon\u00edvel ou indica\u00e7\u00e3o&hellip; <br \/> <a class=\"button small blue\" href=\"https:\/\/escolasdobidos.com\/website\/canal-de-denuncias-aejo-1a-etapa\/\">Read more<\/a><\/p>\n","protected":false},"author":22,"featured_media":0,"parent":0,"menu_order":0,"comment_status":"closed","ping_status":"closed","template":"elementor_canvas","meta":{"footnotes":""},"class_list":["post-17390","page","type-page","status-publish","hentry"],"_links":{"self":[{"href":"https:\/\/escolasdobidos.com\/website\/wp-json\/wp\/v2\/pages\/17390","targetHints":{"allow":["GET"]}}],"collection":[{"href":"https:\/\/escolasdobidos.com\/website\/wp-json\/wp\/v2\/pages"}],"about":[{"href":"https:\/\/escolasdobidos.com\/website\/wp-json\/wp\/v2\/types\/page"}],"author":[{"embeddable":true,"href":"https:\/\/escolasdobidos.com\/website\/wp-json\/wp\/v2\/users\/22"}],"replies":[{"embeddable":true,"href":"https:\/\/escolasdobidos.com\/website\/wp-json\/wp\/v2\/comments?post=17390"}],"version-history":[{"count":0,"href":"https:\/\/escolasdobidos.com\/website\/wp-json\/wp\/v2\/pages\/17390\/revisions"}],"wp:attachment":[{"href":"https:\/\/escolasdobidos.com\/website\/wp-json\/wp\/v2\/media?parent=17390"}],"curies":[{"name":"wp","href":"https:\/\/api.w.org\/{rel}","templated":true}]}}