{"id":17437,"date":"2025-01-03T14:00:22","date_gmt":"2025-01-03T14:00:22","guid":{"rendered":"https:\/\/escolasdobidos.com\/website\/?page_id=17437"},"modified":"2025-01-03T15:21:01","modified_gmt":"2025-01-03T15:21:01","slug":"canal-de-denuncias-interno-_-3-pagina","status":"publish","type":"page","link":"https:\/\/escolasdobidos.com\/website\/canal-de-denuncias-interno-_-3-pagina\/","title":{"rendered":"Canal de Den\u00fancias Interno _ 3 P\u00e1gina"},"content":{"rendered":"\t\t<div data-elementor-type=\"wp-page\" data-elementor-id=\"17437\" class=\"elementor elementor-17437\" data-elementor-post-type=\"page\">\n\t\t\t\t\t\t<section class=\"elementor-section elementor-top-section elementor-element elementor-element-58a0a99 elementor-section-boxed elementor-section-height-default elementor-section-height-default\" data-id=\"58a0a99\" data-element_type=\"section\" data-e-type=\"section\" data-settings=\"{&quot;_ha_eqh_enable&quot;:false}\">\n\t\t\t\t\t\t<div class=\"elementor-container elementor-column-gap-default\">\n\t\t\t\t\t<div class=\"elementor-column elementor-col-100 elementor-top-column elementor-element elementor-element-de991bf\" data-id=\"de991bf\" data-element_type=\"column\" data-e-type=\"column\">\n\t\t\t<div class=\"elementor-widget-wrap elementor-element-populated\">\n\t\t\t\t\t\t<div class=\"elementor-element elementor-element-5b9fe22 elementor-widget elementor-widget-image\" data-id=\"5b9fe22\" data-element_type=\"widget\" data-e-type=\"widget\" data-widget_type=\"image.default\">\n\t\t\t\t<div class=\"elementor-widget-container\">\n\t\t\t\t\t\t\t\t\t\t\t\t\t\t\t<img fetchpriority=\"high\" decoding=\"async\" width=\"300\" height=\"268\" src=\"https:\/\/escolasdobidos.com\/website\/wp-content\/uploads\/2025\/01\/CanalDenuncia_semlogo-300x268.png\" class=\"attachment-medium size-medium wp-image-17428\" alt=\"\" srcset=\"https:\/\/escolasdobidos.com\/website\/wp-content\/uploads\/2025\/01\/CanalDenuncia_semlogo-300x268.png 300w, https:\/\/escolasdobidos.com\/website\/wp-content\/uploads\/2025\/01\/CanalDenuncia_semlogo.png 760w\" sizes=\"(max-width: 300px) 100vw, 300px\" \/>\t\t\t\t\t\t\t\t\t\t\t\t\t\t\t<\/div>\n\t\t\t\t<\/div>\n\t\t\t\t\t<\/div>\n\t\t<\/div>\n\t\t\t\t\t<\/div>\n\t\t<\/section>\n\t\t\t\t<section class=\"elementor-section elementor-top-section elementor-element elementor-element-37cc18c elementor-section-boxed elementor-section-height-default elementor-section-height-default\" data-id=\"37cc18c\" data-element_type=\"section\" data-e-type=\"section\" data-settings=\"{&quot;_ha_eqh_enable&quot;:false}\">\n\t\t\t\t\t\t<div class=\"elementor-container elementor-column-gap-default\">\n\t\t\t\t\t<div class=\"elementor-column elementor-col-100 elementor-top-column elementor-element elementor-element-eaebbef\" data-id=\"eaebbef\" data-element_type=\"column\" data-e-type=\"column\">\n\t\t\t<div class=\"elementor-widget-wrap elementor-element-populated\">\n\t\t\t\t\t\t<div class=\"elementor-element elementor-element-773dfea elementor-widget elementor-widget-shortcode\" data-id=\"773dfea\" data-element_type=\"widget\" data-e-type=\"widget\" data-widget_type=\"shortcode.default\">\n\t\t\t\t<div class=\"elementor-widget-container\">\n\t\t\t\t\t\t\t<div class=\"elementor-shortcode\">\n<div class=\"wpcf7 no-js\" id=\"wpcf7-f17438-o1\" lang=\"pt-PT\" dir=\"ltr\" data-wpcf7-id=\"17438\">\n<div class=\"screen-reader-response\"><p role=\"status\" aria-live=\"polite\" aria-atomic=\"true\"><\/p> <ul><\/ul><\/div>\n<form action=\"\/website\/wp-json\/wp\/v2\/pages\/17437#wpcf7-f17438-o1\" method=\"post\" class=\"wpcf7-form init\" aria-label=\"Formul\u00e1rio de contacto\" enctype=\"multipart\/form-data\" novalidate=\"novalidate\" data-status=\"init\">\n<fieldset class=\"hidden-fields-container\"><input type=\"hidden\" name=\"_wpcf7\" value=\"17438\" \/><input type=\"hidden\" name=\"_wpcf7_version\" value=\"6.1.5\" \/><input type=\"hidden\" name=\"_wpcf7_locale\" value=\"pt_PT\" \/><input type=\"hidden\" name=\"_wpcf7_unit_tag\" value=\"wpcf7-f17438-o1\" \/><input type=\"hidden\" name=\"_wpcf7_container_post\" value=\"0\" \/><input type=\"hidden\" name=\"_wpcf7_posted_data_hash\" value=\"\" \/>\n<\/fieldset>\n<p><span class=\"wpcf7-form-control-wrap\" data-name=\"email\"><input size=\"40\" maxlength=\"400\" class=\"wpcf7-form-control wpcf7-email wpcf7-text wpcf7-validates-as-email\" aria-invalid=\"false\" placeholder=\"Email (opcional)\" value=\"\" type=\"email\" name=\"email\" \/><\/span>\n<\/p>\n<p><span class=\"wpcf7-form-control-wrap\" data-name=\"relacao\"><select class=\"wpcf7-form-control wpcf7-select wpcf7-validates-as-required\" aria-required=\"true\" aria-invalid=\"false\" name=\"relacao\"><option value=\"Qual \u00e9 a sua rela\u00e7\u00e3o com a organiza\u00e7\u00e3o?\">Qual \u00e9 a sua rela\u00e7\u00e3o com a organiza\u00e7\u00e3o?<\/option><option value=\"Aluno\">Aluno<\/option><option value=\"Encarregados de Educa\u00e7\u00e3o\/Pais\">Encarregados de Educa\u00e7\u00e3o\/Pais<\/option><option value=\"Docente\">Docente<\/option><option value=\"N\u00e3o docente\">N\u00e3o docente<\/option><option value=\"Externo\">Externo<\/option><\/select><\/span>\n<\/p>\n<p><span class=\"wpcf7-form-control-wrap\" data-name=\"motivo\"><input size=\"40\" maxlength=\"400\" class=\"wpcf7-form-control wpcf7-text wpcf7-validates-as-required\" aria-required=\"true\" aria-invalid=\"false\" placeholder=\"Qual \u00e9 o motivo da den\u00fancia? (obrigat\u00f3rio)\" value=\"\" type=\"text\" name=\"motivo\" \/><\/span>\n<\/p>\n<p><span class=\"wpcf7-form-control-wrap\" data-name=\"data\"><input size=\"40\" maxlength=\"400\" class=\"wpcf7-form-control wpcf7-text wpcf7-validates-as-required\" aria-required=\"true\" aria-invalid=\"false\" placeholder=\"Data de ocorr\u00eancia (obrigat\u00f3rio)\" value=\"\" type=\"text\" name=\"data\" \/><\/span>\n<\/p>\n<p><span class=\"wpcf7-form-control-wrap\" data-name=\"mensagem\"><textarea cols=\"40\" rows=\"10\" maxlength=\"2000\" class=\"wpcf7-form-control wpcf7-textarea wpcf7-validates-as-required\" aria-required=\"true\" aria-invalid=\"false\" placeholder=\"Descreva a den\u00fancia (obrigat\u00f3rio)\" name=\"mensagem\"><\/textarea><\/span>\n<\/p>\n<p><span class=\"wpcf7-form-control-wrap\" data-name=\"ficheiro\"><input size=\"40\" class=\"wpcf7-form-control wpcf7-file\" accept=\".pdf,.jpg,.png,.doc,.docx\" aria-invalid=\"false\" type=\"file\" name=\"ficheiro\" \/><\/span>\n<\/p>\n<p><input class=\"wpcf7-form-control wpcf7-submit has-spinner\" type=\"submit\" value=\"Submeter Den\u00fancia\" \/>\n<\/p><div class=\"wpcf7-response-output\" aria-hidden=\"true\"><\/div>\n<\/form>\n<\/div>\n<\/div>\n\t\t\t\t\t\t<\/div>\n\t\t\t\t<\/div>\n\t\t\t\t\t<\/div>\n\t\t<\/div>\n\t\t\t\t\t<\/div>\n\t\t<\/section>\n\t\t\t\t<section class=\"elementor-section elementor-top-section elementor-element elementor-element-09f6ef0 elementor-section-boxed elementor-section-height-default elementor-section-height-default\" data-id=\"09f6ef0\" data-element_type=\"section\" data-e-type=\"section\" data-settings=\"{&quot;_ha_eqh_enable&quot;:false}\">\n\t\t\t\t\t\t<div class=\"elementor-container elementor-column-gap-default\">\n\t\t\t\t\t<div class=\"elementor-column elementor-col-100 elementor-top-column elementor-element elementor-element-6bdeb33\" data-id=\"6bdeb33\" data-element_type=\"column\" data-e-type=\"column\">\n\t\t\t<div class=\"elementor-widget-wrap elementor-element-populated\">\n\t\t\t\t\t\t<div class=\"elementor-element elementor-element-f2dd952 elementor-align-center elementor-widget elementor-widget-button\" data-id=\"f2dd952\" data-element_type=\"widget\" data-e-type=\"widget\" data-widget_type=\"button.default\">\n\t\t\t\t<div class=\"elementor-widget-container\">\n\t\t\t\t\t\t\t\t\t<div class=\"elementor-button-wrapper\">\n\t\t\t\t\t<a class=\"elementor-button elementor-button-link elementor-size-sm elementor-animation-float\" href=\"https:\/\/escolasdobidos.com\/website\/\">\n\t\t\t\t\t\t<span class=\"elementor-button-content-wrapper\">\n\t\t\t\t\t\t\t\t\t<span class=\"elementor-button-text\">Voltar<\/span>\n\t\t\t\t\t<\/span>\n\t\t\t\t\t<\/a>\n\t\t\t\t<\/div>\n\t\t\t\t\t\t\t\t<\/div>\n\t\t\t\t<\/div>\n\t\t\t\t\t<\/div>\n\t\t<\/div>\n\t\t\t\t\t<\/div>\n\t\t<\/section>\n\t\t\t\t<\/div>\n\t\t","protected":false},"excerpt":{"rendered":"<p>Voltar<\/p>\n","protected":false},"author":22,"featured_media":0,"parent":0,"menu_order":0,"comment_status":"closed","ping_status":"closed","template":"elementor_canvas","meta":{"footnotes":""},"class_list":["post-17437","page","type-page","status-publish","hentry"],"_links":{"self":[{"href":"https:\/\/escolasdobidos.com\/website\/wp-json\/wp\/v2\/pages\/17437","targetHints":{"allow":["GET"]}}],"collection":[{"href":"https:\/\/escolasdobidos.com\/website\/wp-json\/wp\/v2\/pages"}],"about":[{"href":"https:\/\/escolasdobidos.com\/website\/wp-json\/wp\/v2\/types\/page"}],"author":[{"embeddable":true,"href":"https:\/\/escolasdobidos.com\/website\/wp-json\/wp\/v2\/users\/22"}],"replies":[{"embeddable":true,"href":"https:\/\/escolasdobidos.com\/website\/wp-json\/wp\/v2\/comments?post=17437"}],"version-history":[{"count":0,"href":"https:\/\/escolasdobidos.com\/website\/wp-json\/wp\/v2\/pages\/17437\/revisions"}],"wp:attachment":[{"href":"https:\/\/escolasdobidos.com\/website\/wp-json\/wp\/v2\/media?parent=17437"}],"curies":[{"name":"wp","href":"https:\/\/api.w.org\/{rel}","templated":true}]}}