{"id":17856,"date":"2025-05-10T12:41:49","date_gmt":"2025-05-10T12:41:49","guid":{"rendered":"https:\/\/escolasdobidos.com\/website\/?page_id=17856"},"modified":"2025-07-29T11:40:59","modified_gmt":"2025-07-29T11:40:59","slug":"parcerias","status":"publish","type":"page","link":"https:\/\/escolasdobidos.com\/website\/parcerias\/","title":{"rendered":"TeSP &#8211; Ensino Superior"},"content":{"rendered":"\t\t<div data-elementor-type=\"wp-page\" data-elementor-id=\"17856\" class=\"elementor elementor-17856\" data-elementor-settings=\"{&quot;ha_cmc_init_switcher&quot;:&quot;no&quot;}\" data-elementor-post-type=\"page\">\n\t\t\t\t\t\t<section class=\"elementor-section elementor-top-section elementor-element elementor-element-2a5f2659 elementor-hidden-tablet elementor-hidden-mobile elementor-section-boxed elementor-section-height-default elementor-section-height-default\" data-id=\"2a5f2659\" data-element_type=\"section\" data-e-type=\"section\" data-settings=\"{&quot;background_background&quot;:&quot;classic&quot;,&quot;shape_divider_top&quot;:&quot;opacity-tilt&quot;,&quot;shape_divider_bottom&quot;:&quot;opacity-tilt&quot;,&quot;_ha_eqh_enable&quot;:false}\">\n\t\t\t\t\t\t\t<div class=\"elementor-background-overlay\"><\/div>\n\t\t\t\t\t\t<div class=\"elementor-shape elementor-shape-top\" aria-hidden=\"true\" data-negative=\"false\">\n\t\t\t<svg xmlns=\"http:\/\/www.w3.org\/2000\/svg\" viewBox=\"0 0 2600 131.1\" preserveAspectRatio=\"none\">\n\t<path class=\"elementor-shape-fill\" d=\"M0 0L2600 0 2600 69.1 0 0z\"\/>\n\t<path class=\"elementor-shape-fill\" style=\"opacity:0.5\" d=\"M0 0L2600 0 2600 69.1 0 69.1z\"\/>\n\t<path class=\"elementor-shape-fill\" style=\"opacity:0.25\" d=\"M2600 0L0 0 0 130.1 2600 69.1z\"\/>\n<\/svg>\t\t<\/div>\n\t\t\t\t<div class=\"elementor-shape elementor-shape-bottom\" aria-hidden=\"true\" data-negative=\"false\">\n\t\t\t<svg xmlns=\"http:\/\/www.w3.org\/2000\/svg\" viewBox=\"0 0 2600 131.1\" preserveAspectRatio=\"none\">\n\t<path class=\"elementor-shape-fill\" d=\"M0 0L2600 0 2600 69.1 0 0z\"\/>\n\t<path class=\"elementor-shape-fill\" style=\"opacity:0.5\" d=\"M0 0L2600 0 2600 69.1 0 69.1z\"\/>\n\t<path class=\"elementor-shape-fill\" style=\"opacity:0.25\" d=\"M2600 0L0 0 0 130.1 2600 69.1z\"\/>\n<\/svg>\t\t<\/div>\n\t\t\t\t\t<div class=\"elementor-container elementor-column-gap-default\">\n\t\t\t\t\t<div class=\"elementor-column elementor-col-100 elementor-top-column elementor-element elementor-element-2c66a6b2\" data-id=\"2c66a6b2\" data-element_type=\"column\" data-e-type=\"column\">\n\t\t\t<div class=\"elementor-widget-wrap\">\n\t\t\t\t\t\t\t<\/div>\n\t\t<\/div>\n\t\t\t\t\t<\/div>\n\t\t<\/section>\n\t\t\t\t<section class=\"elementor-section elementor-top-section elementor-element elementor-element-20952ca3 elementor-section-boxed elementor-section-height-default elementor-section-height-default\" data-id=\"20952ca3\" data-element_type=\"section\" data-e-type=\"section\" data-settings=\"{&quot;background_background&quot;:&quot;classic&quot;,&quot;_ha_eqh_enable&quot;:false}\">\n\t\t\t\t\t\t<div class=\"elementor-container elementor-column-gap-default\">\n\t\t\t\t\t<div class=\"elementor-column elementor-col-100 elementor-top-column elementor-element elementor-element-15ae3b86\" data-id=\"15ae3b86\" data-element_type=\"column\" data-e-type=\"column\">\n\t\t\t<div class=\"elementor-widget-wrap elementor-element-populated\">\n\t\t\t\t\t\t<div class=\"elementor-element elementor-element-40f37db elementor-widget elementor-widget-image\" data-id=\"40f37db\" data-element_type=\"widget\" data-e-type=\"widget\" data-widget_type=\"image.default\">\n\t\t\t\t<div class=\"elementor-widget-container\">\n\t\t\t\t\t\t\t\t\t\t\t\t\t\t\t<img fetchpriority=\"high\" decoding=\"async\" width=\"1024\" height=\"293\" src=\"https:\/\/escolasdobidos.com\/website\/wp-content\/uploads\/2025\/05\/PolitSantarem_Logo-01-2048x586-1-1024x293.png\" class=\"attachment-large size-large wp-image-17887\" alt=\"\" srcset=\"https:\/\/escolasdobidos.com\/website\/wp-content\/uploads\/2025\/05\/PolitSantarem_Logo-01-2048x586-1-1024x293.png 1024w, https:\/\/escolasdobidos.com\/website\/wp-content\/uploads\/2025\/05\/PolitSantarem_Logo-01-2048x586-1-300x86.png 300w, https:\/\/escolasdobidos.com\/website\/wp-content\/uploads\/2025\/05\/PolitSantarem_Logo-01-2048x586-1-768x220.png 768w, https:\/\/escolasdobidos.com\/website\/wp-content\/uploads\/2025\/05\/PolitSantarem_Logo-01-2048x586-1-1536x440.png 1536w, https:\/\/escolasdobidos.com\/website\/wp-content\/uploads\/2025\/05\/PolitSantarem_Logo-01-2048x586-1-1920x549.png 1920w, https:\/\/escolasdobidos.com\/website\/wp-content\/uploads\/2025\/05\/PolitSantarem_Logo-01-2048x586-1.png 2048w\" sizes=\"(max-width: 1024px) 100vw, 1024px\" \/>\t\t\t\t\t\t\t\t\t\t\t\t\t\t\t<\/div>\n\t\t\t\t<\/div>\n\t\t\t\t<div class=\"elementor-element elementor-element-bb46516 elementor-widget elementor-widget-heading\" data-id=\"bb46516\" data-element_type=\"widget\" data-e-type=\"widget\" data-widget_type=\"heading.default\">\n\t\t\t\t<div class=\"elementor-widget-container\">\n\t\t\t\t\t<h2 class=\"elementor-heading-title elementor-size-default\">Queres seguir para o <span style=\"color: #fc624a\">Ensino Superior?<\/span><\/h2>\t\t\t\t<\/div>\n\t\t\t\t<\/div>\n\t\t\t\t<div class=\"elementor-element elementor-element-408b621c elementor-widget elementor-widget-image\" data-id=\"408b621c\" data-element_type=\"widget\" data-e-type=\"widget\" data-widget_type=\"image.default\">\n\t\t\t\t<div class=\"elementor-widget-container\">\n\t\t\t\t\t\t\t\t\t\t\t\t\t\t\t<img decoding=\"async\" width=\"45\" height=\"15\" src=\"https:\/\/escolasdobidos.com\/website\/wp-content\/uploads\/2025\/05\/line-dec.png\" class=\"attachment-large size-large wp-image-17858\" alt=\"\" \/>\t\t\t\t\t\t\t\t\t\t\t\t\t\t\t<\/div>\n\t\t\t\t<\/div>\n\t\t\t\t<div class=\"elementor-element elementor-element-74b6c8d3 elementor-widget elementor-widget-heading\" data-id=\"74b6c8d3\" data-element_type=\"widget\" data-e-type=\"widget\" data-widget_type=\"heading.default\">\n\t\t\t\t<div class=\"elementor-widget-container\">\n\t\t\t\t\t<h2 class=\"elementor-heading-title elementor-size-default\">Procura J\u00e1 o teu  <span style=\"color: #ed563b\">TeSP<\/span><\/h2>\t\t\t\t<\/div>\n\t\t\t\t<\/div>\n\t\t\t\t<div class=\"elementor-element elementor-element-33e35c16 elementor-widget elementor-widget-image\" data-id=\"33e35c16\" data-element_type=\"widget\" data-e-type=\"widget\" data-widget_type=\"image.default\">\n\t\t\t\t<div class=\"elementor-widget-container\">\n\t\t\t\t\t\t\t\t\t\t\t\t\t\t\t<img decoding=\"async\" width=\"45\" height=\"15\" src=\"https:\/\/escolasdobidos.com\/website\/wp-content\/uploads\/2025\/05\/line-dec.png\" class=\"attachment-large size-large wp-image-17858\" alt=\"\" \/>\t\t\t\t\t\t\t\t\t\t\t\t\t\t\t<\/div>\n\t\t\t\t<\/div>\n\t\t\t\t<div class=\"elementor-element elementor-element-2584cab elementor-widget elementor-widget-image\" data-id=\"2584cab\" data-element_type=\"widget\" data-e-type=\"widget\" data-widget_type=\"image.default\">\n\t\t\t\t<div class=\"elementor-widget-container\">\n\t\t\t\t\t\t\t\t\t\t\t\t\t\t\t<img decoding=\"async\" width=\"663\" height=\"1024\" src=\"https:\/\/escolasdobidos.com\/website\/wp-content\/uploads\/2025\/07\/cartaz_TESP-e1753789237310-663x1024.jpeg\" class=\"attachment-large size-large wp-image-18285\" alt=\"\" srcset=\"https:\/\/escolasdobidos.com\/website\/wp-content\/uploads\/2025\/07\/cartaz_TESP-e1753789237310-663x1024.jpeg 663w, https:\/\/escolasdobidos.com\/website\/wp-content\/uploads\/2025\/07\/cartaz_TESP-e1753789237310-194x300.jpeg 194w, https:\/\/escolasdobidos.com\/website\/wp-content\/uploads\/2025\/07\/cartaz_TESP-e1753789237310-768x1186.jpeg 768w, https:\/\/escolasdobidos.com\/website\/wp-content\/uploads\/2025\/07\/cartaz_TESP-e1753789237310-699x1080.jpeg 699w, https:\/\/escolasdobidos.com\/website\/wp-content\/uploads\/2025\/07\/cartaz_TESP-e1753789237310.jpeg 900w\" sizes=\"(max-width: 663px) 100vw, 663px\" \/>\t\t\t\t\t\t\t\t\t\t\t\t\t\t\t<\/div>\n\t\t\t\t<\/div>\n\t\t\t\t<div class=\"elementor-element elementor-element-4612ca00 elementor-widget elementor-widget-text-editor\" data-id=\"4612ca00\" data-element_type=\"widget\" data-e-type=\"widget\" data-widget_type=\"text-editor.default\">\n\t\t\t\t<div class=\"elementor-widget-container\">\n\t\t\t\t\t\t\t\t\t<p>Os Cursos T\u00e9cnicos Superiores Profissionais (TeSP) s\u00e3o forma\u00e7\u00f5es de ensino superior com a dura\u00e7\u00e3o de dois anos, que combinam uma forte componente pr\u00e1tica com uma forma\u00e7\u00e3o s\u00f3lida em \u00e1reas espec\u00edficas.<\/p><p>Estes cursos destinam-se a preparar-te para o mercado de trabalho ou, se quiseres, para continuares os teus estudos numa licenciatura.<\/p><p>Com est\u00e1gio inclu\u00eddo, s\u00e3o uma excelente porta de entrada para o ensino superior \u2014 mais r\u00e1pida, mais pr\u00e1tica e com futuro!<\/p>\t\t\t\t\t\t\t\t<\/div>\n\t\t\t\t<\/div>\n\t\t\t\t<div class=\"elementor-element elementor-element-5b89460 elementor-widget elementor-widget-text-editor\" data-id=\"5b89460\" data-element_type=\"widget\" data-e-type=\"widget\" data-widget_type=\"text-editor.default\">\n\t\t\t\t<div class=\"elementor-widget-container\">\n\t\t\t\t\t\t\t\t\t<p>As condi\u00e7\u00f5es de ingresso em cada <strong>curso t\u00e9cnico superior profissional<\/strong> t\u00eam como referencial os <strong>conhecimentos e aptid\u00f5es correspondentes ao n\u00edvel do ensino secund\u00e1rio na(s) \u00e1rea(s) de educa\u00e7\u00e3o e forma\u00e7\u00e3o relevante(s)<\/strong> para cada curso, e concretizam-se pela identifica\u00e7\u00e3o da(s) disciplina(s) do ensino secund\u00e1rio ou equivalente, relevantes para ingresso no curso, \u00e0s quais os candidatos devem ter tido aprova\u00e7\u00e3o.<\/p>\t\t\t\t\t\t\t\t<\/div>\n\t\t\t\t<\/div>\n\t\t\t\t<div class=\"elementor-element elementor-element-4751801b elementor-button-danger elementor-align-center elementor-widget elementor-widget-button\" data-id=\"4751801b\" data-element_type=\"widget\" data-e-type=\"widget\" data-widget_type=\"button.default\">\n\t\t\t\t<div class=\"elementor-widget-container\">\n\t\t\t\t\t\t\t\t\t<div class=\"elementor-button-wrapper\">\n\t\t\t\t\t<a class=\"elementor-button elementor-button-link elementor-size-md\" href=\"https:\/\/www.ipsantarem.pt\/candidatos\/tesp-acesso-estudante-nacional\/\">\n\t\t\t\t\t\t<span class=\"elementor-button-content-wrapper\">\n\t\t\t\t\t\t\t\t\t<span class=\"elementor-button-text\">Saber Mais<\/span>\n\t\t\t\t\t<\/span>\n\t\t\t\t\t<\/a>\n\t\t\t\t<\/div>\n\t\t\t\t\t\t\t\t<\/div>\n\t\t\t\t<\/div>\n\t\t\t\t<div class=\"elementor-element elementor-element-22fdd92 elementor-widget-divider--view-line_icon elementor-widget-divider--separator-type-pattern elementor-view-default elementor-widget-divider--element-align-center elementor-widget elementor-widget-divider\" data-id=\"22fdd92\" data-element_type=\"widget\" data-e-type=\"widget\" data-widget_type=\"divider.default\">\n\t\t\t\t<div class=\"elementor-widget-container\">\n\t\t\t\t\t\t\t<div class=\"elementor-divider\" style=\"--divider-pattern-url: url(&quot;data:image\/svg+xml,%3Csvg xmlns=&#039;http:\/\/www.w3.org\/2000\/svg&#039; preserveAspectRatio=&#039;none&#039; overflow=&#039;visible&#039; height=&#039;100%&#039; viewBox=&#039;0 0 20 16&#039; fill=&#039;none&#039; stroke=&#039;black&#039; stroke-width=&#039;1&#039; stroke-linecap=&#039;square&#039; stroke-miterlimit=&#039;10&#039;%3E%3Cg transform=&#039;translate(-12.000000, 0)&#039;%3E%3Cpath d=&#039;M28,0L10,18&#039;\/%3E%3Cpath d=&#039;M18,0L0,18&#039;\/%3E%3Cpath d=&#039;M48,0L30,18&#039;\/%3E%3Cpath d=&#039;M38,0L20,18&#039;\/%3E%3C\/g%3E%3C\/svg%3E&quot;);\">\n\t\t\t<span class=\"elementor-divider-separator\">\n\t\t\t\t\t\t\t<div class=\"elementor-icon elementor-divider__element\">\n\t\t\t\t\t<i aria-hidden=\"true\" class=\"far fa-file-pdf\"><\/i><\/div>\n\t\t\t\t\t\t<\/span>\n\t\t<\/div>\n\t\t\t\t\t\t<\/div>\n\t\t\t\t<\/div>\n\t\t\t\t\t<\/div>\n\t\t<\/div>\n\t\t\t\t\t<\/div>\n\t\t<\/section>\n\t\t\t\t<section class=\"elementor-section elementor-top-section elementor-element elementor-element-7547ae41 elementor-section-content-middle elementor-section-boxed elementor-section-height-default elementor-section-height-default\" data-id=\"7547ae41\" data-element_type=\"section\" data-e-type=\"section\" data-settings=\"{&quot;background_background&quot;:&quot;classic&quot;,&quot;_ha_eqh_enable&quot;:false}\">\n\t\t\t\t\t\t<div class=\"elementor-container elementor-column-gap-default\">\n\t\t\t\t\t<div class=\"elementor-column elementor-col-100 elementor-top-column elementor-element elementor-element-47b98fe2\" data-id=\"47b98fe2\" data-element_type=\"column\" data-e-type=\"column\">\n\t\t\t<div class=\"elementor-widget-wrap elementor-element-populated\">\n\t\t\t\t\t\t<div class=\"elementor-element elementor-element-1ecfc3b5 elementor-widget elementor-widget-heading\" data-id=\"1ecfc3b5\" data-element_type=\"widget\" data-e-type=\"widget\" data-widget_type=\"heading.default\">\n\t\t\t\t<div class=\"elementor-widget-container\">\n\t\t\t\t\t<h2 class=\"elementor-heading-title elementor-size-default\">N\u00e3o Percas tempo,<span style=\"color: #ed563b\"> consulta j\u00e1<\/span> o <span style=\"color: #ed563b\">Edital do concurso<\/span>!<\/h2>\t\t\t\t<\/div>\n\t\t\t\t<\/div>\n\t\t\t\t<div class=\"elementor-element elementor-element-3b38611 ha-card--top ha-card--tablet-top ha-card--mobile-top ha-has-bg-overlay elementor-widget elementor-widget-ha-card happy-addon ha-card\" data-id=\"3b38611\" data-element_type=\"widget\" data-e-type=\"widget\" data-widget_type=\"ha-card.default\">\n\t\t\t\t<div class=\"elementor-widget-container\">\n\t\t\t\t\t\n\t\t\t\t\t<figure class=\"ha-card-figure\">\n\t\t\t\t<img loading=\"lazy\" decoding=\"async\" width=\"810\" height=\"711\" src=\"https:\/\/escolasdobidos.com\/website\/wp-content\/uploads\/2025\/05\/Edital-ipsantarem.png\" class=\"attachment-large size-large wp-image-17877\" alt=\"\" srcset=\"https:\/\/escolasdobidos.com\/website\/wp-content\/uploads\/2025\/05\/Edital-ipsantarem.png 810w, https:\/\/escolasdobidos.com\/website\/wp-content\/uploads\/2025\/05\/Edital-ipsantarem-300x263.png 300w, https:\/\/escolasdobidos.com\/website\/wp-content\/uploads\/2025\/05\/Edital-ipsantarem-768x674.png 768w\" sizes=\"(max-width: 810px) 100vw, 810px\" \/>\t\t\t\t\t\t\t<\/figure>\n\t\t\n\t\t<div class=\"ha-card-body\">\n\n\t\t\t<h2 class=\"ha-card-title\">Edital do Concurso - TeSP, Estudante nacional<\/h2>\n\t\t\t\t\t\t\t<div class=\"ha-card-text\">\n\t\t\t\t\t<p>Se est\u00e1s a pensar candidatar-te a um Curso T\u00e9cnico Superior Profissional (TeSP) no Instituto Polit\u00e9cnico de Santar\u00e9m, este \u00e9 o momento certo para agir. J\u00e1 est\u00e1 dispon\u00edvel o edital com todas as informa\u00e7\u00f5es essenciais: prazos, cursos, condi\u00e7\u00f5es de acesso, documentos necess\u00e1rios e valores. N\u00e3o deixes passar esta oportunidade de investir no teu futuro acad\u00e9mico e profissional.\n\n\ud83d\udcc4 Consulta agora o edital completo clicando no bot\u00e3o abaixo!<\/p>\n\t\t\t\t<\/div>\n\t\t\t\n\t\t\t<a class=\"ha-btn\" href=\"https:\/\/escolasdobidos.com\/website\/wp-content\/uploads\/2025\/05\/Edital-1a-fase_Estudantes-Nacionais_2025_signed.pdf\"><span class=\"ha-btn-text\">Ler Edital<\/span><\/a>\t\t<\/div>\n\t\t\t\t\t\t<\/div>\n\t\t\t\t<\/div>\n\t\t\t\t\t<\/div>\n\t\t<\/div>\n\t\t\t\t\t<\/div>\n\t\t<\/section>\n\t\t\t\t<section class=\"elementor-section elementor-top-section elementor-element elementor-element-ab74eab elementor-section-height-full elementor-section-boxed elementor-section-height-default elementor-section-items-middle\" data-id=\"ab74eab\" data-element_type=\"section\" data-e-type=\"section\" data-settings=\"{&quot;background_background&quot;:&quot;classic&quot;,&quot;_ha_eqh_enable&quot;:false}\">\n\t\t\t\t\t\t\t<div class=\"elementor-background-overlay\"><\/div>\n\t\t\t\t\t\t\t<div class=\"elementor-container elementor-column-gap-default\">\n\t\t\t\t\t<div class=\"elementor-column elementor-col-100 elementor-top-column elementor-element elementor-element-7f00cf0\" data-id=\"7f00cf0\" data-element_type=\"column\" data-e-type=\"column\">\n\t\t\t<div class=\"elementor-widget-wrap\">\n\t\t\t\t\t\t\t<\/div>\n\t\t<\/div>\n\t\t\t\t\t<\/div>\n\t\t<\/section>\n\t\t\t\t<\/div>\n\t\t","protected":false},"excerpt":{"rendered":"<p>Queres seguir para o Ensino Superior? Procura J\u00e1 o teu TeSP Os Cursos T\u00e9cnicos Superiores Profissionais (TeSP) s\u00e3o forma\u00e7\u00f5es de ensino superior com a dura\u00e7\u00e3o de dois anos, que combinam uma forte componente pr\u00e1tica com uma forma\u00e7\u00e3o s\u00f3lida em \u00e1reas espec\u00edficas. Estes cursos destinam-se a preparar-te para o mercado de trabalho ou, se quiseres, para&hellip; <br \/> <a class=\"button small blue\" href=\"https:\/\/escolasdobidos.com\/website\/parcerias\/\">Read more<\/a><\/p>\n","protected":false},"author":22,"featured_media":0,"parent":0,"menu_order":0,"comment_status":"closed","ping_status":"closed","template":"elementor_header_footer","meta":{"footnotes":""},"class_list":["post-17856","page","type-page","status-publish","hentry"],"_links":{"self":[{"href":"https:\/\/escolasdobidos.com\/website\/wp-json\/wp\/v2\/pages\/17856","targetHints":{"allow":["GET"]}}],"collection":[{"href":"https:\/\/escolasdobidos.com\/website\/wp-json\/wp\/v2\/pages"}],"about":[{"href":"https:\/\/escolasdobidos.com\/website\/wp-json\/wp\/v2\/types\/page"}],"author":[{"embeddable":true,"href":"https:\/\/escolasdobidos.com\/website\/wp-json\/wp\/v2\/users\/22"}],"replies":[{"embeddable":true,"href":"https:\/\/escolasdobidos.com\/website\/wp-json\/wp\/v2\/comments?post=17856"}],"version-history":[{"count":0,"href":"https:\/\/escolasdobidos.com\/website\/wp-json\/wp\/v2\/pages\/17856\/revisions"}],"wp:attachment":[{"href":"https:\/\/escolasdobidos.com\/website\/wp-json\/wp\/v2\/media?parent=17856"}],"curies":[{"name":"wp","href":"https:\/\/api.w.org\/{rel}","templated":true}]}}