{"id":17964,"date":"2025-05-25T09:33:40","date_gmt":"2025-05-25T09:33:40","guid":{"rendered":"https:\/\/escolasdobidos.com\/website\/?page_id=17964"},"modified":"2025-05-25T10:35:22","modified_gmt":"2025-05-25T10:35:22","slug":"portugues-lingua-de-acolhimento-pla","status":"publish","type":"page","link":"https:\/\/escolasdobidos.com\/website\/portugues-lingua-de-acolhimento-pla\/","title":{"rendered":"Portugu\u00eas L\u00edngua de Acolhimento (PLA)"},"content":{"rendered":"\t\t<div data-elementor-type=\"wp-page\" data-elementor-id=\"17964\" class=\"elementor elementor-17964\" data-elementor-settings=\"{&quot;ha_cmc_init_switcher&quot;:&quot;no&quot;}\" data-elementor-post-type=\"page\">\n\t\t\t\t\t\t<section class=\"elementor-section elementor-top-section elementor-element elementor-element-4e3bbc1 elementor-section-boxed elementor-section-height-default elementor-section-height-default elementor-invisible\" data-id=\"4e3bbc1\" data-element_type=\"section\" data-e-type=\"section\" data-settings=\"{&quot;animation&quot;:&quot;rotateInDownLeft&quot;,&quot;_ha_eqh_enable&quot;:false}\">\n\t\t\t\t\t\t<div class=\"elementor-container elementor-column-gap-default\">\n\t\t\t\t\t<div class=\"elementor-column elementor-col-50 elementor-top-column elementor-element elementor-element-67604c9\" data-id=\"67604c9\" data-element_type=\"column\" data-e-type=\"column\">\n\t\t\t<div class=\"elementor-widget-wrap elementor-element-populated\">\n\t\t\t\t\t\t<div class=\"elementor-element elementor-element-0a18fbe elementor-widget elementor-widget-image\" data-id=\"0a18fbe\" data-element_type=\"widget\" data-e-type=\"widget\" data-widget_type=\"image.default\">\n\t\t\t\t<div class=\"elementor-widget-container\">\n\t\t\t\t\t\t\t\t\t\t\t\t\t\t\t<img fetchpriority=\"high\" decoding=\"async\" width=\"1024\" height=\"540\" src=\"https:\/\/escolasdobidos.com\/website\/wp-content\/uploads\/2025\/05\/18170-1024x540.jpg\" class=\"attachment-large size-large wp-image-17975\" alt=\"\" srcset=\"https:\/\/escolasdobidos.com\/website\/wp-content\/uploads\/2025\/05\/18170-1024x540.jpg 1024w, https:\/\/escolasdobidos.com\/website\/wp-content\/uploads\/2025\/05\/18170-300x158.jpg 300w, https:\/\/escolasdobidos.com\/website\/wp-content\/uploads\/2025\/05\/18170-768x405.jpg 768w, https:\/\/escolasdobidos.com\/website\/wp-content\/uploads\/2025\/05\/18170-1536x810.jpg 1536w, https:\/\/escolasdobidos.com\/website\/wp-content\/uploads\/2025\/05\/18170-2048x1081.jpg 2048w, https:\/\/escolasdobidos.com\/website\/wp-content\/uploads\/2025\/05\/18170-1920x1013.jpg 1920w\" sizes=\"(max-width: 1024px) 100vw, 1024px\" \/>\t\t\t\t\t\t\t\t\t\t\t\t\t\t\t<\/div>\n\t\t\t\t<\/div>\n\t\t\t\t<div class=\"elementor-element elementor-element-e5bac4a elementor-widget elementor-widget-image\" data-id=\"e5bac4a\" data-element_type=\"widget\" data-e-type=\"widget\" data-widget_type=\"image.default\">\n\t\t\t\t<div class=\"elementor-widget-container\">\n\t\t\t\t\t\t\t\t\t\t\t\t\t\t\t<img decoding=\"async\" width=\"1024\" height=\"1019\" src=\"https:\/\/escolasdobidos.com\/website\/wp-content\/uploads\/2025\/05\/PLA2526-1024x1019.jpg\" class=\"attachment-large size-large wp-image-17973\" alt=\"\" srcset=\"https:\/\/escolasdobidos.com\/website\/wp-content\/uploads\/2025\/05\/PLA2526-1024x1019.jpg 1024w, https:\/\/escolasdobidos.com\/website\/wp-content\/uploads\/2025\/05\/PLA2526-300x300.jpg 300w, https:\/\/escolasdobidos.com\/website\/wp-content\/uploads\/2025\/05\/PLA2526-150x150.jpg 150w, https:\/\/escolasdobidos.com\/website\/wp-content\/uploads\/2025\/05\/PLA2526-768x764.jpg 768w, https:\/\/escolasdobidos.com\/website\/wp-content\/uploads\/2025\/05\/PLA2526.jpg 1051w\" sizes=\"(max-width: 1024px) 100vw, 1024px\" \/>\t\t\t\t\t\t\t\t\t\t\t\t\t\t\t<\/div>\n\t\t\t\t<\/div>\n\t\t\t\t<div class=\"elementor-element elementor-element-40fa597 content-align-cta-center elementor-widget elementor-widget-eael-cta-box\" data-id=\"40fa597\" data-element_type=\"widget\" data-e-type=\"widget\" data-widget_type=\"eael-cta-box.default\">\n\t\t\t\t<div class=\"elementor-widget-container\">\n\t\t\t\t\t\t\t<div class=\"eael-call-to-action cta-basic bg-lite cta-preset-1\">\n        <h2 class=\"title eael-cta-heading\">Pr\u00e9-Inscri\u00e7\u00e3o<\/h2><p>A Pr\u00e9- Inscri\u00e7\u00e3o n\u00e3o garante vaga. <br \/>A sele\u00e7\u00e3o ser\u00e1 feita em data a anunciar.<\/p><a href=\"https:\/\/forms.gle\/7szszLQDqgwd9Rnd8\" class=\"cta-button cta-preset-1  \">Clica aqui<\/a>\t<\/div>\n\t\t\t\t\t\t\t\t<\/div>\n\t\t\t\t<\/div>\n\t\t\t\t<div class=\"elementor-element elementor-element-edff82a elementor-widget elementor-widget-text-editor\" data-id=\"edff82a\" data-element_type=\"widget\" data-e-type=\"widget\" data-widget_type=\"text-editor.default\">\n\t\t\t\t<div class=\"elementor-widget-container\">\n\t\t\t\t\t\t\t\t\t<p style=\"background-color: #e6f0fa; padding: 20px; border-left: 5px solid #0078D4; border-radius: 8px; font-family: Segoe UI, sans-serif; font-size: 18px; line-height: 1.6; color: #333;\"><br \/>Os <strong>cursos de PLA<\/strong> destinam-se a <strong>cidad\u00e3os com idade igual ou superior a 16 anos<\/strong>, cuja <strong>l\u00edngua materna n\u00e3o \u00e9 a l\u00edngua portuguesa<\/strong> e\/ou que n\u00e3o detenham <strong>compet\u00eancias b\u00e1sicas, interm\u00e9dias ou avan\u00e7adas<\/strong> em l\u00edngua portuguesa, de acordo com o <em>Quadro Europeu Comum de Refer\u00eancia para as L\u00ednguas (QECRL)<\/em>.<\/p>\t\t\t\t\t\t\t\t<\/div>\n\t\t\t\t<\/div>\n\t\t\t\t<section class=\"elementor-section elementor-inner-section elementor-element elementor-element-fd6099e elementor-section-boxed elementor-section-height-default elementor-section-height-default\" data-id=\"fd6099e\" data-element_type=\"section\" data-e-type=\"section\" data-settings=\"{&quot;_ha_eqh_enable&quot;:false}\">\n\t\t\t\t\t\t<div class=\"elementor-container elementor-column-gap-default\">\n\t\t\t\t\t<div class=\"elementor-column elementor-col-100 elementor-inner-column elementor-element elementor-element-491fe0f\" data-id=\"491fe0f\" data-element_type=\"column\" data-e-type=\"column\">\n\t\t\t<div class=\"elementor-widget-wrap elementor-element-populated\">\n\t\t\t\t\t\t<div class=\"elementor-element elementor-element-18ec40b e-transform eael-infobox-content-align--center eael-infobox-icon-bg-shape-none eael-infobox-icon-hover-bg-shape-none elementor-widget elementor-widget-eael-info-box\" data-id=\"18ec40b\" data-element_type=\"widget\" data-e-type=\"widget\" data-settings=\"{&quot;_transform_scale_effect_hover&quot;:{&quot;unit&quot;:&quot;px&quot;,&quot;size&quot;:1.1,&quot;sizes&quot;:[]},&quot;_transform_scale_effect_hover_tablet&quot;:{&quot;unit&quot;:&quot;px&quot;,&quot;size&quot;:&quot;&quot;,&quot;sizes&quot;:[]},&quot;_transform_scale_effect_hover_mobile&quot;:{&quot;unit&quot;:&quot;px&quot;,&quot;size&quot;:&quot;&quot;,&quot;sizes&quot;:[]}}\" data-widget_type=\"eael-info-box.default\">\n\t\t\t\t<div class=\"elementor-widget-container\">\n\t\t\t\t\t        <div class=\"eael-infobox icon-on-top\">\n\t            <div class=\"infobox-icon\">\n\n            \n            \n                            <div class=\"infobox-icon-wrap\">\n                    <span class=\"infobox-icon-number\">A<\/span>\n                <\/div>\n            \n        <\/div>\n            <div class=\"infobox-content\">\n                    <div class=\"infobox-title-section\">\n                <h2 class=\"title\">N\u00edvel Elementar A1-A2<\/h2>            <\/div>\n            <div><p>Dirigido a estrangeiros que n\u00e3o falam portugu\u00eas, \u00e9 um curso certificado que lhes permitir\u00e1 o acesso \u00e0 nacionalidade portuguesa, \u00e0 autoriza\u00e7\u00e3o de resid\u00eancia permanente e\/ou ao estatuto de residente de longa dura\u00e7\u00e3o. O curso tem a dura\u00e7\u00e3o de 150 horas.<\/p><\/div>        <\/div>\n            <\/div>\n\n\t\t\t\t\t\t<\/div>\n\t\t\t\t<\/div>\n\t\t\t\t<div class=\"elementor-element elementor-element-687e28b e-transform e-transform eael-infobox-content-align--center eael-infobox-icon-bg-shape-none eael-infobox-icon-hover-bg-shape-none elementor-widget elementor-widget-eael-info-box\" data-id=\"687e28b\" data-element_type=\"widget\" data-e-type=\"widget\" data-settings=\"{&quot;_transform_scale_effect_hover&quot;:{&quot;unit&quot;:&quot;px&quot;,&quot;size&quot;:1.1,&quot;sizes&quot;:[]},&quot;_transform_scale_effect&quot;:{&quot;unit&quot;:&quot;px&quot;,&quot;size&quot;:&quot;&quot;,&quot;sizes&quot;:[]},&quot;_transform_scale_effect_tablet&quot;:{&quot;unit&quot;:&quot;px&quot;,&quot;size&quot;:&quot;&quot;,&quot;sizes&quot;:[]},&quot;_transform_scale_effect_mobile&quot;:{&quot;unit&quot;:&quot;px&quot;,&quot;size&quot;:&quot;&quot;,&quot;sizes&quot;:[]},&quot;_transform_scale_effect_hover_tablet&quot;:{&quot;unit&quot;:&quot;px&quot;,&quot;size&quot;:&quot;&quot;,&quot;sizes&quot;:[]},&quot;_transform_scale_effect_hover_mobile&quot;:{&quot;unit&quot;:&quot;px&quot;,&quot;size&quot;:&quot;&quot;,&quot;sizes&quot;:[]}}\" data-widget_type=\"eael-info-box.default\">\n\t\t\t\t<div class=\"elementor-widget-container\">\n\t\t\t\t\t        <div class=\"eael-infobox icon-on-top\">\n\t            <div class=\"infobox-icon\">\n\n            \n            \n                            <div class=\"infobox-icon-wrap\">\n                    <span class=\"infobox-icon-number\">B<\/span>\n                <\/div>\n            \n        <\/div>\n            <div class=\"infobox-content\">\n                    <div class=\"infobox-title-section\">\n                <h2 class=\"title\">N\u00edvel de continua\u00e7\u00e3o B1-B2<\/h2>            <\/div>\n            <div><p>Este curso, com a dura\u00e7\u00e3o de 150 horas, \u00e9 dirigido a estrangeiros que j\u00e1 tenham o Certificado do curso de Portugu\u00eas para Falantes de Outras L\u00ednguas (n\u00edvel A2) e que desejam aperfei\u00e7oar os seus conhecimentos de Portugu\u00eas.<\/p><\/div>        <\/div>\n            <\/div>\n\n\t\t\t\t\t\t<\/div>\n\t\t\t\t<\/div>\n\t\t\t\t<div class=\"elementor-element elementor-element-e922646 eael-infobox-content-align--center eael-infobox-icon-bg-shape-none eael-infobox-icon-hover-bg-shape-none elementor-widget elementor-widget-eael-info-box\" data-id=\"e922646\" data-element_type=\"widget\" data-e-type=\"widget\" data-widget_type=\"eael-info-box.default\">\n\t\t\t\t<div class=\"elementor-widget-container\">\n\t\t\t\t\t        <div class=\"eael-infobox icon-on-top\">\n\t            <div class=\"infobox-icon eael-icon-only\">\n\n            \n                            <div class=\"infobox-icon-wrap\">\n                    <i aria-hidden=\"true\" class=\"fas fa-info-circle\"><\/i>                <\/div>\n            \n            \n        <\/div>\n            <div class=\"infobox-content eael-icon-only\">\n                    <div class=\"infobox-title-section\">\n                <h2 class=\"title\">Informa\u00e7\u00f5es<\/h2>            <\/div>\n            <div><p>Para a inscri\u00e7\u00e3o nestes cursos, os formandos dever\u00e3o apresentar:<br \/><strong>&#8211; Passaporte\/Autoriza\u00e7\u00e3o de resid\u00eancia;<\/strong><br \/><strong>&#8211; N\u00ba de identifica\u00e7\u00e3o fiscal (NIF)<\/strong><\/p><p>OS CURSOS TER\u00c3O IN\u00cdCIO QUANDO HOUVER N\u00daMERO SUFICIENTE DE INSCRITOS<\/p><p>A Pr\u00e9- Inscri\u00e7\u00e3o n\u00e3o garante vaga. A sele\u00e7\u00e3o ser\u00e1 feita em data a anunciar.<\/p><p>Para mais informa\u00e7\u00f5es: \u2709\ufe0fexecutivo@escolasobidos.net<\/p><\/div>        <\/div>\n            <\/div>\n\n\t\t\t\t\t\t<\/div>\n\t\t\t\t<\/div>\n\t\t\t\t\t<\/div>\n\t\t<\/div>\n\t\t\t\t\t<\/div>\n\t\t<\/section>\n\t\t\t\t\t<\/div>\n\t\t<\/div>\n\t\t\t\t<div class=\"elementor-column elementor-col-50 elementor-top-column elementor-element elementor-element-4654639\" data-id=\"4654639\" data-element_type=\"column\" data-e-type=\"column\">\n\t\t\t<div class=\"elementor-widget-wrap elementor-element-populated\">\n\t\t\t\t\t\t<div class=\"elementor-element elementor-element-fdbfe54 elementor-widget elementor-widget-image\" data-id=\"fdbfe54\" data-element_type=\"widget\" data-e-type=\"widget\" data-widget_type=\"image.default\">\n\t\t\t\t<div class=\"elementor-widget-container\">\n\t\t\t\t\t\t\t\t\t\t\t\t\t\t\t<img decoding=\"async\" width=\"1024\" height=\"540\" src=\"https:\/\/escolasdobidos.com\/website\/wp-content\/uploads\/2025\/05\/18166-1024x540.jpg\" class=\"attachment-large size-large wp-image-17976\" alt=\"\" srcset=\"https:\/\/escolasdobidos.com\/website\/wp-content\/uploads\/2025\/05\/18166-1024x540.jpg 1024w, https:\/\/escolasdobidos.com\/website\/wp-content\/uploads\/2025\/05\/18166-300x158.jpg 300w, https:\/\/escolasdobidos.com\/website\/wp-content\/uploads\/2025\/05\/18166-768x405.jpg 768w, https:\/\/escolasdobidos.com\/website\/wp-content\/uploads\/2025\/05\/18166-1536x810.jpg 1536w, https:\/\/escolasdobidos.com\/website\/wp-content\/uploads\/2025\/05\/18166-2048x1081.jpg 2048w, https:\/\/escolasdobidos.com\/website\/wp-content\/uploads\/2025\/05\/18166-1920x1013.jpg 1920w\" sizes=\"(max-width: 1024px) 100vw, 1024px\" \/>\t\t\t\t\t\t\t\t\t\t\t\t\t\t\t<\/div>\n\t\t\t\t<\/div>\n\t\t\t\t<div class=\"elementor-element elementor-element-965291b elementor-widget elementor-widget-image\" data-id=\"965291b\" data-element_type=\"widget\" data-e-type=\"widget\" data-widget_type=\"image.default\">\n\t\t\t\t<div class=\"elementor-widget-container\">\n\t\t\t\t\t\t\t\t\t\t\t\t\t\t\t<img decoding=\"async\" width=\"1024\" height=\"1019\" src=\"https:\/\/escolasdobidos.com\/website\/wp-content\/uploads\/2025\/05\/PLA2526-1024x1019.jpg\" class=\"attachment-large size-large wp-image-17973\" alt=\"\" srcset=\"https:\/\/escolasdobidos.com\/website\/wp-content\/uploads\/2025\/05\/PLA2526-1024x1019.jpg 1024w, https:\/\/escolasdobidos.com\/website\/wp-content\/uploads\/2025\/05\/PLA2526-300x300.jpg 300w, https:\/\/escolasdobidos.com\/website\/wp-content\/uploads\/2025\/05\/PLA2526-150x150.jpg 150w, https:\/\/escolasdobidos.com\/website\/wp-content\/uploads\/2025\/05\/PLA2526-768x764.jpg 768w, https:\/\/escolasdobidos.com\/website\/wp-content\/uploads\/2025\/05\/PLA2526.jpg 1051w\" sizes=\"(max-width: 1024px) 100vw, 1024px\" \/>\t\t\t\t\t\t\t\t\t\t\t\t\t\t\t<\/div>\n\t\t\t\t<\/div>\n\t\t\t\t<div class=\"elementor-element elementor-element-36c5f61 content-align-cta-center elementor-widget elementor-widget-eael-cta-box\" data-id=\"36c5f61\" data-element_type=\"widget\" data-e-type=\"widget\" data-widget_type=\"eael-cta-box.default\">\n\t\t\t\t<div class=\"elementor-widget-container\">\n\t\t\t\t\t\t\t<div class=\"eael-call-to-action cta-basic bg-lite cta-preset-1\">\n        <h2 class=\"title eael-cta-heading\">Pre-Registration<\/h2><p>Pre-registration does not guarantee a place.<br \/>Selection will be made on a date to be announced.<\/p><a href=\"https:\/\/forms.gle\/7szszLQDqgwd9Rnd8\" class=\"cta-button cta-preset-1  \">Click Here<\/a>\t<\/div>\n\t\t\t\t\t\t\t\t<\/div>\n\t\t\t\t<\/div>\n\t\t\t\t<div class=\"elementor-element elementor-element-2aba8df elementor-widget elementor-widget-text-editor\" data-id=\"2aba8df\" data-element_type=\"widget\" data-e-type=\"widget\" data-widget_type=\"text-editor.default\">\n\t\t\t\t<div class=\"elementor-widget-container\">\n\t\t\t\t\t\t\t\t\t<p style=\"background-color:#e6f0fa; padding:20px; border-left:5px solid #0078D4; border-radius:8px; font-family:Segoe UI, sans-serif; font-size:18px; line-height:1.6; color:#333;\">\n  <strong>PLA courses<\/strong> are intended for <strong>individuals aged 16 or older<\/strong> whose <strong>native language is not Portuguese<\/strong> and\/or who do not possess <strong>basic, intermediate, or advanced<\/strong> skills in the Portuguese language, according to the <em>Common European Framework of Reference for Languages (CEFR)<\/em>.\n<\/p>\n\t\t\t\t\t\t\t\t<\/div>\n\t\t\t\t<\/div>\n\t\t\t\t<section class=\"elementor-section elementor-inner-section elementor-element elementor-element-2ed1065 elementor-section-boxed elementor-section-height-default elementor-section-height-default\" data-id=\"2ed1065\" data-element_type=\"section\" data-e-type=\"section\" data-settings=\"{&quot;_ha_eqh_enable&quot;:false}\">\n\t\t\t\t\t\t<div class=\"elementor-container elementor-column-gap-default\">\n\t\t\t\t\t<div class=\"elementor-column elementor-col-100 elementor-inner-column elementor-element elementor-element-8b41736\" data-id=\"8b41736\" data-element_type=\"column\" data-e-type=\"column\">\n\t\t\t<div class=\"elementor-widget-wrap elementor-element-populated\">\n\t\t\t\t\t\t<div class=\"elementor-element elementor-element-600d9fa e-transform eael-infobox-content-align--center eael-infobox-icon-bg-shape-none eael-infobox-icon-hover-bg-shape-none elementor-widget elementor-widget-eael-info-box\" data-id=\"600d9fa\" data-element_type=\"widget\" data-e-type=\"widget\" data-settings=\"{&quot;_transform_scale_effect_hover&quot;:{&quot;unit&quot;:&quot;px&quot;,&quot;size&quot;:1.1,&quot;sizes&quot;:[]},&quot;_transform_scale_effect_hover_tablet&quot;:{&quot;unit&quot;:&quot;px&quot;,&quot;size&quot;:&quot;&quot;,&quot;sizes&quot;:[]},&quot;_transform_scale_effect_hover_mobile&quot;:{&quot;unit&quot;:&quot;px&quot;,&quot;size&quot;:&quot;&quot;,&quot;sizes&quot;:[]}}\" data-widget_type=\"eael-info-box.default\">\n\t\t\t\t<div class=\"elementor-widget-container\">\n\t\t\t\t\t        <div class=\"eael-infobox icon-on-top\">\n\t            <div class=\"infobox-icon\">\n\n            \n            \n                            <div class=\"infobox-icon-wrap\">\n                    <span class=\"infobox-icon-number\">A<\/span>\n                <\/div>\n            \n        <\/div>\n            <div class=\"infobox-content\">\n                    <div class=\"infobox-title-section\">\n                <h2 class=\"title\">Elementary Level A1\u2013A2<\/h2>            <\/div>\n            <div>Aimed at <strong>foreign nationals who do not speak Portuguese<\/strong>, this is a <strong>certified course<\/strong> that grants access to <strong>Portuguese nationality<\/strong>, <strong>permanent residence<\/strong>, and\/or <strong>long-term resident status<\/strong>. The course has a total duration of <strong>150 hours<\/strong>.<\/div>        <\/div>\n            <\/div>\n\n\t\t\t\t\t\t<\/div>\n\t\t\t\t<\/div>\n\t\t\t\t<div class=\"elementor-element elementor-element-eeb8024 e-transform e-transform eael-infobox-content-align--center eael-infobox-icon-bg-shape-none eael-infobox-icon-hover-bg-shape-none elementor-widget elementor-widget-eael-info-box\" data-id=\"eeb8024\" data-element_type=\"widget\" data-e-type=\"widget\" data-settings=\"{&quot;_transform_scale_effect_hover&quot;:{&quot;unit&quot;:&quot;px&quot;,&quot;size&quot;:1.1,&quot;sizes&quot;:[]},&quot;_transform_scale_effect&quot;:{&quot;unit&quot;:&quot;px&quot;,&quot;size&quot;:&quot;&quot;,&quot;sizes&quot;:[]},&quot;_transform_scale_effect_tablet&quot;:{&quot;unit&quot;:&quot;px&quot;,&quot;size&quot;:&quot;&quot;,&quot;sizes&quot;:[]},&quot;_transform_scale_effect_mobile&quot;:{&quot;unit&quot;:&quot;px&quot;,&quot;size&quot;:&quot;&quot;,&quot;sizes&quot;:[]},&quot;_transform_scale_effect_hover_tablet&quot;:{&quot;unit&quot;:&quot;px&quot;,&quot;size&quot;:&quot;&quot;,&quot;sizes&quot;:[]},&quot;_transform_scale_effect_hover_mobile&quot;:{&quot;unit&quot;:&quot;px&quot;,&quot;size&quot;:&quot;&quot;,&quot;sizes&quot;:[]}}\" data-widget_type=\"eael-info-box.default\">\n\t\t\t\t<div class=\"elementor-widget-container\">\n\t\t\t\t\t        <div class=\"eael-infobox icon-on-top\">\n\t            <div class=\"infobox-icon\">\n\n            \n            \n                            <div class=\"infobox-icon-wrap\">\n                    <span class=\"infobox-icon-number\">B<\/span>\n                <\/div>\n            \n        <\/div>\n            <div class=\"infobox-content\">\n                    <div class=\"infobox-title-section\">\n                <h2 class=\"title\">Continuation Level B1\u2013B2<\/h2>            <\/div>\n            <div>This course, with a total duration of <strong>150 hours<\/strong>, is aimed at <strong>foreign nationals who already hold the certificate<\/strong> from the <strong>Portuguese for Speakers of Other Languages course (Level A2)<\/strong> and who wish to further improve their <strong>Portuguese language skills<\/strong>.<\/div>        <\/div>\n            <\/div>\n\n\t\t\t\t\t\t<\/div>\n\t\t\t\t<\/div>\n\t\t\t\t\t<\/div>\n\t\t<\/div>\n\t\t\t\t\t<\/div>\n\t\t<\/section>\n\t\t\t\t<div class=\"elementor-element elementor-element-4e4bfde eael-infobox-content-align--center eael-infobox-icon-bg-shape-none eael-infobox-icon-hover-bg-shape-none elementor-widget elementor-widget-eael-info-box\" data-id=\"4e4bfde\" data-element_type=\"widget\" data-e-type=\"widget\" data-widget_type=\"eael-info-box.default\">\n\t\t\t\t<div class=\"elementor-widget-container\">\n\t\t\t\t\t        <div class=\"eael-infobox icon-on-top\">\n\t            <div class=\"infobox-icon eael-icon-only\">\n\n            \n                            <div class=\"infobox-icon-wrap\">\n                    <i aria-hidden=\"true\" class=\"fas fa-info-circle\"><\/i>                <\/div>\n            \n            \n        <\/div>\n            <div class=\"infobox-content eael-icon-only\">\n                    <div class=\"infobox-title-section\">\n                <h2 class=\"title\">More Information<\/h2>            <\/div>\n            <div><p>To enrol in these courses, participants must present:<br \/><strong>-Passport\/Residence Permit<br \/><\/strong><strong>&#8211; Tax Identification Number (NIF)<\/strong><\/p><p>THE COURSES WILL START ONCE THERE ARE ENOUGH PARTICIPANTS ENROLLED<\/p><p><strong>Pre-registration does not guarantee a place.<\/strong><br \/>Selection will take place on a date to be announced.<\/p><p>For more information: \u2709\ufe0f<a class=\"cursor-pointer\" rel=\"noopener\">executivo@escolasobidos.net<\/a><\/p><\/div>        <\/div>\n            <\/div>\n\n\t\t\t\t\t\t<\/div>\n\t\t\t\t<\/div>\n\t\t\t\t\t<\/div>\n\t\t<\/div>\n\t\t\t\t\t<\/div>\n\t\t<\/section>\n\t\t\t\t<section class=\"elementor-section elementor-top-section elementor-element elementor-element-7abd9ca elementor-section-full_width elementor-section-height-default elementor-section-height-default\" data-id=\"7abd9ca\" data-element_type=\"section\" data-e-type=\"section\" data-settings=\"{&quot;background_background&quot;:&quot;classic&quot;,&quot;_ha_eqh_enable&quot;:false}\">\n\t\t\t\t\t\t<div class=\"elementor-container elementor-column-gap-default\">\n\t\t\t\t\t<div class=\"elementor-column elementor-col-100 elementor-top-column elementor-element elementor-element-0fb683d\" data-id=\"0fb683d\" data-element_type=\"column\" data-e-type=\"column\">\n\t\t\t<div class=\"elementor-widget-wrap elementor-element-populated\">\n\t\t\t\t\t\t<div class=\"elementor-element elementor-element-ac725bb elementor-widget elementor-widget-image\" data-id=\"ac725bb\" data-element_type=\"widget\" data-e-type=\"widget\" data-widget_type=\"image.default\">\n\t\t\t\t<div class=\"elementor-widget-container\">\n\t\t\t\t\t\t\t\t\t\t\t\t\t\t\t<img loading=\"lazy\" decoding=\"async\" width=\"1024\" height=\"449\" src=\"https:\/\/escolasdobidos.com\/website\/wp-content\/uploads\/2025\/05\/PLA2526_2-1024x449.png\" class=\"attachment-large size-large wp-image-17971\" alt=\"\" srcset=\"https:\/\/escolasdobidos.com\/website\/wp-content\/uploads\/2025\/05\/PLA2526_2-1024x449.png 1024w, https:\/\/escolasdobidos.com\/website\/wp-content\/uploads\/2025\/05\/PLA2526_2-300x131.png 300w, https:\/\/escolasdobidos.com\/website\/wp-content\/uploads\/2025\/05\/PLA2526_2-768x336.png 768w, https:\/\/escolasdobidos.com\/website\/wp-content\/uploads\/2025\/05\/PLA2526_2-1536x673.png 1536w, https:\/\/escolasdobidos.com\/website\/wp-content\/uploads\/2025\/05\/PLA2526_2-2048x897.png 2048w, https:\/\/escolasdobidos.com\/website\/wp-content\/uploads\/2025\/05\/PLA2526_2-1920x841.png 1920w\" sizes=\"(max-width: 1024px) 100vw, 1024px\" \/>\t\t\t\t\t\t\t\t\t\t\t\t\t\t\t<\/div>\n\t\t\t\t<\/div>\n\t\t\t\t\t<\/div>\n\t\t<\/div>\n\t\t\t\t\t<\/div>\n\t\t<\/section>\n\t\t\t\t<\/div>\n\t\t","protected":false},"excerpt":{"rendered":"<p>Pr\u00e9-Inscri\u00e7\u00e3o A Pr\u00e9- Inscri\u00e7\u00e3o n\u00e3o garante vaga. A sele\u00e7\u00e3o ser\u00e1 feita em data a anunciar. Clica aqui Os cursos de PLA destinam-se a cidad\u00e3os com idade igual ou superior a 16 anos, cuja l\u00edngua materna n\u00e3o \u00e9 a l\u00edngua portuguesa e\/ou que n\u00e3o detenham compet\u00eancias b\u00e1sicas, interm\u00e9dias ou avan\u00e7adas em l\u00edngua portuguesa, de acordo com&hellip; <br \/> <a class=\"button small blue\" href=\"https:\/\/escolasdobidos.com\/website\/portugues-lingua-de-acolhimento-pla\/\">Read more<\/a><\/p>\n","protected":false},"author":22,"featured_media":0,"parent":0,"menu_order":0,"comment_status":"closed","ping_status":"closed","template":"elementor_header_footer","meta":{"footnotes":""},"class_list":["post-17964","page","type-page","status-publish","hentry"],"_links":{"self":[{"href":"https:\/\/escolasdobidos.com\/website\/wp-json\/wp\/v2\/pages\/17964","targetHints":{"allow":["GET"]}}],"collection":[{"href":"https:\/\/escolasdobidos.com\/website\/wp-json\/wp\/v2\/pages"}],"about":[{"href":"https:\/\/escolasdobidos.com\/website\/wp-json\/wp\/v2\/types\/page"}],"author":[{"embeddable":true,"href":"https:\/\/escolasdobidos.com\/website\/wp-json\/wp\/v2\/users\/22"}],"replies":[{"embeddable":true,"href":"https:\/\/escolasdobidos.com\/website\/wp-json\/wp\/v2\/comments?post=17964"}],"version-history":[{"count":0,"href":"https:\/\/escolasdobidos.com\/website\/wp-json\/wp\/v2\/pages\/17964\/revisions"}],"wp:attachment":[{"href":"https:\/\/escolasdobidos.com\/website\/wp-json\/wp\/v2\/media?parent=17964"}],"curies":[{"name":"wp","href":"https:\/\/api.w.org\/{rel}","templated":true}]}}