{"id":18014,"date":"2025-06-02T15:58:02","date_gmt":"2025-06-02T15:58:02","guid":{"rendered":"https:\/\/escolasdobidos.com\/website\/?page_id=18014"},"modified":"2025-06-02T16:01:16","modified_gmt":"2025-06-02T16:01:16","slug":"escola-digital","status":"publish","type":"page","link":"https:\/\/escolasdobidos.com\/website\/escola-digital\/","title":{"rendered":"Escola Digital"},"content":{"rendered":"\t\t<div data-elementor-type=\"wp-page\" data-elementor-id=\"18014\" class=\"elementor elementor-18014\" data-elementor-settings=\"{&quot;ha_cmc_init_switcher&quot;:&quot;no&quot;}\" data-elementor-post-type=\"page\">\n\t\t\t\t\t\t<section class=\"elementor-section elementor-top-section elementor-element elementor-element-1cc5e23 elementor-section-boxed elementor-section-height-default elementor-section-height-default\" data-id=\"1cc5e23\" data-element_type=\"section\" data-e-type=\"section\" data-settings=\"{&quot;_ha_eqh_enable&quot;:false}\">\n\t\t\t\t\t\t<div class=\"elementor-container elementor-column-gap-default\">\n\t\t\t\t\t<div class=\"elementor-column elementor-col-100 elementor-top-column elementor-element elementor-element-e9ba421\" data-id=\"e9ba421\" data-element_type=\"column\" data-e-type=\"column\">\n\t\t\t<div class=\"elementor-widget-wrap elementor-element-populated\">\n\t\t\t\t\t\t<div class=\"elementor-element elementor-element-e4ae23a eael-dual-header-content-align-center elementor-widget elementor-widget-eael-dual-color-header\" data-id=\"e4ae23a\" data-element_type=\"widget\" data-e-type=\"widget\" data-widget_type=\"eael-dual-color-header.default\">\n\t\t\t\t<div class=\"elementor-widget-container\">\n\t\t\t\t\t\t\t\t<div class=\"eael-dual-header\">\n\t\t\t\t<h2 class=\"title eael-dch-title\"><span class=\"eael-dch-title-text eael-dch-title-lead lead solid-color\">Devolu\u00e7\u00e3o de <\/span> <span class=\"eael-dch-title-text\">Equipamentos Inform\u00e1ticos<\/span><\/h2>\t\t\t\t\t<span class=\"subtext\"><p>Ano Letivo 2024\/2025<\/p><\/span>\n\t\t\t\t\t\t\t\t\t<span class=\"eael-dch-svg-icon\"><\/span>\t\t\t\t\t\t\t<\/div>\n\n\t\t\t\t\t\t<\/div>\n\t\t\t\t<\/div>\n\t\t\t\t\t<\/div>\n\t\t<\/div>\n\t\t\t\t\t<\/div>\n\t\t<\/section>\n\t\t\t\t<section class=\"elementor-section elementor-top-section elementor-element elementor-element-002ea87 elementor-section-boxed elementor-section-height-default elementor-section-height-default\" data-id=\"002ea87\" data-element_type=\"section\" data-e-type=\"section\" data-settings=\"{&quot;background_background&quot;:&quot;classic&quot;,&quot;shape_divider_top&quot;:&quot;opacity-tilt&quot;,&quot;shape_divider_bottom&quot;:&quot;opacity-tilt&quot;,&quot;_ha_eqh_enable&quot;:false}\">\n\t\t\t\t\t<div class=\"elementor-shape elementor-shape-top\" aria-hidden=\"true\" data-negative=\"false\">\n\t\t\t<svg xmlns=\"http:\/\/www.w3.org\/2000\/svg\" viewBox=\"0 0 2600 131.1\" preserveAspectRatio=\"none\">\n\t<path class=\"elementor-shape-fill\" d=\"M0 0L2600 0 2600 69.1 0 0z\"\/>\n\t<path class=\"elementor-shape-fill\" style=\"opacity:0.5\" d=\"M0 0L2600 0 2600 69.1 0 69.1z\"\/>\n\t<path class=\"elementor-shape-fill\" style=\"opacity:0.25\" d=\"M2600 0L0 0 0 130.1 2600 69.1z\"\/>\n<\/svg>\t\t<\/div>\n\t\t\t\t<div class=\"elementor-shape elementor-shape-bottom\" aria-hidden=\"true\" data-negative=\"false\">\n\t\t\t<svg xmlns=\"http:\/\/www.w3.org\/2000\/svg\" viewBox=\"0 0 2600 131.1\" preserveAspectRatio=\"none\">\n\t<path class=\"elementor-shape-fill\" d=\"M0 0L2600 0 2600 69.1 0 0z\"\/>\n\t<path class=\"elementor-shape-fill\" style=\"opacity:0.5\" d=\"M0 0L2600 0 2600 69.1 0 69.1z\"\/>\n\t<path class=\"elementor-shape-fill\" style=\"opacity:0.25\" d=\"M2600 0L0 0 0 130.1 2600 69.1z\"\/>\n<\/svg>\t\t<\/div>\n\t\t\t\t\t<div class=\"elementor-container elementor-column-gap-default\">\n\t\t\t\t\t<div class=\"elementor-column elementor-col-100 elementor-top-column elementor-element elementor-element-fd08a47\" data-id=\"fd08a47\" data-element_type=\"column\" data-e-type=\"column\">\n\t\t\t<div class=\"elementor-widget-wrap elementor-element-populated\">\n\t\t\t\t\t\t<section class=\"elementor-section elementor-inner-section elementor-element elementor-element-598a013 elementor-section-boxed elementor-section-height-default elementor-section-height-default\" data-id=\"598a013\" data-element_type=\"section\" data-e-type=\"section\" data-settings=\"{&quot;_ha_eqh_enable&quot;:false}\">\n\t\t\t\t\t\t<div class=\"elementor-container elementor-column-gap-default\">\n\t\t\t\t\t<div class=\"elementor-column elementor-col-100 elementor-inner-column elementor-element elementor-element-ac814c4\" data-id=\"ac814c4\" data-element_type=\"column\" data-e-type=\"column\">\n\t\t\t<div class=\"elementor-widget-wrap elementor-element-populated\">\n\t\t\t\t\t\t<div class=\"elementor-element elementor-element-fc84578 elementor-widget elementor-widget-text-editor\" data-id=\"fc84578\" data-element_type=\"widget\" data-e-type=\"widget\" data-widget_type=\"text-editor.default\">\n\t\t\t\t<div class=\"elementor-widget-container\">\n\t\t\t\t\t\t\t\t\t<div style=\"font-family: 'Segoe UI', sans-serif; font-size: 15px; line-height: 1.6; color: #333; background: #fdfdfd; padding: 20px; border-radius: 6px; border: 1px solid #ddd;\"><p style=\"font-weight: 600; margin-top: 20px;\">Para docentes contratados e QZP<\/p><ul style=\"margin-top: 5px; padding-left: 20px;\"><li>28 de julho a 5 de agosto<\/li><li>8 a 11 de setembro<\/li><\/ul><p style=\"font-weight: 600; margin-top: 20px;\">Para encarregados de educa\u00e7\u00e3o<\/p><p><strong>4.\u00bas anos e transfer\u00eancias:<\/strong> 7 a 18 de julho<\/p><p><strong>9.\u00bas anos, 12.\u00bas anos, profissionais e transfer\u00eancias:<\/strong> 21 de julho a 1 de agosto<\/p><p><strong>Hor\u00e1rio:<\/strong> 9h \u2013 12h | 14h \u2013 16h<\/p><p style=\"font-weight: 600; margin-top: 20px;\">Bens a devolver<\/p><ul style=\"columns: 2; -webkit-columns: 2; -moz-columns: 2; padding-left: 20px;\"><li>Computador port\u00e1til<\/li><li>Carregador<\/li><li>Hotspot<\/li><li>Cabo USB \/ carregador<\/li><li>Cart\u00e3o SIM<\/li><li>C\u00f3digos PIN e PUK<\/li><li>Mochila<\/li><li>Caixas (se aplic\u00e1vel)<\/li><\/ul><p style=\"font-weight: 600; margin-top: 20px;\">Antes de devolver<\/p><ul style=\"padding-left: 20px;\"><li>Certifique-se de que o kit est\u00e1 limpo e funcional.<\/li><li>Deve ser reposto o sistema operativo:<br \/><a style=\"color: #0055aa;\" href=\"https:\/\/www.youtube.com\/watch?v=hYA6d0SHjsU\" target=\"_blank\" rel=\"noopener\">ver tutorial<\/a>.<\/li><\/ul><p style=\"font-weight: 600; margin-top: 20px;\">Durante a entrega<\/p><ul style=\"padding-left: 20px;\"><li>Verifica\u00e7\u00e3o de n\u00famero de s\u00e9rie e imobilizado<\/li><li>Inspe\u00e7\u00e3o visual e funcional dos equipamentos<\/li><li>Registo de eventuais anomalias<\/li><\/ul><p style=\"font-weight: 600; margin-top: 20px; color: #a00;\">Incumprimento<\/p><ul style=\"padding-left: 20px;\"><li>Bloqueio na atribui\u00e7\u00e3o de novos equipamentos<\/li><li>Participa\u00e7\u00e3o \u00e0s autoridades<\/li><li>Responsabiliza\u00e7\u00e3o contratual no prazo de 5 dias \u00fateis<\/li><\/ul><p style=\"margin-top: 25px;\">D\u00favidas ou informa\u00e7\u00f5es: <strong>Andreia N\u00f3brega (andreianobrega@escolasobidos.net)<\/strong><\/p><\/div>\t\t\t\t\t\t\t\t<\/div>\n\t\t\t\t<\/div>\n\t\t\t\t\t<\/div>\n\t\t<\/div>\n\t\t\t\t\t<\/div>\n\t\t<\/section>\n\t\t\t\t\t<\/div>\n\t\t<\/div>\n\t\t\t\t\t<\/div>\n\t\t<\/section>\n\t\t\t\t<\/div>\n\t\t","protected":false},"excerpt":{"rendered":"<p>Devolu\u00e7\u00e3o de Equipamentos Inform\u00e1ticos Ano Letivo 2024\/2025 Para docentes contratados e QZP 28 de julho a 5 de agosto 8 a 11 de setembro Para encarregados de educa\u00e7\u00e3o 4.\u00bas anos e transfer\u00eancias: 7 a 18 de julho 9.\u00bas anos, 12.\u00bas anos, profissionais e transfer\u00eancias: 21 de julho a 1 de agosto Hor\u00e1rio: 9h \u2013 12h&hellip; <br \/> <a class=\"button small blue\" href=\"https:\/\/escolasdobidos.com\/website\/escola-digital\/\">Read more<\/a><\/p>\n","protected":false},"author":22,"featured_media":0,"parent":0,"menu_order":0,"comment_status":"closed","ping_status":"closed","template":"","meta":{"footnotes":""},"class_list":["post-18014","page","type-page","status-publish","hentry"],"_links":{"self":[{"href":"https:\/\/escolasdobidos.com\/website\/wp-json\/wp\/v2\/pages\/18014","targetHints":{"allow":["GET"]}}],"collection":[{"href":"https:\/\/escolasdobidos.com\/website\/wp-json\/wp\/v2\/pages"}],"about":[{"href":"https:\/\/escolasdobidos.com\/website\/wp-json\/wp\/v2\/types\/page"}],"author":[{"embeddable":true,"href":"https:\/\/escolasdobidos.com\/website\/wp-json\/wp\/v2\/users\/22"}],"replies":[{"embeddable":true,"href":"https:\/\/escolasdobidos.com\/website\/wp-json\/wp\/v2\/comments?post=18014"}],"version-history":[{"count":0,"href":"https:\/\/escolasdobidos.com\/website\/wp-json\/wp\/v2\/pages\/18014\/revisions"}],"wp:attachment":[{"href":"https:\/\/escolasdobidos.com\/website\/wp-json\/wp\/v2\/media?parent=18014"}],"curies":[{"name":"wp","href":"https:\/\/api.w.org\/{rel}","templated":true}]}}