{"id":7522,"date":"2014-01-21T20:25:19","date_gmt":"2014-01-21T20:25:19","guid":{"rendered":"http:\/\/hedge.themeisland.net\/?page_id=2"},"modified":"2020-05-06T14:09:35","modified_gmt":"2020-05-06T14:09:35","slug":"sample-page-2-2-2-2-2-2","status":"publish","type":"page","link":"https:\/\/escolasdobidos.com\/website\/blogs\/sample-page-2-2-2-2-2-2\/","title":{"rendered":"Home Page_Mesmo"},"content":{"rendered":"<p>[vc_row][vc_column][rev_slider_vc alias=&#8221;home&#8221;][\/vc_column][\/vc_row][vc_row][vc_column][vc_empty_space height=&#8221;25px&#8221;][\/vc_column][\/vc_row][vc_row][vc_column][vc_column_text]<\/p>\n<h1 style=\"text-align: center;\">Matr\u00edcula e per\u00edodo de matr\u00edcula<\/h1>\n<p>[\/vc_column_text][\/vc_column][\/vc_row][vc_row][vc_column width=&#8221;2\/3&#8243; css=&#8221;.vc_custom_1587736876338{background-color: #dddddd !important;}&#8221;][vc_column_text]<\/p>\n<p style=\"text-align: left;\"><strong>Decreto-Lei n.\u00ba 14-G\/2020 de 13 de abril<\/strong><\/p>\n<p style=\"text-align: left;\"><strong>CAP\u00cdTULO IV<\/strong><br \/>\nRegime excecional relativo a matr\u00edculas e renova\u00e7\u00e3o de matr\u00edculas<br \/>\nArtigo 11.\u00ba<br \/>\nMatr\u00edcula e per\u00edodo de matr\u00edcula<\/p>\n<p>1 \u2014 O pedido de matr\u00edcula \u00e9 apresentado preferencialmente via Internet, no portal <a href=\"http:\/\/portaldasmatriculas.edu.gov.pt\" target=\"_blank\">portaldasmatriculas.edu.gov.pt<\/a>, com recurso \u00e0 autentica\u00e7\u00e3o atrav\u00e9s de cart\u00e3o de cidad\u00e3o, chave m\u00f3vel digital ou credenciais de acesso ao Portal das Finan\u00e7as.<br \/>\n2 \u2014 Na educa\u00e7\u00e3o pr\u00e9 -escolar e no 1.\u00ba ciclo do ensino b\u00e1sico, o per\u00edodo normal de matr\u00edcula para o ano escolar de 2020\/2021 \u00e9 fixado entre o dia 4 de maio e o dia 30 de junho de 2020.<br \/>\n3 \u2014 As matr\u00edculas recebidas at\u00e9 30 de junho de 2020 s\u00e3o consideradas imediatamente ap\u00f3s essa data para efeitos de seria\u00e7\u00e3o, sendo as demais sujeitas a seria\u00e7\u00e3o em momento posterior.<br \/>\n4 \u2014 Nos ensinos b\u00e1sico e secund\u00e1rio, nas situa\u00e7\u00f5es previstas nas al\u00edneas c), d) e e) do n.\u00ba 1 do artigo 5.\u00ba do Despacho Normativo n.\u00ba 6\/2018, de 12 de abril, na sua reda\u00e7\u00e3o atual, o per\u00edodo normal para matr\u00edcula \u00e9 fixado pelo diretor da escola, n\u00e3o podendo ultrapassar:<br \/>\na) O 5.\u00ba dia \u00fatil subsequente \u00e0 defini\u00e7\u00e3o da situa\u00e7\u00e3o escolar dos alunos que pretendam alterar o seu percurso formativo;<br \/>\nb) O dia 30 de julho de 2020 para os alunos que pretendam retomar o seu percurso formativo;<br \/>\nc) O dia 31 de dezembro de 2020 para os alunos que pretendam matricular -se no ensino recorrente.<br \/>\n5 \u2014 Expirado o per\u00edodo fixado na al\u00ednea b) do n\u00famero anterior, podem ser aceites matr\u00edculas, em situa\u00e7\u00f5es excecionais devidamente justificadas:<br \/>\na) Nos oito dias \u00fateis imediatamente seguintes;<br \/>\nb) Terminado o per\u00edodo fixado na al\u00ednea anterior, at\u00e9 31 de dezembro de 2020, mediante exist\u00eancia de vaga nas turmas constitu\u00eddas.<\/p>\n<p><a href=\"https:\/\/aerbp.pt\/wp-content\/uploads\/2020\/04\/Despacho-Normativo-5-2020.pdf\">Despacho Normativo 5\/2020<\/a>[\/vc_column_text][\/vc_column][vc_column width=&#8221;1\/3&#8243;][vc_column_text]Quem n\u00e3o conseguir efetuar a matr\u00edcula via Internet no portal das matr\u00edculas pode enviar via correio eletr\u00f3nico para secretaria (<a href=\"mailto:teresaleal@escolasobidos.net\">teresaleal@escolasobidos.net<\/a> ou <a href=\"mailto:executivo@escolasobidos.net\">executivo@escolasobidos.net<\/a> )\u00a0 os seguintes documentos digitalizados\/fotografados (de forma leg\u00edvel):<br \/>\n&#8211; Boletim de vacinas;<br \/>\n&#8211; Cart\u00e3o de Cidad\u00e3o do pai, m\u00e3e, e aluno(a);<br \/>\n&#8211; Morada correta;<br \/>\n&#8211; Contactos telef\u00f3nicos \/ e-mail;<br \/>\n&#8211; Fotografia;<br \/>\n&#8211; Comprovativo de escal\u00e3o\/abono (est\u00e1 dispon\u00edvel online);<br \/>\n&#8211; Comprovativo da morada (uma fatura da luz, ou outra);<\/p>\n<p>&#8211; Declara\u00e7\u00e3o de consentimento para recolha de dados que est\u00e1 dispon\u00edvel <a href=\"https:\/\/docescolas.dgeec.mec.pt\/index.php\/s\/rNWhbsk2Wq0gcb7\">aqui.<\/a><br \/>\nA secretaria far\u00e1 a inscri\u00e7\u00e3o e enviar\u00e1 o comprovativo via correio eletr\u00f3nico.<\/p>\n<p>Quem n\u00e3o conseguir nenhum dos dois procedimentos mencionados, e tiver mesmo necessidade de se dirigir \u00e0 escola, tem de ser por marca\u00e7\u00e3o, s\u00f3 poder\u00e1 ir uma pessoa e com as devidas prote\u00e7\u00f5es (luvas e m\u00e1scara).<\/p>\n<p>Telefone: 262 955 330[\/vc_column_text][\/vc_column][\/vc_row][vc_row][vc_column][vc_empty_space height=&#8221;25px&#8221;][\/vc_column][\/vc_row][vc_row][vc_column][vc_column_text]<\/p>\n<p style=\"text-align: left;\"><strong>Pr\u00e9-Escolar e para o 1\u00ba ano<\/strong><\/p>\n<p>As matr\u00edculas para o ano letivo de 2020\/2021, para o Pr\u00e9-Escolar e para o 1\u00ba ano de escolaridade, decorrem de 4 de maio a 30 de Junho de 2020.<br \/>\nS\u00e3o realizadas, preferencialmente, via Internet na aplica\u00e7\u00e3o Portal das Matr\u00edculas (<a href=\"http:\/\/portaldasmatriculas.edu.gov.pt\" target=\"_blank\">portaldasmatriculas.edu.gov.pt<\/a>).<br \/>\n<a href=\"https:\/\/www.youtube.com\/watch?v=egd6oNPsuUk&amp;feature=emb_logo\" target=\"_blank\">https:\/\/www.youtube.com\/watch?v=egd6oNPsuUk&amp;feature=emb_logo<\/a><\/p>\n<p>A partir do pr\u00f3ximo dia 04 de maio o Portal das Matr\u00edculas estar\u00e1 dispon\u00edvel para que Encarregados de Educa\u00e7\u00e3o e Servi\u00e7os Escolares registem pedidos de matr\u00edcula para o ano letivo 2020\/2021.<\/p>\n<p>Foram introduzidas na aplica\u00e7\u00e3o melhorias significativas de modo a permitir que:<br \/>\n\u2022 O Encarregado de Educa\u00e7\u00e3o efetue na aplica\u00e7\u00e3o todos os procedimentos de matr\u00edcula e renova\u00e7\u00e3o de matr\u00edcula, assegurando que s\u00e3o recolhidos os dados necess\u00e1rios ao cumprimento rigoroso de crit\u00e9rios de seria\u00e7\u00e3o e \u00e0 cria\u00e7\u00e3o, ou consolida\u00e7\u00e3o do registo biogr\u00e1fico do\/a aluno\/a no estabelecimento de educa\u00e7\u00e3o e ensino em que vier a ser colocado;<br \/>\n\u2022 A aplica\u00e7\u00e3o obtenha por consulta eletr\u00f3nica nos sistemas da Seguran\u00e7a Social, o escal\u00e3o de abono de fam\u00edlia, fa\u00e7a prova escolar junto desta entidade e envie automaticamente os dados necess\u00e1rios \u00e0 obten\u00e7\u00e3o de t\u00edtulos de transporte para as autarquias aderentes, com consentimento pr\u00e9vio do Encarregado de Educa\u00e7\u00e3o;<br \/>\n\u2022 Possam ser submetidos no Portal todos os processos de renova\u00e7\u00e3o de matr\u00edcula e n\u00e3o apenas os que se referem aos anos de transi\u00e7\u00e3o de ciclo. Como refere o Despacho Normativo n.\u00ba 5\/2020, a renova\u00e7\u00e3o \u00e9 efetuada de forma eletr\u00f3nica no Portal das Matr\u00edculas e n\u00e3o em qualquer outro sistema;<br \/>\n\u2022 No caso de serem os servi\u00e7os escolares a proceder ao registo eletr\u00f3nico da matricula ou renova\u00e7\u00e3o, o seu trabalho seja facilitado pelo acesso a um conjunto de dados pr\u00e9-preenchidos com informa\u00e7\u00e3o dispon\u00edvel na MISI, no E360 e no Portal das Matriculas no ano letivo 2019\/2020, sendo apenas necess\u00e1rio atualizar, ou preencher a informa\u00e7\u00e3o desatualizada ou em falta e recolher junto do Encarregado de Educa\u00e7\u00e3o os consentimentos necess\u00e1rios.<\/p>\n<p>De modo a facilitar a recolha desses consentimentos disponibilizamos <a href=\"https:\/\/docescolas.dgeec.mec.pt\/index.php\/s\/rNWhbsk2Wq0gcb7\" target=\"_blank\">aqui <\/a>uma minuta para que seja remetida ao Encarregado de Educa\u00e7\u00e3o e aguardar que este a devolva devidamente preenchida, nos casos em que n\u00e3o tenha possibilidade de proceder autonomamente ao registo de matr\u00edcula online.<\/p>\n<p>[\/vc_column_text][\/vc_column][\/vc_row][vc_row][vc_column][vc_empty_space height=&#8221;25px&#8221;][\/vc_column][\/vc_row][vc_row el_class=&#8221;hover-grid&#8221;][vc_column width=&#8221;1\/2&#8243;][vc_custom_heading text=&#8221;A\u00e7\u00e3o Social Escolar&#8221; font_container=&#8221;tag:h2|text_align:center&#8221;][vc_column_text]Aux\u00edlios Econ\u00f3micos<\/p>\n<p>&#8211; <a href=\"https:\/\/escolasdobidos.com\/website\/wp-content\/uploads\/2014\/01\/Ac\u0327a\u0303o-Social-escolar.docx\" target=\"_blank\">Documento para preenchimento (Word)<\/a><br \/>\n&#8211; <a href=\"https:\/\/escolasdobidos.com\/website\/wp-content\/uploads\/2014\/01\/Ac\u0327a\u0303o-Social-Escolar-1.pdf\" target=\"_blank\">Documento para preenchimento (pdf)<\/a><\/p>\n<p>O documento PDF, deve ser impresso, preenchido, digitalizado e devolvido (via correio eletr\u00f3nico: <a href=\"mailto:teresaleal@escolasobidos.net\" target=\"_blank\">teresaleal@escolasobidos.net<\/a> ). N\u00e3o conseguindo imprimir o PDF, poder\u00e3o usar o documento em Word, preencher e enviar (por correio eletr\u00f3nico: <a href=\"mailto:teresaleal@escolasobidos.net\" target=\"_blank\">teresaleal@escolasobidos.net<\/a> ), sob o compromisso, n\u00e3o podendo digitalizar a assinatura, de futura desloca\u00e7\u00e3o \u00e0 secretaria da escola, com pr\u00e9via marca\u00e7\u00e3o (telefone: 262 955 330 ), para assinatura.<\/p>\n<p><strong>As candidaturas t\u00eam que ser entregues at\u00e9 30 de junho de 2020, o n\u00e3o cumprimento do prazo \/ entrega de documentos solicitados\u00a0 fica automaticamente exclu\u00eddo.<\/strong><\/p>\n<p>Alguma d\u00favida, contacte-nos atrav\u00e9s do telefone 262 955 330 ou do email <a href=\"mailto:teresaleal@escolasobidos.net\" target=\"_blank\">teresaleal@escolasobidos.net<\/a>[\/vc_column_text][vc_posts_slider][vc_row_inner equal_height=&#8221;yes&#8221;][vc_column_inner width=&#8221;1\/2&#8243;][themesingleimage pb_title=&#8221;Refei\u00e7\u00f5es&#8221; image=&#8221;12374&#8243; color=&#8221;#1e73be&#8221; img_link=&#8221;https:\/\/escolasdobidos.com\/website\/wp-content\/uploads\/2014\/01\/refei\u00e7oes.png&#8221; img_alt=&#8221;0px&#8221; start_height=&#8221;0px&#8221; end_height=&#8221;0px&#8221;][\/themesingleimage][themesingleimage pb_title=&#8221;INFORMA\u00c7\u00c3O &#8211; 13\/03\/2020&#8243; image=&#8221;12359&#8243; color=&#8221;#144563&#8243; img_link=&#8221;https:\/\/escolasdobidos.com\/website\/wp-content\/uploads\/2014\/01\/infocovid132.png&#8221; start_height=&#8221;55px&#8221; end_height=&#8221;55px&#8221; alignment=&#8221;center&#8221; foo=&#8221;Default params value&#8221;]https:\/\/escolasdobidos.com\/website\/wp-content\/uploads\/2014\/01\/informa\u00e7\u00e3o-2a.png<\/p>\n<p>&nbsp;<\/p>\n<p>&nbsp;<\/p>\n<p>&nbsp;<\/p>\n<hr \/>\n<p>[\/themesingleimage][\/vc_column_inner][vc_column_inner el_class=&#8221;II Ser\u00e3o de contos \u2013 Leitura e Fam\u00edlia&#8221; width=&#8221;1\/2&#8243;][themesingleimage pb_title=&#8221;Visita \u00e1 Vila Natal do Pr\u00e9-escolar&#8221; image=&#8221;11274&#8243; color=&#8221;#0058cc&#8221; img_size=&#8221;Visita \u00e1 Vila Natal do Pr\u00e9-escolar&#8221; img_link=&#8221;http:\/\/escolasdobidos.com\/visita-a-vila-natal-do-pre-escolar\/&#8221; start_height=&#8221;50px&#8221; end_height=&#8221;50px&#8221;][\/themesingleimage][themesingleimage pb_title=&#8221;Covid 19- informa\u00e7\u00e3o \u00e0 comunidade Escolar&#8221; image=&#8221;12316&#8243; color=&#8221;#001bea&#8221; img_alt=&#8221;0px&#8221; start_height=&#8221;55px&#8221; end_height=&#8221;55px&#8221;]<a href=\"https:\/\/escolasdobidos.com\/website\/wp-content\/uploads\/2014\/01\/cartaz-2.pdf\">cartaz\u00a0<\/a>&#8211; INFORMA\u00c7\u00c3O<\/p>\n<p><a href=\"https:\/\/escolasdobidos.com\/website\/wp-content\/uploads\/2014\/01\/cartaz-escolas-1.pdf\">cartaz escolas<\/a><\/p>\n<p><a href=\"https:\/\/expresso.pt\/coronavirus\/2020-03-16-Ministerio-da-Educacao-lanca-video-com-conselhos-para-os-encarregados-de-educacao-1\">V\u00eddeo para Encarregados de Educa\u00e7\u00e3o do Minist\u00e9rio da Educa\u00e7\u00e3o<\/a><\/p>\n<p><a href=\"https:\/\/escolasdobidos.com\/website\/wp-content\/uploads\/2014\/01\/Inform5DGS.pdf\">DGS informa\u00e7\u00e3o 5<\/a>\u00a0atualizado a 27\/02\/2020<\/p>\n<p><a href=\"https:\/\/escolasdobidos.com\/website\/wp-content\/uploads\/2014\/01\/DGS-23.02.2020-ITALIA.pdf\">DGS &#8211; 23.02.2020 ITALIA<\/a><\/p>\n<p><a href=\"https:\/\/escolasdobidos.com\/website\/wp-content\/uploads\/2014\/01\/Informa\u00e7\u00e3o.pdf\">Informa\u00e7\u00e3o<\/a><\/p>\n<ul>\n<li><a href=\"https:\/\/escolasdobidos.com\/website\/wp-content\/uploads\/2014\/01\/Infe\u00e7\u00e3o-pelo-Novo-CoronaVirus_ebjosefa.pdf\">Plano Conting\u00eancia EBS Josefa de \u00d3bidos<\/a><\/li>\n<li><a href=\"https:\/\/escolasdobidos.com\/website\/wp-content\/uploads\/2014\/01\/Infe\u00e7\u00e3o-pelo-Novo-CoronaVirus_ebasicaalvito.pdf\">Plano Conting\u00eancia EB Alvito<\/a><\/li>\n<li><a href=\"https:\/\/escolasdobidos.com\/website\/wp-content\/uploads\/2014\/01\/Infe\u00e7\u00e3o-pelo-Novo-CoronaVirus_basicafuradouro.pdf\">Plano Conting\u00eancia EB Furadouro<\/a><\/li>\n<li><a href=\"https:\/\/escolasdobidos.com\/website\/wp-content\/uploads\/2014\/01\/Infe\u00e7\u00e3o-pelo-Novo-CoronaVirus_basicaobidos.pdf\">Plano Conting\u00eancia EB \u00d3bidos<\/a><\/li>\n<li><a href=\"https:\/\/escolasdobidos.com\/website\/wp-content\/uploads\/2014\/01\/Infe\u00e7\u00e3o-pelo-Novo-CoronaVirus_jardins-de-inf\u00e2ncia.pdf\">Plano Conting\u00eancia Jardins de Inf\u00e2ncia<\/a><\/li>\n<\/ul>\n<p><a href=\"https:\/\/escolasdobidos.com\/website\/wp-content\/uploads\/2014\/01\/como_lidar_com_o_stress.pdf\">Como lidar com o stress durante o surto COVID19<\/a><\/p>\n<p><a href=\"https:\/\/www.dgeste.mec.pt\/index.php\/destaque_2\/covid-19-coronavirus\/\">Visitas de Estudo ao Estrangeiro<\/a><\/p>\n<p><a href=\"https:\/\/www.dropbox.com\/s\/4s2erha3y8e8bl0\/coronavirusWHOvideo_PT.MP4?dl=0\">V\u00eddeo &#8211; Esclarecimento- OMS<\/a>[\/themesingleimage][\/vc_column_inner][\/vc_row_inner][\/vc_column][vc_column width=&#8221;1\/4&#8243;][themesingleimage pb_title=&#8221;Manuais Escolares 2018\/2019&#8243; image=&#8221;10743&#8243; color=&#8221;#144563&#8243; img_link=&#8221;http:\/\/escolasdobidos.com\/projeto-quem-helpa\/&#8221; alignment=&#8221;center&#8221; foo=&#8221;Default params value&#8221;]<a href=\"http:\/\/escolasdobidos.com\/website\/wp-content\/uploads\/2014\/01\/manuais_escolares_adotados-1.pdf\">manuais_escolares_adotados<\/a><\/p>\n<p><a href=\"http:\/\/escolasdobidos.com\/website\/wp-content\/uploads\/2014\/01\/manuais_escolares_hca_qui.pdf\">manuais_escolares<\/a>[\/themesingleimage][themesingleimage pb_title=&#8221;Escolas de acolhimento&#8221; image=&#8221;12399&#8243; color=&#8221;#144563&#8243; img_link=&#8221;https:\/\/escolasdobidos.com\/website\/wp-content\/uploads\/2014\/01\/Informa\u00e7\u00f5es.-acolhimento-crian\u00e7as-3-anos_merged.pdf&#8221; start_height=&#8221;40px&#8221; end_height=&#8221;40px&#8221; alignment=&#8221;center&#8221; foo=&#8221;Default params value&#8221;]<\/p>\n<p style=\"text-align: center;\">Informa\u00e7\u00f5es<\/p>\n<p style=\"text-align: center;\"><a href=\"https:\/\/escolasdobidos.com\/website\/wp-content\/uploads\/2014\/01\/DSRLVT.pdf\">Lista das Escolas de Acolhimento<\/a><\/p>\n<p style=\"text-align: center;\">Para filhos dos Elementos das For\u00e7as de Interven\u00e7\u00e3o Priorit\u00e1ria<\/p>\n<p style=\"text-align: center;\">Os pais que t\u00eam filhos com idades entre os 0 e os 3 anos podem entrar em contacto com a escola, que entrar\u00e1 em contacto com a Seguran\u00e7a Social que encontrar\u00e1 s\u00edtio de acolhimento adequado para as idades dos seus filhos.<\/p>\n<p style=\"text-align: center;\">N\u00famero da escola: 262\u00a0955\u00a0330<\/p>\n<p style=\"text-align: center;\">\u00d3bidos- Escola Josefa de \u00d3bidos- Escola B\u00e1sica e Secund\u00e1ria Josefa de \u00d3bidos- 262955330 \u2013 executivo@escolasobidos.net<\/p>\n<p style=\"text-align: center;\"><b>Esta lista est\u00e1 sujeita a atualiza\u00e7\u00f5es<\/b><\/p>\n<p>[\/themesingleimage][\/vc_column][vc_column width=&#8221;1\/4&#8243;][themesingleimage image=&#8221;7667&#8243; color=&#8221;#16b094&#8243; alignment=&#8221;center&#8221; foo=&#8221;Default params value&#8221;]<\/p>\n<h4>Alunos e Pais<\/h4>\n<p><a href=\"https:\/\/expresso.pt\/coronavirus\/2020-03-16-Ministerio-da-Educacao-lanca-video-com-conselhos-para-os-encarregados-de-educacao-1\">Video do minist\u00e9rio da educa\u00e7\u00e3o para Encarregados de Educa\u00e7\u00e3o<\/a><\/p>\n<ol>\n<li><a href=\"https:\/\/dre.pt\/application\/conteudo\/107549829\" target=\"_blank\">Calend\u00e1rio escolar<\/a><\/li>\n<li><a href=\"http:\/\/escolasdobidos.com\/criterios-de-avaliacao\/pre-escolar\/\" target=\"_blank\">Crit\u00e9rios de avalia\u00e7\u00e3o<\/a><\/li>\n<li><a href=\"http:\/\/escolasdobidos.com\/download\/2016\/estatuto_aluno.pdf\" target=\"_blank\">Estatuto do aluno<\/a><\/li>\n<li><a href=\"http:\/\/escolasdobidos.com\/httpescolasdobidos-comoferta_educativaoferta-educativa2\/oferta-educativa2\/\" target=\"_blank\">Oferta Formativa<\/a><\/li>\n<li><a href=\"https:\/\/escolasobidos.changeip.org\/inovarconsulta\/app\/index.html#\/login\" target=\"_blank\">InovarConsulta<\/a><\/li>\n<li><a href=\"http:\/\/escolasdobidos.com\/website\/wp-content\/uploads\/2014\/01\/matriculas.pdf\">Matr\u00edculas Pr\u00e9 &#8211; escolar e 1.\u00ba ano ensino b\u00e1sico 2018\/2019<\/a><\/li>\n<\/ol>\n<p>[\/themesingleimage][themesingleimage pb_title=&#8221;SPO &#8211; Servi\u00e7o de Psicologia&#8221; image=&#8221;11765&#8243; color=&#8221;#144563&#8243; img_link=&#8221;https:\/\/docs.google.com\/forms\/d\/1nH-QeIL-mOsVuDqLuNu5W4FH2wrt-_PsLOg30dwGtoQ\/edit&#8221; start_height=&#8221;30px&#8221; end_height=&#8221;30px&#8221; alignment=&#8221;center&#8221; foo=&#8221;Default params value&#8221;]<a href=\"https:\/\/docs.google.com\/forms\/d\/1nH-QeIL-mOsVuDqLuNu5W4FH2wrt-_PsLOg30dwGtoQ\/edit\">\u00a0Ficha de Sinaliza\u00e7\u00e3o<\/a>[\/themesingleimage][\/vc_column][\/vc_row][vc_row][vc_column][vc_empty_space height=&#8221;50px&#8221;][\/vc_column][\/vc_row][vc_row css=&#8221;.vc_custom_1473853691327{margin-top: 30px !important;margin-bottom: 20px !important;background: #1c2335 url(http:\/\/escolasdobidos.com\/website\/wp-content\/uploads\/2014\/01\/furadouro_barra.jpg?id=7873) !important;background-position: center !important;background-repeat: no-repeat !important;background-size: cover !important;}&#8221; font_color=&#8221;#ffffff&#8221; el_class=&#8221;parallax-vertical&#8221;][vc_column][vc_column_text css_animation=&#8221;left-to-right&#8221;]<\/p>\n<h1 style=\"margin: 8rem 0px 0.7rem; line-height: 1; text-align: center; font-size: 4.8rem; font-weight: bold;\"><span style=\"color: #000000;\">A tua educa\u00e7\u00e3o come\u00e7a aqui.<\/span><\/h1>\n<h2 style=\"margin-bottom: 2rem; text-align: center; font-size: 3rem; font-weight: 200;\"><span style=\"color: #000000;\">Escolas d&#8217;\u00d3bidos<\/span><\/h2>\n<p>[\/vc_column_text][\/vc_column][\/vc_row]<\/p>\n","protected":false},"excerpt":{"rendered":"<p>[vc_row][vc_column][rev_slider_vc alias=&#8221;home&#8221;][\/vc_column][\/vc_row][vc_row][vc_column][vc_empty_space height=&#8221;25px&#8221;][\/vc_column][\/vc_row][vc_row][vc_column][vc_column_text] Matr\u00edcula e per\u00edodo de matr\u00edcula [\/vc_column_text][\/vc_column][\/vc_row][vc_row][vc_column width=&#8221;2\/3&#8243; css=&#8221;.vc_custom_1587736876338{background-color: #dddddd !important;}&#8221;][vc_column_text] Decreto-Lei n.\u00ba 14-G\/2020 de 13 de abril CAP\u00cdTULO IV Regime excecional relativo a matr\u00edculas e renova\u00e7\u00e3o de matr\u00edculas Artigo 11.\u00ba Matr\u00edcula e per\u00edodo de matr\u00edcula 1 \u2014 O pedido de matr\u00edcula \u00e9 apresentado preferencialmente via Internet, no portal portaldasmatriculas.edu.gov.pt, com recurso \u00e0&hellip; <br \/> <a class=\"button small blue\" href=\"https:\/\/escolasdobidos.com\/website\/blogs\/sample-page-2-2-2-2-2-2\/\">Read more<\/a><\/p>\n","protected":false},"author":13,"featured_media":0,"parent":11460,"menu_order":1,"comment_status":"closed","ping_status":"closed","template":"","meta":{"footnotes":""},"class_list":["post-7522","page","type-page","status-publish","hentry"],"_links":{"self":[{"href":"https:\/\/escolasdobidos.com\/website\/wp-json\/wp\/v2\/pages\/7522","targetHints":{"allow":["GET"]}}],"collection":[{"href":"https:\/\/escolasdobidos.com\/website\/wp-json\/wp\/v2\/pages"}],"about":[{"href":"https:\/\/escolasdobidos.com\/website\/wp-json\/wp\/v2\/types\/page"}],"author":[{"embeddable":true,"href":"https:\/\/escolasdobidos.com\/website\/wp-json\/wp\/v2\/users\/13"}],"replies":[{"embeddable":true,"href":"https:\/\/escolasdobidos.com\/website\/wp-json\/wp\/v2\/comments?post=7522"}],"version-history":[{"count":0,"href":"https:\/\/escolasdobidos.com\/website\/wp-json\/wp\/v2\/pages\/7522\/revisions"}],"up":[{"embeddable":true,"href":"https:\/\/escolasdobidos.com\/website\/wp-json\/wp\/v2\/pages\/11460"}],"wp:attachment":[{"href":"https:\/\/escolasdobidos.com\/website\/wp-json\/wp\/v2\/media?parent=7522"}],"curies":[{"name":"wp","href":"https:\/\/api.w.org\/{rel}","templated":true}]}}