{"id":7709,"date":"2016-09-09T15:32:47","date_gmt":"2016-09-09T15:32:47","guid":{"rendered":"http:\/\/escolasdobidos.com\/website\/?page_id=7709"},"modified":"2026-02-16T12:10:41","modified_gmt":"2026-02-16T12:10:41","slug":"complexo-escolar-dos-arcos","status":"publish","type":"page","link":"https:\/\/escolasdobidos.com\/website\/complexo-escolar-dos-arcos\/","title":{"rendered":"Escola B\u00e1sica dos Arcos"},"content":{"rendered":"\t\t<div data-elementor-type=\"wp-page\" data-elementor-id=\"7709\" class=\"elementor elementor-7709\" data-elementor-settings=\"{&quot;ha_cmc_init_switcher&quot;:&quot;no&quot;}\" data-elementor-post-type=\"page\">\n\t\t\t\t\t\t<section class=\"elementor-section elementor-top-section elementor-element elementor-element-2190c5ac elementor-section-boxed elementor-section-height-default elementor-section-height-default\" data-id=\"2190c5ac\" data-element_type=\"section\" data-e-type=\"section\" data-settings=\"{&quot;_ha_eqh_enable&quot;:false}\">\n\t\t\t\t\t\t<div class=\"elementor-container elementor-column-gap-default\">\n\t\t\t\t\t<div class=\"elementor-column elementor-col-100 elementor-top-column elementor-element elementor-element-3025a913\" data-id=\"3025a913\" data-element_type=\"column\" data-e-type=\"column\">\n\t\t\t<div class=\"elementor-widget-wrap elementor-element-populated\">\n\t\t\t\t\t\t<div class=\"elementor-element elementor-element-65662ea elementor-widget elementor-widget-image\" data-id=\"65662ea\" data-element_type=\"widget\" data-e-type=\"widget\" data-widget_type=\"image.default\">\n\t\t\t\t<div class=\"elementor-widget-container\">\n\t\t\t\t\t\t\t\t\t\t\t\t\t\t\t<img fetchpriority=\"high\" decoding=\"async\" width=\"400\" height=\"266\" src=\"https:\/\/escolasdobidos.com\/website\/wp-content\/uploads\/2024\/03\/complexo_arcos_1_1024_2500.jpg\" class=\"attachment-large size-large wp-image-16642\" alt=\"\" srcset=\"https:\/\/escolasdobidos.com\/website\/wp-content\/uploads\/2024\/03\/complexo_arcos_1_1024_2500.jpg 400w, https:\/\/escolasdobidos.com\/website\/wp-content\/uploads\/2024\/03\/complexo_arcos_1_1024_2500-300x200.jpg 300w\" sizes=\"(max-width: 400px) 100vw, 400px\" \/>\t\t\t\t\t\t\t\t\t\t\t\t\t\t\t<\/div>\n\t\t\t\t<\/div>\n\t\t\t\t<div class=\"elementor-element elementor-element-7d162568 elementor-widget elementor-widget-text-editor\" data-id=\"7d162568\" data-element_type=\"widget\" data-e-type=\"widget\" data-widget_type=\"text-editor.default\">\n\t\t\t\t<div class=\"elementor-widget-container\">\n\t\t\t\t\t\t\t\t\t<p style=\"text-align: justify;\">Um novo modelo de Escola<\/p><p style=\"text-align: justify;\">O Munic\u00edpio de \u00d3bidos pretendeu com a cria\u00e7\u00e3o deste estabelecimento de ensino criar um novo modelo de escola para alunos do primeiro e segundo ciclos. A escola tem alunos do primeiro ciclo das freguesias de Santa Maria, S. Pedro e Usseira e do segundo ciclo de todo o concelho.<\/p><p style=\"text-align: justify;\">Este foi a primeira de tr\u00eas Escolas B\u00e1sicas constru\u00eddos no concelho de \u00d3bidos, inaugurada em Setembro de 2008 e a Escola B\u00e1sica do Alvito e da <span style=\"font-family: Roboto, sans-serif; font-size: 18px;\">Escola B\u00e1sica do\u00a0<\/span>Furadouro, inaugurados em Setembro de 2010, que abarcam toda a \u00e1rea do Concelho.<\/p><p style=\"text-align: justify;\">As novas tecnologias est\u00e3o ao dispor dos estudantes, com quadros interactivos, computadores port\u00e1teis e wireless (internet sem fios). Existem salas tem\u00e1ticas (laborat\u00f3rios, m\u00fasica e biblioteca).<\/p><p style=\"text-align: justify;\">Porque no concelho de \u00d3bidos existem constrangimentos ao n\u00edvel da sa\u00fade oral, nomeadamente com a falta de resposta dos servi\u00e7os privados, o Complexo Escolar dos Arcos promove um programa na \u00e1rea da sa\u00fade oral e alimentar, procurando estimular as crian\u00e7as para estilos de vida saud\u00e1veis e a preven\u00e7\u00e3o da c\u00e1rie dent\u00e1ria.<\/p><p style=\"text-align: justify;\">Tamb\u00e9m foi feita uma aposta em equipas especializadas de apoio aos alunos, refor\u00e7ando o Gabinete de Apoio \u00e0 Fam\u00edlia, com Avalia\u00e7\u00e3o e Acompanhamento Psicol\u00f3gico, Terapia da Fala, Interven\u00e7\u00e3o Pedag\u00f3gica, Terapia Familiar, Aconselhamento a Pais, um Programa de Educa\u00e7\u00e3o Parental e um Programa de Atividades Culturais e Desportivas para Fam\u00edlias.<\/p><p style=\"text-align: justify;\">Existem igualmente em articula\u00e7\u00e3o com o ensino regular projetos de interven\u00e7\u00e3o em sala de aula e na comunidade educativa, nomeadamente a f\u00e1brica da criatividade (\u00d3bidos anima, MyMachine, story centre e ateli\u00eas criativos),equipas educativas, yoga, m\u00fasica, atividade l\u00fadico-expressiva, ensino integrado de dan\u00e7a, crescer melhor, nata\u00e7\u00e3o, teatro, entre outros.<\/p><p style=\"font-size: 18px; line-height: 27px; color: #666666; font-family: 'Source Sans Pro', sans-serif;\"><strong style=\"font-size: 18px;\">Morada<\/strong>:<br \/>Rua Municipal, Bairro dos Arcos<br \/>2510-081 \u00d3bidos<\/p><p style=\"font-size: 18px; line-height: 27px; color: #666666; font-family: 'Source Sans Pro', sans-serif;\"><strong style=\"font-size: 18px;\">Telefone<\/strong>: 262 955 480<strong style=\"font-size: 18px;\"><br \/><\/strong><br \/><strong style=\"font-size: 18px;\">Localiza\u00e7\u00e3o<\/strong>\u00a0(<a style=\"font-size: 18px;\" href=\"https:\/\/www.google.pt\/maps\/place\/39%C2%B021'07.8%22N+9%C2%B009'19.4%22W\/@39.352168,-9.1575804,813m\/data=!3m2!1e3!4b1!4m5!3m4!1s0x0:0xc92e8ed2ee4a1538!8m2!3d39.3521639!4d-9.1553917?hl=pt-PT\" target=\"_blank\" rel=\"noreferrer noopener\">ver no mapa<\/a>):<br \/>Latitude: 39.352330<br \/>Longitude: -9.155424<\/p>\t\t\t\t\t\t\t\t<\/div>\n\t\t\t\t<\/div>\n\t\t\t\t\t<\/div>\n\t\t<\/div>\n\t\t\t\t\t<\/div>\n\t\t<\/section>\n\t\t\t\t<\/div>\n\t\t","protected":false},"excerpt":{"rendered":"<p>Um novo modelo de Escola O Munic\u00edpio de \u00d3bidos pretendeu com a cria\u00e7\u00e3o deste estabelecimento de ensino criar um novo modelo de escola para alunos do primeiro e segundo ciclos. A escola tem alunos do primeiro ciclo das freguesias de Santa Maria, S. Pedro e Usseira e do segundo ciclo de todo o concelho. Este&hellip; <br \/> <a class=\"button small blue\" href=\"https:\/\/escolasdobidos.com\/website\/complexo-escolar-dos-arcos\/\">Read more<\/a><\/p>\n","protected":false},"author":13,"featured_media":0,"parent":0,"menu_order":0,"comment_status":"closed","ping_status":"closed","template":"","meta":{"footnotes":""},"class_list":["post-7709","page","type-page","status-publish","hentry"],"_links":{"self":[{"href":"https:\/\/escolasdobidos.com\/website\/wp-json\/wp\/v2\/pages\/7709","targetHints":{"allow":["GET"]}}],"collection":[{"href":"https:\/\/escolasdobidos.com\/website\/wp-json\/wp\/v2\/pages"}],"about":[{"href":"https:\/\/escolasdobidos.com\/website\/wp-json\/wp\/v2\/types\/page"}],"author":[{"embeddable":true,"href":"https:\/\/escolasdobidos.com\/website\/wp-json\/wp\/v2\/users\/13"}],"replies":[{"embeddable":true,"href":"https:\/\/escolasdobidos.com\/website\/wp-json\/wp\/v2\/comments?post=7709"}],"version-history":[{"count":3,"href":"https:\/\/escolasdobidos.com\/website\/wp-json\/wp\/v2\/pages\/7709\/revisions"}],"predecessor-version":[{"id":18665,"href":"https:\/\/escolasdobidos.com\/website\/wp-json\/wp\/v2\/pages\/7709\/revisions\/18665"}],"wp:attachment":[{"href":"https:\/\/escolasdobidos.com\/website\/wp-json\/wp\/v2\/media?parent=7709"}],"curies":[{"name":"wp","href":"https:\/\/api.w.org\/{rel}","templated":true}]}}