{"id":7711,"date":"2016-09-09T15:33:31","date_gmt":"2016-09-09T15:33:31","guid":{"rendered":"http:\/\/escolasdobidos.com\/website\/?page_id=7711"},"modified":"2026-02-02T12:38:37","modified_gmt":"2026-02-02T12:38:37","slug":"escola-basica-e-secundaria-josefa-de-obidos","status":"publish","type":"page","link":"https:\/\/escolasdobidos.com\/website\/escola-basica-e-secundaria-josefa-de-obidos\/","title":{"rendered":"Escola B\u00e1sica e Secund\u00e1ria Josefa de \u00d3bidos"},"content":{"rendered":"\t\t<div data-elementor-type=\"wp-page\" data-elementor-id=\"7711\" class=\"elementor elementor-7711\" data-elementor-settings=\"{&quot;ha_cmc_init_switcher&quot;:&quot;no&quot;}\" data-elementor-post-type=\"page\">\n\t\t\t\t\t\t<section class=\"elementor-section elementor-top-section elementor-element elementor-element-45f9f3fb elementor-section-boxed elementor-section-height-default elementor-section-height-default\" data-id=\"45f9f3fb\" data-element_type=\"section\" data-e-type=\"section\" data-settings=\"{&quot;_ha_eqh_enable&quot;:false}\">\n\t\t\t\t\t\t<div class=\"elementor-container elementor-column-gap-default\">\n\t\t\t\t\t<div class=\"elementor-column elementor-col-100 elementor-top-column elementor-element elementor-element-4b26a984\" data-id=\"4b26a984\" data-element_type=\"column\" data-e-type=\"column\">\n\t\t\t<div class=\"elementor-widget-wrap elementor-element-populated\">\n\t\t\t\t\t\t<div class=\"elementor-element elementor-element-3230f3c elementor-widget elementor-widget-image\" data-id=\"3230f3c\" data-element_type=\"widget\" data-e-type=\"widget\" data-widget_type=\"image.default\">\n\t\t\t\t<div class=\"elementor-widget-container\">\n\t\t\t\t\t\t\t\t\t\t\t\t\t\t\t<img fetchpriority=\"high\" decoding=\"async\" width=\"696\" height=\"464\" src=\"https:\/\/escolasdobidos.com\/website\/wp-content\/uploads\/2023\/03\/josefa.jpg\" class=\"attachment-large size-large wp-image-15165\" alt=\"\" srcset=\"https:\/\/escolasdobidos.com\/website\/wp-content\/uploads\/2023\/03\/josefa.jpg 696w, https:\/\/escolasdobidos.com\/website\/wp-content\/uploads\/2023\/03\/josefa-300x200.jpg 300w\" sizes=\"(max-width: 696px) 100vw, 696px\" \/>\t\t\t\t\t\t\t\t\t\t\t\t\t\t\t<\/div>\n\t\t\t\t<\/div>\n\t\t\t\t<div class=\"elementor-element elementor-element-72765747 elementor-widget elementor-widget-text-editor\" data-id=\"72765747\" data-element_type=\"widget\" data-e-type=\"widget\" data-widget_type=\"text-editor.default\">\n\t\t\t\t<div class=\"elementor-widget-container\">\n\t\t\t\t\t\t\t\t\t<p data-start=\"172\" data-end=\"528\">A 7 de setembro de 2014 foi inaugurada a nova Escola B\u00e1sica e Secund\u00e1ria Josefa de \u00d3bidos. Segundo o Presidente da C\u00e2mara Municipal de \u00d3bidos, Humberto Marques, esta inaugura\u00e7\u00e3o assinalou o encerramento de um ciclo de investimento na constru\u00e7\u00e3o de equipamentos escolares de elevada qualidade, orientados para a promo\u00e7\u00e3o da excel\u00eancia educativa no concelho.<\/p><p data-start=\"530\" data-end=\"855\">A Escola B\u00e1sica e Secund\u00e1ria Josefa de \u00d3bidos, em articula\u00e7\u00e3o com as Escolas B\u00e1sicas dos Arcos, Alvito e Furadouro, assegura a resposta educativa desde o 1.\u00ba Ciclo do Ensino B\u00e1sico at\u00e9 ao Ensino Secund\u00e1rio, abrangendo a totalidade dos alunos do Concelho de \u00d3bidos, bem como alguns alunos provenientes de concelhos lim\u00edtrofes.<\/p><p data-start=\"857\" data-end=\"1237\">A escola encontra-se devidamente equipada com recursos tecnol\u00f3gicos que apoiam o processo de ensino e aprendizagem, designadamente quadros interativos, computadores port\u00e1teis e acesso \u00e0 internet sem fios. Disp\u00f5e ainda de espa\u00e7os pedag\u00f3gicos diversificados, incluindo laborat\u00f3rios, salas de inform\u00e1tica e biblioteca, que favorecem o desenvolvimento de aprendizagens significativas.<\/p><p style=\"text-align: left;\" data-start=\"1239\" data-end=\"1576\">Integra igualmente um audit\u00f3rio, destinado \u00e0 realiza\u00e7\u00e3o de confer\u00eancias, reuni\u00f5es e atividades culturais, nomeadamente espet\u00e1culos de m\u00fasica e teatro promovidos pela comunidade educativa. No espa\u00e7o exterior, a escola disp\u00f5e de campos de futebol e de voleibol, utilizados no \u00e2mbito das atividades letivas da disciplina de Educa\u00e7\u00e3o F\u00edsica.<\/p><p><strong style=\"font-size: 18px; color: var( --e-global-color-text ); font-family: var( --e-global-typography-text-font-family ), Sans-serif;\">\u00a0<\/strong><\/p><p><strong style=\"font-size: 18px; color: var( --e-global-color-text ); font-family: var( --e-global-typography-text-font-family ), Sans-serif;\">Morada da escola sede:<\/strong><\/p><p>Rua da Antiga Estrada Real, 5<br \/>2510-042 \u00d3bidos<br \/><strong><br \/><\/strong><\/p><p><strong>Telefone<\/strong>: 262 955 330<\/p><p><strong>Fax<\/strong>: 262 955 331<\/p><p><strong>E-mail<\/strong>: <a href=\"mailto:executivo@escolasobidos.net\">executivo@escolasobidos.net<\/a><\/p><p><strong style=\"font-size: 18px; color: var( --e-global-color-text ); font-family: var( --e-global-typography-text-font-family ), Sans-serif;\">Web<\/strong><span style=\"font-size: 18px; color: var( --e-global-color-text ); font-family: var( --e-global-typography-text-font-family ), Sans-serif; font-weight: var( --e-global-typography-text-font-weight );\">: <\/span><a style=\"font-size: 18px; font-family: var( --e-global-typography-text-font-family ), Sans-serif; font-weight: var( --e-global-typography-text-font-weight );\" href=\"http:\/\/escolasdobidos.com\">http:\/\/escolasdobidos.com<\/a><\/p>\t\t\t\t\t\t\t\t<\/div>\n\t\t\t\t<\/div>\n\t\t\t\t\t<\/div>\n\t\t<\/div>\n\t\t\t\t\t<\/div>\n\t\t<\/section>\n\t\t\t\t<\/div>\n\t\t","protected":false},"excerpt":{"rendered":"<p>A 7 de setembro de 2014 foi inaugurada a nova Escola B\u00e1sica e Secund\u00e1ria Josefa de \u00d3bidos. Segundo o Presidente da C\u00e2mara Municipal de \u00d3bidos, Humberto Marques, esta inaugura\u00e7\u00e3o assinalou o encerramento de um ciclo de investimento na constru\u00e7\u00e3o de equipamentos escolares de elevada qualidade, orientados para a promo\u00e7\u00e3o da excel\u00eancia educativa no concelho. A&hellip; <br \/> <a class=\"button small blue\" href=\"https:\/\/escolasdobidos.com\/website\/escola-basica-e-secundaria-josefa-de-obidos\/\">Read more<\/a><\/p>\n","protected":false},"author":13,"featured_media":0,"parent":0,"menu_order":0,"comment_status":"closed","ping_status":"closed","template":"","meta":{"footnotes":""},"class_list":["post-7711","page","type-page","status-publish","hentry"],"_links":{"self":[{"href":"https:\/\/escolasdobidos.com\/website\/wp-json\/wp\/v2\/pages\/7711","targetHints":{"allow":["GET"]}}],"collection":[{"href":"https:\/\/escolasdobidos.com\/website\/wp-json\/wp\/v2\/pages"}],"about":[{"href":"https:\/\/escolasdobidos.com\/website\/wp-json\/wp\/v2\/types\/page"}],"author":[{"embeddable":true,"href":"https:\/\/escolasdobidos.com\/website\/wp-json\/wp\/v2\/users\/13"}],"replies":[{"embeddable":true,"href":"https:\/\/escolasdobidos.com\/website\/wp-json\/wp\/v2\/comments?post=7711"}],"version-history":[{"count":6,"href":"https:\/\/escolasdobidos.com\/website\/wp-json\/wp\/v2\/pages\/7711\/revisions"}],"predecessor-version":[{"id":18632,"href":"https:\/\/escolasdobidos.com\/website\/wp-json\/wp\/v2\/pages\/7711\/revisions\/18632"}],"wp:attachment":[{"href":"https:\/\/escolasdobidos.com\/website\/wp-json\/wp\/v2\/media?parent=7711"}],"curies":[{"name":"wp","href":"https:\/\/api.w.org\/{rel}","templated":true}]}}