{"id":7769,"date":"2016-09-12T15:44:34","date_gmt":"2016-09-12T15:44:34","guid":{"rendered":"http:\/\/escolasdobidos.com\/website\/?page_id=7769"},"modified":"2020-02-21T14:07:33","modified_gmt":"2020-02-21T14:07:33","slug":"atelie-criativo-do-furadouro","status":"publish","type":"page","link":"https:\/\/escolasdobidos.com\/website\/educacao-municipio-layout-2\/atelies-criativos\/atelie-criativo-do-furadouro\/","title":{"rendered":"Atelier Criativo do Furadouro"},"content":{"rendered":"<p>[vc_row][vc_column][vc_images_carousel images=&#8221;10770,10771,10772,10773&#8243; img_size=&#8221;full&#8221; onclick=&#8221;link_no&#8221; speed=&#8221;2000&#8243; autoplay=&#8221;yes&#8221; wrap=&#8221;yes&#8221;][vc_column_text]<\/p>\n<div class=\"page\" title=\"Page 1\">\n<div class=\"layoutArea\">\n<div class=\"column\">\n<p style=\"text-align: justify;\"><strong><em><br \/>\nTema:<\/em>\u00a0<\/strong>Luz<br \/>\n<b><em>Atelierista:<\/em>\u00a0<\/b>Pedro Bas\u00edlio<\/p>\n<p style=\"text-align: justify;\">Na nossa sociedade identificamos a noite, o escuro e a sombra como elementos misteriosos e sombrios. \u00c9 comum que as crian\u00e7as experimentem sensa\u00e7\u00f5es de medo quando est\u00e3o sujeitas a ambientes sem luz.<br \/>\nMas afinal o que \u00e9 a luz? Quais as possibilidades de cria\u00e7\u00e3o a partir dela? Como \u00e9 que as crian\u00e7as percebem as diferentes situa\u00e7\u00f5es luminosas? Pensar a fotografia \u00e9 justamente pensar a luz.<\/p>\n<p style=\"text-align: justify;\">O Atelier procura explorar as mais variadas formas de criar e desenhar atrav\u00e9s da luz, esta pode ser usada de uma forma natural ou artificial, isto \u00e9, aproveitando o recurso natural proveniente do Sol, ou recorrendo a um simples projetor ou lanterna.<\/p>\n<\/div>\n<\/div>\n<\/div>\n<p>[\/vc_column_text][\/vc_column][\/vc_row][vc_row][vc_column][vc_video][\/vc_column][\/vc_row]<\/p>\n","protected":false},"excerpt":{"rendered":"<p>[vc_row][vc_column][vc_images_carousel images=&#8221;10770,10771,10772,10773&#8243; img_size=&#8221;full&#8221; onclick=&#8221;link_no&#8221; speed=&#8221;2000&#8243; autoplay=&#8221;yes&#8221; wrap=&#8221;yes&#8221;][vc_column_text] Tema:\u00a0Luz Atelierista:\u00a0Pedro Bas\u00edlio Na nossa sociedade identificamos a noite, o escuro e a sombra como elementos misteriosos e sombrios. \u00c9 comum que as crian\u00e7as experimentem sensa\u00e7\u00f5es de medo quando est\u00e3o sujeitas a ambientes sem luz. Mas afinal o que \u00e9 a luz? Quais as possibilidades de cria\u00e7\u00e3o a&hellip; <br \/> <a class=\"button small blue\" href=\"https:\/\/escolasdobidos.com\/website\/educacao-municipio-layout-2\/atelies-criativos\/atelie-criativo-do-furadouro\/\">Read more<\/a><\/p>\n","protected":false},"author":13,"featured_media":0,"parent":7892,"menu_order":0,"comment_status":"closed","ping_status":"closed","template":"","meta":{"footnotes":""},"class_list":["post-7769","page","type-page","status-publish","hentry"],"_links":{"self":[{"href":"https:\/\/escolasdobidos.com\/website\/wp-json\/wp\/v2\/pages\/7769","targetHints":{"allow":["GET"]}}],"collection":[{"href":"https:\/\/escolasdobidos.com\/website\/wp-json\/wp\/v2\/pages"}],"about":[{"href":"https:\/\/escolasdobidos.com\/website\/wp-json\/wp\/v2\/types\/page"}],"author":[{"embeddable":true,"href":"https:\/\/escolasdobidos.com\/website\/wp-json\/wp\/v2\/users\/13"}],"replies":[{"embeddable":true,"href":"https:\/\/escolasdobidos.com\/website\/wp-json\/wp\/v2\/comments?post=7769"}],"version-history":[{"count":0,"href":"https:\/\/escolasdobidos.com\/website\/wp-json\/wp\/v2\/pages\/7769\/revisions"}],"up":[{"embeddable":true,"href":"https:\/\/escolasdobidos.com\/website\/wp-json\/wp\/v2\/pages\/7892"}],"wp:attachment":[{"href":"https:\/\/escolasdobidos.com\/website\/wp-json\/wp\/v2\/media?parent=7769"}],"curies":[{"name":"wp","href":"https:\/\/api.w.org\/{rel}","templated":true}]}}