{"id":7782,"date":"2016-09-12T16:10:19","date_gmt":"2016-09-12T16:10:19","guid":{"rendered":"http:\/\/escolasdobidos.com\/website\/?page_id=7782"},"modified":"2026-04-22T11:09:22","modified_gmt":"2026-04-22T11:09:22","slug":"jardins-de-infancia","status":"publish","type":"page","link":"https:\/\/escolasdobidos.com\/website\/jardins-de-infancia\/","title":{"rendered":"Jardins de Inf\u00e2ncia"},"content":{"rendered":"\t\t<div data-elementor-type=\"wp-page\" data-elementor-id=\"7782\" class=\"elementor elementor-7782\" data-elementor-settings=\"{&quot;ha_cmc_init_switcher&quot;:&quot;no&quot;}\" data-elementor-post-type=\"page\">\n\t\t\t\t\t\t<section class=\"elementor-section elementor-top-section elementor-element elementor-element-3e528864 elementor-section-boxed elementor-section-height-default elementor-section-height-default\" data-id=\"3e528864\" data-element_type=\"section\" data-e-type=\"section\" data-settings=\"{&quot;_ha_eqh_enable&quot;:false}\">\n\t\t\t\t\t\t<div class=\"elementor-container elementor-column-gap-default\">\n\t\t\t\t\t<div class=\"elementor-column elementor-col-100 elementor-top-column elementor-element elementor-element-3a2d475b\" data-id=\"3a2d475b\" data-element_type=\"column\" data-e-type=\"column\">\n\t\t\t<div class=\"elementor-widget-wrap elementor-element-populated\">\n\t\t\t\t\t\t<div class=\"elementor-element elementor-element-6c9281bd elementor-widget elementor-widget-text-editor\" data-id=\"6c9281bd\" data-element_type=\"widget\" data-e-type=\"widget\" data-widget_type=\"text-editor.default\">\n\t\t\t\t<div class=\"elementor-widget-container\">\n\t\t\t\t\t\t\t\t\t<p>\u00a0<\/p><h2 style=\"text-align: center;\">Os nossos fant\u00e1sticos Jardins de Inf\u00e2ncia<\/h2>\t\t\t\t\t\t\t\t<\/div>\n\t\t\t\t<\/div>\n\t\t\t\t\t<\/div>\n\t\t<\/div>\n\t\t\t\t\t<\/div>\n\t\t<\/section>\n\t\t\t\t<section class=\"elementor-section elementor-top-section elementor-element elementor-element-53ba57e elementor-section-boxed elementor-section-height-default elementor-section-height-default\" data-id=\"53ba57e\" data-element_type=\"section\" data-e-type=\"section\" data-settings=\"{&quot;_ha_eqh_enable&quot;:false}\">\n\t\t\t\t\t\t<div class=\"elementor-container elementor-column-gap-default\">\n\t\t\t\t\t<div class=\"elementor-column elementor-col-100 elementor-top-column elementor-element elementor-element-20e9c9e\" data-id=\"20e9c9e\" data-element_type=\"column\" data-e-type=\"column\">\n\t\t\t<div class=\"elementor-widget-wrap elementor-element-populated\">\n\t\t\t\t\t\t<div class=\"elementor-element elementor-element-dc83162 elementor-widget elementor-widget-html\" data-id=\"dc83162\" data-element_type=\"widget\" data-e-type=\"widget\" data-widget_type=\"html.default\">\n\t\t\t\t<div class=\"elementor-widget-container\">\n\t\t\t\t\t\n\n<!-- Leaflet CSS -->\n<link rel=\"stylesheet\" href=\"https:\/\/unpkg.com\/leaflet@1.9.4\/dist\/leaflet.css\" \/>\n\n<style>\n  .ji-grid {\n    display: flex;\n    flex-wrap: wrap;\n    justify-content: center;\n    gap: 40px 36px;\n    max-width: 880px;\n    margin: 0 auto 48px;\n    padding: 10px 0;\n  }\n\n  .ji-card {\n    display: flex;\n    flex-direction: column;\n    align-items: center;\n    text-decoration: none;\n    gap: 10px;\n    width: 130px;\n  }\n\n  .ji-img-wrap {\n    width: 120px;\n    height: 120px;\n    border-radius: 50%;\n    overflow: hidden;\n    border: 3px solid #ddd;\n    box-shadow: 0 2px 8px rgba(0,0,0,0.12);\n    transition: box-shadow 0.2s, transform 0.2s;\n    background: #e8e8e8;\n    display: flex;\n    align-items: center;\n    justify-content: center;\n    flex-shrink: 0;\n  }\n\n  .ji-card:hover .ji-img-wrap {\n    box-shadow: 0 6px 18px rgba(0,0,0,0.22);\n    transform: translateY(-3px);\n  }\n\n  .ji-img-wrap img {\n    width: 100%;\n    height: 100%;\n    object-fit: cover;\n    display: block;\n  }\n\n  .ji-placeholder {\n    font-size: 1.1rem;\n    font-weight: 700;\n    color: #999;\n  }\n\n  .ji-btn {\n    display: block;\n    width: 130px;\n    padding: 7px 4px;\n    background: #2c3e50;\n    color: #fff !important;\n    text-align: center;\n    font-size: 0.75rem;\n    font-weight: 600;\n    letter-spacing: 0.05em;\n    text-transform: uppercase;\n    text-decoration: none !important;\n    transition: background 0.2s;\n    box-sizing: border-box;\n  }\n\n  .ji-btn:hover {\n    background: #1a252f;\n    color: #fff !important;\n  }\n\n  .ji-map-title {\n    text-align: center;\n    font-size: 1.1rem;\n    font-weight: 600;\n    color: #333;\n    margin-bottom: 14px;\n    letter-spacing: 0.03em;\n  }\n\n  #ji-map {\n    width: 100%;\n    max-width: 880px;\n    height: 420px;\n    margin: 0 auto;\n    border-radius: 6px;\n    box-shadow: 0 2px 12px rgba(0,0,0,0.15);\n    display: block;\n  }\n\n  @media (max-width: 700px) {\n    .ji-grid { grid-template-columns: repeat(2, 1fr); }\n    #ji-map { height: 300px; }\n  }\n  @media (max-width: 400px) {\n    .ji-card { width: 100px; }\n    .ji-img-wrap { width: 90px; height: 90px; }\n    .ji-btn { width: 100px; font-size: 0.68rem; }\n  }\n<\/style>\n\n<!-- GRELHA DE CARDS -->\n<div class=\"ji-grid\">\n\n  <div class=\"ji-card\">\n    <a href=\"https:\/\/escolasdobidos.com\/website\/jardins-de-infancia\/a-da-gorda\/\" class=\"ji-img-wrap\">\n      <img decoding=\"async\" src=\"https:\/\/www.cm-obidos.pt\/imgcrop\/cmobidos\/uploads\/poi\/image\/302\/a_da_gorda_300x200_1_600_400.jpg\" alt=\"A-da-Gorda\"\n           onerror=\"this.style.display='none';this.parentNode.innerHTML='<span class=\\'ji-placeholder\\'>AdG<\/span>'\">\n    <\/a>\n    <a href=\"https:\/\/escolasdobidos.com\/website\/jardins-de-infancia\/a-da-gorda\/\" class=\"ji-btn\">A-da-Gorda<\/a>\n  <\/div>\n\n  <div class=\"ji-card\">\n    <a href=\"https:\/\/escolasdobidos.com\/website\/jardins-de-infancia\/jardim-de-infancia-de-a-dos-negros\/\" class=\"ji-img-wrap\">\n      <img decoding=\"async\" src=\"https:\/\/www.cm-obidos.pt\/imgcrop\/cmobidos\/uploads\/poi\/image\/389\/ji_adn_1_600_400.jpg\" alt=\"A-dos-Negros\"\n           onerror=\"this.style.display='none';this.parentNode.innerHTML='<span class=\\'ji-placeholder\\'>AdN<\/span>'\">\n    <\/a>\n    <a href=\"https:\/\/escolasdobidos.com\/website\/jardins-de-infancia\/jardim-de-infancia-de-a-dos-negros\/\" class=\"ji-btn\">A-dos-Negros<\/a>\n  <\/div>\n\n  <div class=\"ji-card\">\n    <a href=\"https:\/\/escolasdobidos.com\/website\/jardins-de-infancia\/amoreira\/\" class=\"ji-img-wrap\">\n      <img decoding=\"async\" src=\"https:\/\/www.cm-obidos.pt\/imgcrop\/cmobidos\/uploads\/poi\/image\/303\/ji_amoreira_300x200_1_600_400.jpg\" alt=\"Amoreira\"\n           onerror=\"this.style.display='none';this.parentNode.innerHTML='<span class=\\'ji-placeholder\\'>Amo<\/span>'\">\n    <\/a>\n    <a href=\"https:\/\/escolasdobidos.com\/website\/jardins-de-infancia\/amoreira\/\" class=\"ji-btn\">Amoreira<\/a>\n  <\/div>\n\n  <div class=\"ji-card\">\n    <a href=\"https:\/\/escolasdobidos.com\/website\/jardins-de-infancia\/arelho\/\" class=\"ji-img-wrap\">\n      <img decoding=\"async\" src=\"https:\/\/www.cm-obidos.pt\/imgcrop\/cmobidos\/uploads\/poi\/image\/304\/arelho_300x200_1_600_400.jpg\" alt=\"Arelho\"\n           onerror=\"this.style.display='none';this.parentNode.innerHTML='<span class=\\'ji-placeholder\\'>Are<\/span>'\">\n    <\/a>\n    <a href=\"https:\/\/escolasdobidos.com\/website\/jardins-de-infancia\/arelho\/\" class=\"ji-btn\">Arelho<\/a>\n  <\/div>\n\n  <div class=\"ji-card\">\n    <a href=\"https:\/\/escolasdobidos.com\/website\/jardins-de-infancia\/gaeiras\/\" class=\"ji-img-wrap\">\n      <img decoding=\"async\" src=\"https:\/\/www.cm-obidos.pt\/imgcrop\/cmobidos\/uploads\/poi\/image\/305\/gaeiras_300x200_1_600_400.jpg\" alt=\"Gaeiras\"\n           onerror=\"this.style.display='none';this.parentNode.innerHTML='<span class=\\'ji-placeholder\\'>Gae<\/span>'\">\n    <\/a>\n    <a href=\"https:\/\/escolasdobidos.com\/website\/jardins-de-infancia\/gaeiras\/\" class=\"ji-btn\">Gaeiras<\/a>\n  <\/div>\n\n\n  <div class=\"ji-card\">\n    <a href=\"https:\/\/escolasdobidos.com\/website\/jardins-de-infancia\/obidos\/\" class=\"ji-img-wrap\">\n      <img decoding=\"async\" src=\"https:\/\/www.cm-obidos.pt\/imgcrop\/cmobidos\/uploads\/poi\/image\/307\/obidos_300x200_1_600_400.jpg\" alt=\"\u00d3bidos\"\n           onerror=\"this.style.display='none';this.parentNode.innerHTML='<span class=\\'ji-placeholder\\'>\u00d3bi<\/span>'\">\n    <\/a>\n    <a href=\"https:\/\/escolasdobidos.com\/website\/jardins-de-infancia\/obidos\/\" class=\"ji-btn\">\u00d3bidos<\/a>\n  <\/div>\n\n  <div class=\"ji-card\">\n    <a href=\"https:\/\/escolasdobidos.com\/website\/jardins-de-infancia\/olho-marinho\/\" class=\"ji-img-wrap\">\n      <img decoding=\"async\" src=\"https:\/\/www.cm-obidos.pt\/imgcrop\/cmobidos\/uploads\/poi\/image\/308\/olhomarinho_300x200_1_600_400.jpg\" alt=\"Olho Marinho\"\n           onerror=\"this.style.display='none';this.parentNode.innerHTML='<span class=\\'ji-placeholder\\'>OlM<\/span>'\">\n    <\/a>\n    <a href=\"https:\/\/escolasdobidos.com\/website\/jardins-de-infancia\/olho-marinho\/\" class=\"ji-btn\">Olho Marinho<\/a>\n  <\/div>\n\n  <div class=\"ji-card\">\n    <a href=\"https:\/\/escolasdobidos.com\/website\/jardins-de-infancia\/usseira\/\" class=\"ji-img-wrap\">\n      <img decoding=\"async\" src=\"https:\/\/www.cm-obidos.pt\/imgcrop\/cmobidos\/uploads\/poi\/image\/309\/usseira_300x200_1_600_400.jpg\" alt=\"Usseira\"\n           onerror=\"this.style.display='none';this.parentNode.innerHTML='<span class=\\'ji-placeholder\\'>Uss<\/span>'\">\n    <\/a>\n    <a href=\"https:\/\/escolasdobidos.com\/website\/jardins-de-infancia\/usseira\/\" class=\"ji-btn\">Usseira<\/a>\n  <\/div>\n\n  <div class=\"ji-card\">\n    <a href=\"https:\/\/escolasdobidos.com\/website\/jardins-de-infancia\/vau\/\" class=\"ji-img-wrap\">\n      <img decoding=\"async\" src=\"https:\/\/www.cm-obidos.pt\/imgcrop\/cmobidos\/uploads\/poi\/image\/310\/vau_300x200_1_600_400.jpg\" alt=\"Vau\"\n           onerror=\"this.style.display='none';this.parentNode.innerHTML='<span class=\\'ji-placeholder\\'>Vau<\/span>'\">\n    <\/a>\n    <a href=\"https:\/\/escolasdobidos.com\/website\/jardins-de-infancia\/vau\/\" class=\"ji-btn\">Vau<\/a>\n  <\/div>\n\n\n<\/div>\n\n<!-- MAPA INTERATIVO -->\n<p class=\"ji-map-title\">Localiza\u00e7\u00e3o dos Jardins de Inf\u00e2ncia<\/p>\n<div id=\"ji-map\"><\/div>\n\n<script src=\"https:\/\/unpkg.com\/leaflet@1.9.4\/dist\/leaflet.js\"><\/script>\n<script>\n(function() {\n  var jardins = [\n    { nome: \"A-da-Gorda\",    lat: 39.34487, lng: -9.16902, url: \"https:\/\/escolasdobidos.com\/website\/jardins-de-infancia\/a-da-gorda\/\" },\n    { nome: \"A-dos-Negros\",  lat: 39.34824, lng: -9.10752, url: \"https:\/\/escolasdobidos.com\/website\/jardins-de-infancia\/jardim-de-infancia-de-a-dos-negros\/\" },\n    { nome: \"Amoreira\",      lat: 39.34286, lng: -9.20426, url: \"https:\/\/escolasdobidos.com\/website\/jardins-de-infancia\/amoreira\/\" },\n    { nome: \"Arelho\",        lat: 39.38430, lng: -9.18661, url: \"https:\/\/escolasdobidos.com\/website\/jardins-de-infancia\/arelho\/\" },\n    { nome: \"Gaeiras\",       lat: 39.37155, lng: -9.12933, url: \"https:\/\/escolasdobidos.com\/website\/jardins-de-infancia\/gaeiras\/\" },\n    { nome: \"\u00d3bidos\",        lat: 39.35343, lng: -9.15630, url: \"https:\/\/escolasdobidos.com\/website\/jardins-de-infancia\/obidos\/\" },\n    { nome: \"Olho Marinho\",  lat: 39.33030, lng: -9.23477, url: \"https:\/\/escolasdobidos.com\/website\/jardins-de-infancia\/olho-marinho\/\" },\n    { nome: \"Usseira\",       lat: 39.32836, lng: -9.15637, url: \"https:\/\/escolasdobidos.com\/website\/jardins-de-infancia\/usseira\/\" },\n    { nome: \"Vau\",           lat: 39.36618, lng: -9.21888, url: \"https:\/\/escolasdobidos.com\/website\/jardins-de-infancia\/vau\/\" }\n  ];\n\n  var map = L.map('ji-map', { scrollWheelZoom: false }).setView([39.352, -9.170], 12);\n\n  L.tileLayer('https:\/\/{s}.tile.openstreetmap.org\/{z}\/{x}\/{y}.png', {\n    attribution: '&copy; <a href=\"https:\/\/www.openstreetmap.org\/copyright\">OpenStreetMap<\/a>',\n    maxZoom: 18\n  }).addTo(map);\n\n  var icon = L.divIcon({\n    className: '',\n    html: '<div style=\"width:14px;height:14px;background:#c0392b;border:2px solid #fff;border-radius:50%;box-shadow:0 1px 4px rgba(0,0,0,0.4)\"><\/div>',\n    iconSize: [14, 14],\n    iconAnchor: [7, 7],\n    popupAnchor: [0, -10]\n  });\n\n  jardins.forEach(function(j) {\n    L.marker([j.lat, j.lng], { icon: icon })\n      .addTo(map)\n      .bindPopup('<b>' + j.nome + '<\/b><br><a href=\"' + j.url + '\" target=\"_blank\" style=\"color:#2c3e50;font-size:0.8rem\">Ver p\u00e1gina \u2192<\/a>');\n  });\n})();\n<\/script>\t\t\t\t<\/div>\n\t\t\t\t<\/div>\n\t\t\t\t\t<\/div>\n\t\t<\/div>\n\t\t\t\t\t<\/div>\n\t\t<\/section>\n\t\t\t\t<\/div>\n\t\t","protected":false},"excerpt":{"rendered":"<p>\u00a0 Os nossos fant\u00e1sticos Jardins de Inf\u00e2ncia A-da-Gorda A-dos-Negros Amoreira Arelho Gaeiras \u00d3bidos Olho Marinho Usseira Vau Localiza\u00e7\u00e3o dos Jardins de Inf\u00e2ncia<\/p>\n","protected":false},"author":13,"featured_media":0,"parent":0,"menu_order":0,"comment_status":"closed","ping_status":"closed","template":"","meta":{"footnotes":""},"class_list":["post-7782","page","type-page","status-publish","hentry"],"_links":{"self":[{"href":"https:\/\/escolasdobidos.com\/website\/wp-json\/wp\/v2\/pages\/7782","targetHints":{"allow":["GET"]}}],"collection":[{"href":"https:\/\/escolasdobidos.com\/website\/wp-json\/wp\/v2\/pages"}],"about":[{"href":"https:\/\/escolasdobidos.com\/website\/wp-json\/wp\/v2\/types\/page"}],"author":[{"embeddable":true,"href":"https:\/\/escolasdobidos.com\/website\/wp-json\/wp\/v2\/users\/13"}],"replies":[{"embeddable":true,"href":"https:\/\/escolasdobidos.com\/website\/wp-json\/wp\/v2\/comments?post=7782"}],"version-history":[{"count":21,"href":"https:\/\/escolasdobidos.com\/website\/wp-json\/wp\/v2\/pages\/7782\/revisions"}],"predecessor-version":[{"id":19013,"href":"https:\/\/escolasdobidos.com\/website\/wp-json\/wp\/v2\/pages\/7782\/revisions\/19013"}],"wp:attachment":[{"href":"https:\/\/escolasdobidos.com\/website\/wp-json\/wp\/v2\/media?parent=7782"}],"curies":[{"name":"wp","href":"https:\/\/api.w.org\/{rel}","templated":true}]}}