{"id":7787,"date":"2016-09-12T16:20:31","date_gmt":"2016-09-12T16:20:31","guid":{"rendered":"http:\/\/escolasdobidos.com\/website\/?page_id=7787"},"modified":"2016-09-12T16:20:31","modified_gmt":"2016-09-12T16:20:31","slug":"a-da-gorda","status":"publish","type":"page","link":"https:\/\/escolasdobidos.com\/website\/jardins-de-infancia\/a-da-gorda\/","title":{"rendered":"Jardim de Inf\u00e2ncia de A-da-Gorda"},"content":{"rendered":"<p style=\"text-align: justify;\"><strong><img fetchpriority=\"high\" decoding=\"async\" class=\"alignleft wp-image-7788 size-medium\" src=\"http:\/\/escolasdobidos.com\/website\/wp-content\/uploads\/2016\/09\/a-da-gorda-300x200.jpg\" alt=\"a-da-gorda\" width=\"300\" height=\"200\" srcset=\"https:\/\/escolasdobidos.com\/website\/wp-content\/uploads\/2016\/09\/a-da-gorda-300x200.jpg 300w, https:\/\/escolasdobidos.com\/website\/wp-content\/uploads\/2016\/09\/a-da-gorda-301x200.jpg 301w, https:\/\/escolasdobidos.com\/website\/wp-content\/uploads\/2016\/09\/a-da-gorda-82x55.jpg 82w, https:\/\/escolasdobidos.com\/website\/wp-content\/uploads\/2016\/09\/a-da-gorda-100x67.jpg 100w, https:\/\/escolasdobidos.com\/website\/wp-content\/uploads\/2016\/09\/a-da-gorda-156x104.jpg 156w, https:\/\/escolasdobidos.com\/website\/wp-content\/uploads\/2016\/09\/a-da-gorda.jpg 400w\" sizes=\"(max-width: 300px) 100vw, 300px\" \/>Localiza\u00e7\u00e3o<\/strong> | Junto \u00e0 antiga Escola do 1\u00ba Ciclo do Ensino B\u00e1sico<br \/>\n<strong>\u2028Inaugura\u00e7\u00e3o<\/strong> | 2 de Outubro de 2003<\/p>\n<p><strong>Composi\u00e7\u00e3o do Edif\u00edcio<\/strong><br \/>\n<strong>Sala de actividades<\/strong> | 2<br \/>\n<strong>Sala polivalente e refeit\u00f3rio<\/strong> | 1<br \/>\n<strong>Sala multifun\u00e7\u00f5es<\/strong> | 1 (na antiga Escola do 1\u00ba CEB)<\/p>\n<p>Espa\u00e7os adaptados a crian\u00e7as com Necessidades Educativas Especiais<\/p>\n<p>Espa\u00e7o exterior<br \/>\n<strong><br \/>\nCapacidade<\/strong> | 50 crian\u00e7as<\/p>\n<p><strong>Crescer Melhor<\/strong><\/p>\n<p><strong>Localiza\u00e7\u00e3o<\/strong> | no mesmo edif\u00edcio do Jardim<\/p>\n<p><strong>Val\u00eancias<\/strong><br \/>\nServi\u00e7o de refei\u00e7\u00f5es<br \/>\nProlongamento de hor\u00e1rio<\/p>\n<p><strong>Morada<\/strong><br \/>\nEstrada Nacional 114, A-da-Gorda<br \/>\n2510-012 \u00d3bidos<\/p>\n<p><strong>Contactos<\/strong><br \/>\n<strong>Jardim de Inf\u00e2ncia<\/strong> | 262 950 507<br \/>\n<strong>Crescer Melhor<\/strong> | 262 950 627<\/p>\n","protected":false},"excerpt":{"rendered":"<p>Localiza\u00e7\u00e3o | Junto \u00e0 antiga Escola do 1\u00ba Ciclo do Ensino B\u00e1sico \u2028Inaugura\u00e7\u00e3o | 2 de Outubro de 2003 Composi\u00e7\u00e3o do Edif\u00edcio Sala de actividades | 2 Sala polivalente e refeit\u00f3rio | 1 Sala multifun\u00e7\u00f5es | 1 (na antiga Escola do 1\u00ba CEB) Espa\u00e7os adaptados a crian\u00e7as com Necessidades Educativas Especiais Espa\u00e7o exterior Capacidade |&hellip; <br \/> <a class=\"button small blue\" href=\"https:\/\/escolasdobidos.com\/website\/jardins-de-infancia\/a-da-gorda\/\">Read more<\/a><\/p>\n","protected":false},"author":13,"featured_media":0,"parent":7782,"menu_order":0,"comment_status":"closed","ping_status":"closed","template":"","meta":{"footnotes":""},"class_list":["post-7787","page","type-page","status-publish","hentry"],"_links":{"self":[{"href":"https:\/\/escolasdobidos.com\/website\/wp-json\/wp\/v2\/pages\/7787","targetHints":{"allow":["GET"]}}],"collection":[{"href":"https:\/\/escolasdobidos.com\/website\/wp-json\/wp\/v2\/pages"}],"about":[{"href":"https:\/\/escolasdobidos.com\/website\/wp-json\/wp\/v2\/types\/page"}],"author":[{"embeddable":true,"href":"https:\/\/escolasdobidos.com\/website\/wp-json\/wp\/v2\/users\/13"}],"replies":[{"embeddable":true,"href":"https:\/\/escolasdobidos.com\/website\/wp-json\/wp\/v2\/comments?post=7787"}],"version-history":[{"count":0,"href":"https:\/\/escolasdobidos.com\/website\/wp-json\/wp\/v2\/pages\/7787\/revisions"}],"up":[{"embeddable":true,"href":"https:\/\/escolasdobidos.com\/website\/wp-json\/wp\/v2\/pages\/7782"}],"wp:attachment":[{"href":"https:\/\/escolasdobidos.com\/website\/wp-json\/wp\/v2\/media?parent=7787"}],"curies":[{"name":"wp","href":"https:\/\/api.w.org\/{rel}","templated":true}]}}