{"id":7790,"date":"2016-09-12T16:24:55","date_gmt":"2016-09-12T16:24:55","guid":{"rendered":"http:\/\/escolasdobidos.com\/website\/?page_id=7790"},"modified":"2016-09-12T16:24:55","modified_gmt":"2016-09-12T16:24:55","slug":"amoreira","status":"publish","type":"page","link":"https:\/\/escolasdobidos.com\/website\/jardins-de-infancia\/amoreira\/","title":{"rendered":"Jardim de Inf\u00e2ncia de Amoreira"},"content":{"rendered":"<p style=\"text-align: justify;\"><strong><img fetchpriority=\"high\" decoding=\"async\" class=\"alignleft wp-image-7791 size-medium\" src=\"http:\/\/escolasdobidos.com\/website\/wp-content\/uploads\/2016\/09\/amoreira-300x200.jpg\" alt=\"amoreira\" width=\"300\" height=\"200\" srcset=\"https:\/\/escolasdobidos.com\/website\/wp-content\/uploads\/2016\/09\/amoreira-300x200.jpg 300w, https:\/\/escolasdobidos.com\/website\/wp-content\/uploads\/2016\/09\/amoreira-301x200.jpg 301w, https:\/\/escolasdobidos.com\/website\/wp-content\/uploads\/2016\/09\/amoreira-82x55.jpg 82w, https:\/\/escolasdobidos.com\/website\/wp-content\/uploads\/2016\/09\/amoreira-100x67.jpg 100w, https:\/\/escolasdobidos.com\/website\/wp-content\/uploads\/2016\/09\/amoreira-156x104.jpg 156w, https:\/\/escolasdobidos.com\/website\/wp-content\/uploads\/2016\/09\/amoreira.jpg 400w\" sizes=\"(max-width: 300px) 100vw, 300px\" \/>Localiza\u00e7\u00e3o<\/strong> | Junto ao novo Centro de Sa\u00fade e ao Centro Social Cultural e Recreativo<br \/>\n<strong>Inaugura\u00e7\u00e3o<\/strong> | 2007<\/p>\n<p><strong>Composi\u00e7\u00e3o do Edif\u00edcio<\/strong><br \/>\n<strong>Sala de actividades<\/strong> | 2<br \/>\n<strong>Sala polivalente<\/strong> | 1<br \/>\n<strong>Refeit\u00f3rio<\/strong> | 1<\/p>\n<p><strong>Espa\u00e7o exterior<\/strong><br \/>\nPavimento de seguran\u00e7a<br \/>\nEstruturas l\u00fadicas<br \/>\n\u00c1reas relvadas<br \/>\nEspa\u00e7os de jardinagem<br \/>\nHorta pedag\u00f3gica<br \/>\nAcesso directo ao campo de jogos com relva sint\u00e9tica.<\/p>\n<p><strong>Capacidade<\/strong> | 25 crian\u00e7as<\/p>\n<p><strong>Crescer Melhor<br \/>\n<\/strong><br \/>\n<strong>Localiza\u00e7\u00e3o<\/strong> | no mesmo edif\u00edcio do Jardim<\/p>\n<p><strong>Val\u00eancias<\/strong><br \/>\nServi\u00e7o de refei\u00e7\u00f5es<br \/>\nProlongamento de hor\u00e1rio<\/p>\n<p><strong>Morada<\/strong><br \/>\nRua Benina n\u00ba 8<br \/>\n2510-423 Amoreira<\/p>\n<p><strong>Contactos<\/strong><br \/>\n<strong>Jardim de Inf\u00e2ncia<\/strong> | 262 968 834<br \/>\n<strong>Crescer Melhor<\/strong> | 262 968 834<\/p>\n","protected":false},"excerpt":{"rendered":"<p>Localiza\u00e7\u00e3o | Junto ao novo Centro de Sa\u00fade e ao Centro Social Cultural e Recreativo Inaugura\u00e7\u00e3o | 2007 Composi\u00e7\u00e3o do Edif\u00edcio Sala de actividades | 2 Sala polivalente | 1 Refeit\u00f3rio | 1 Espa\u00e7o exterior Pavimento de seguran\u00e7a Estruturas l\u00fadicas \u00c1reas relvadas Espa\u00e7os de jardinagem Horta pedag\u00f3gica Acesso directo ao campo de jogos com relva&hellip; <br \/> <a class=\"button small blue\" href=\"https:\/\/escolasdobidos.com\/website\/jardins-de-infancia\/amoreira\/\">Read more<\/a><\/p>\n","protected":false},"author":13,"featured_media":0,"parent":7782,"menu_order":0,"comment_status":"closed","ping_status":"closed","template":"","meta":{"footnotes":""},"class_list":["post-7790","page","type-page","status-publish","hentry"],"_links":{"self":[{"href":"https:\/\/escolasdobidos.com\/website\/wp-json\/wp\/v2\/pages\/7790","targetHints":{"allow":["GET"]}}],"collection":[{"href":"https:\/\/escolasdobidos.com\/website\/wp-json\/wp\/v2\/pages"}],"about":[{"href":"https:\/\/escolasdobidos.com\/website\/wp-json\/wp\/v2\/types\/page"}],"author":[{"embeddable":true,"href":"https:\/\/escolasdobidos.com\/website\/wp-json\/wp\/v2\/users\/13"}],"replies":[{"embeddable":true,"href":"https:\/\/escolasdobidos.com\/website\/wp-json\/wp\/v2\/comments?post=7790"}],"version-history":[{"count":0,"href":"https:\/\/escolasdobidos.com\/website\/wp-json\/wp\/v2\/pages\/7790\/revisions"}],"up":[{"embeddable":true,"href":"https:\/\/escolasdobidos.com\/website\/wp-json\/wp\/v2\/pages\/7782"}],"wp:attachment":[{"href":"https:\/\/escolasdobidos.com\/website\/wp-json\/wp\/v2\/media?parent=7790"}],"curies":[{"name":"wp","href":"https:\/\/api.w.org\/{rel}","templated":true}]}}