{"id":7793,"date":"2016-09-12T16:30:34","date_gmt":"2016-09-12T16:30:34","guid":{"rendered":"http:\/\/escolasdobidos.com\/website\/?page_id=7793"},"modified":"2016-09-12T16:30:34","modified_gmt":"2016-09-12T16:30:34","slug":"arelho","status":"publish","type":"page","link":"https:\/\/escolasdobidos.com\/website\/jardins-de-infancia\/arelho\/","title":{"rendered":"Jardim de Inf\u00e2ncia do Arelho"},"content":{"rendered":"<p style=\"text-align: justify;\"><strong><img fetchpriority=\"high\" decoding=\"async\" class=\"alignleft wp-image-7794 size-medium\" src=\"http:\/\/escolasdobidos.com\/website\/wp-content\/uploads\/2016\/09\/arelho-300x200.jpg\" alt=\"arelho\" width=\"300\" height=\"200\" srcset=\"https:\/\/escolasdobidos.com\/website\/wp-content\/uploads\/2016\/09\/arelho-300x200.jpg 300w, https:\/\/escolasdobidos.com\/website\/wp-content\/uploads\/2016\/09\/arelho-301x200.jpg 301w, https:\/\/escolasdobidos.com\/website\/wp-content\/uploads\/2016\/09\/arelho-82x55.jpg 82w, https:\/\/escolasdobidos.com\/website\/wp-content\/uploads\/2016\/09\/arelho-100x67.jpg 100w, https:\/\/escolasdobidos.com\/website\/wp-content\/uploads\/2016\/09\/arelho-156x104.jpg 156w, https:\/\/escolasdobidos.com\/website\/wp-content\/uploads\/2016\/09\/arelho.jpg 400w\" sizes=\"(max-width: 300px) 100vw, 300px\" \/>Localiza\u00e7\u00e3o<\/strong> | junto ao Centro Cultural Social e Recreativo Arelhense<br \/>\n<strong>Inaugura\u00e7\u00e3o<\/strong> | 2007<\/p>\n<p><strong>Composi\u00e7\u00e3o do Edif\u00edcio\u2028<\/strong><br \/>\n<strong>Sala de actividades<\/strong> | 2<br \/>\n<strong>Sala polivalente<\/strong> | 1<br \/>\n<strong>Refeit\u00f3rio<\/strong> | 1<br \/>\n<strong>Sala multifun\u00e7\u00f5es<\/strong> | 1 (na antiga Escola do 1\u00ba CEB)<\/p>\n<p>Espa\u00e7os adaptados a crian\u00e7as com Necessidades Educativas Especiais<\/p>\n<p><strong>Espa\u00e7o exterior\u2028<\/strong><br \/>\nCampo de futebol de relva sint\u00e9tica<\/p>\n<p><strong>Capacidade<\/strong> | 50 crian\u00e7as<\/p>\n<p><strong>Crescer Melhor<br \/>\n<\/strong><br \/>\n<strong>Localiza\u00e7\u00e3o<\/strong> | no mesmo edif\u00edcio do Jardim<\/p>\n<p><strong>Val\u00eancias\u2028<\/strong><br \/>\nServi\u00e7o de refei\u00e7\u00f5es<br \/>\nProlongamento de hor\u00e1rio<\/p>\n<p><strong>Morada<\/strong><br \/>\nRua Principal<br \/>\n2510-191 Arelho<\/p>\n<p><strong>Contactos<\/strong><br \/>\n<strong>Jardim de Inf\u00e2ncia<\/strong> | 262 969 804<br \/>\n<strong>Crescer Melhor<\/strong> | 262 959 311<\/p>\n","protected":false},"excerpt":{"rendered":"<p>Localiza\u00e7\u00e3o | junto ao Centro Cultural Social e Recreativo Arelhense Inaugura\u00e7\u00e3o | 2007 Composi\u00e7\u00e3o do Edif\u00edcio\u2028 Sala de actividades | 2 Sala polivalente | 1 Refeit\u00f3rio | 1 Sala multifun\u00e7\u00f5es | 1 (na antiga Escola do 1\u00ba CEB) Espa\u00e7os adaptados a crian\u00e7as com Necessidades Educativas Especiais Espa\u00e7o exterior\u2028 Campo de futebol de relva sint\u00e9tica Capacidade&hellip; <br \/> <a class=\"button small blue\" href=\"https:\/\/escolasdobidos.com\/website\/jardins-de-infancia\/arelho\/\">Read more<\/a><\/p>\n","protected":false},"author":13,"featured_media":0,"parent":7782,"menu_order":0,"comment_status":"closed","ping_status":"closed","template":"","meta":{"footnotes":""},"class_list":["post-7793","page","type-page","status-publish","hentry"],"_links":{"self":[{"href":"https:\/\/escolasdobidos.com\/website\/wp-json\/wp\/v2\/pages\/7793","targetHints":{"allow":["GET"]}}],"collection":[{"href":"https:\/\/escolasdobidos.com\/website\/wp-json\/wp\/v2\/pages"}],"about":[{"href":"https:\/\/escolasdobidos.com\/website\/wp-json\/wp\/v2\/types\/page"}],"author":[{"embeddable":true,"href":"https:\/\/escolasdobidos.com\/website\/wp-json\/wp\/v2\/users\/13"}],"replies":[{"embeddable":true,"href":"https:\/\/escolasdobidos.com\/website\/wp-json\/wp\/v2\/comments?post=7793"}],"version-history":[{"count":0,"href":"https:\/\/escolasdobidos.com\/website\/wp-json\/wp\/v2\/pages\/7793\/revisions"}],"up":[{"embeddable":true,"href":"https:\/\/escolasdobidos.com\/website\/wp-json\/wp\/v2\/pages\/7782"}],"wp:attachment":[{"href":"https:\/\/escolasdobidos.com\/website\/wp-json\/wp\/v2\/media?parent=7793"}],"curies":[{"name":"wp","href":"https:\/\/api.w.org\/{rel}","templated":true}]}}