{"id":7796,"date":"2016-09-12T16:35:31","date_gmt":"2016-09-12T16:35:31","guid":{"rendered":"http:\/\/escolasdobidos.com\/website\/?page_id=7796"},"modified":"2016-09-12T16:35:31","modified_gmt":"2016-09-12T16:35:31","slug":"gaeiras","status":"publish","type":"page","link":"https:\/\/escolasdobidos.com\/website\/jardins-de-infancia\/gaeiras\/","title":{"rendered":"Jardim de Inf\u00e2ncia das Gaeiras"},"content":{"rendered":"<p style=\"text-align: justify;\"><strong><img fetchpriority=\"high\" decoding=\"async\" class=\"alignleft wp-image-7797 size-medium\" src=\"http:\/\/escolasdobidos.com\/website\/wp-content\/uploads\/2016\/09\/gaeiras-300x200.jpg\" alt=\"gaeiras\" width=\"300\" height=\"200\" srcset=\"https:\/\/escolasdobidos.com\/website\/wp-content\/uploads\/2016\/09\/gaeiras-300x200.jpg 300w, https:\/\/escolasdobidos.com\/website\/wp-content\/uploads\/2016\/09\/gaeiras-301x200.jpg 301w, https:\/\/escolasdobidos.com\/website\/wp-content\/uploads\/2016\/09\/gaeiras-82x55.jpg 82w, https:\/\/escolasdobidos.com\/website\/wp-content\/uploads\/2016\/09\/gaeiras-100x67.jpg 100w, https:\/\/escolasdobidos.com\/website\/wp-content\/uploads\/2016\/09\/gaeiras-156x104.jpg 156w, https:\/\/escolasdobidos.com\/website\/wp-content\/uploads\/2016\/09\/gaeiras.jpg 400w\" sizes=\"(max-width: 300px) 100vw, 300px\" \/>Localiza\u00e7\u00e3o<\/strong> | Junto \u00e0 antiga Escola do 1\u00ba CEB<br \/>\n<strong>\u2028Reconstru\u00e7\u00e3o<\/strong> | 2010<\/p>\n<p><strong>Composi\u00e7\u00e3o do Edif\u00edcio\u2028<\/strong><br \/>\n<strong>Sala de actividades<\/strong> | 4<br \/>\n<strong>Refeit\u00f3rio<\/strong> | 1<\/p>\n<p><strong>Espa\u00e7o exterior<\/strong><br \/>\n\u00c1rea de actividades l\u00fadicas em piso de seguran\u00e7a e equipamentos<br \/>\nCaixa de areia<br \/>\nAmplo espa\u00e7o para actividades de jardinagem e horta<\/p>\n<p><strong>Capacidade<\/strong> | 100 crian\u00e7as<\/p>\n<p><strong>Crescer Melhor<\/strong><\/p>\n<p><strong>Localiza\u00e7\u00e3o<\/strong> | antiga Escola do 1\u00ba CEB<\/p>\n<p><strong>Val\u00eancias<\/strong><br \/>\nServi\u00e7o de refei\u00e7\u00f5es<br \/>\nProlongamento de hor\u00e1rio<\/p>\n<p><strong>Morada<\/strong><br \/>\nRua das Escolas<br \/>\n2510-721 Gaeiras<\/p>\n<p><strong>Contactos\u2028\u2028<\/strong><br \/>\n<strong>Jardim de Inf\u00e2ncia<\/strong> | 262 958 968<br \/>\n<strong>Crescer Melhor<\/strong> | 262 958 966<\/p>\n","protected":false},"excerpt":{"rendered":"<p>Localiza\u00e7\u00e3o | Junto \u00e0 antiga Escola do 1\u00ba CEB \u2028Reconstru\u00e7\u00e3o | 2010 Composi\u00e7\u00e3o do Edif\u00edcio\u2028 Sala de actividades | 4 Refeit\u00f3rio | 1 Espa\u00e7o exterior \u00c1rea de actividades l\u00fadicas em piso de seguran\u00e7a e equipamentos Caixa de areia Amplo espa\u00e7o para actividades de jardinagem e horta Capacidade | 100 crian\u00e7as Crescer Melhor Localiza\u00e7\u00e3o | antiga&hellip; <br \/> <a class=\"button small blue\" href=\"https:\/\/escolasdobidos.com\/website\/jardins-de-infancia\/gaeiras\/\">Read more<\/a><\/p>\n","protected":false},"author":13,"featured_media":0,"parent":7782,"menu_order":0,"comment_status":"closed","ping_status":"closed","template":"","meta":{"footnotes":""},"class_list":["post-7796","page","type-page","status-publish","hentry"],"_links":{"self":[{"href":"https:\/\/escolasdobidos.com\/website\/wp-json\/wp\/v2\/pages\/7796","targetHints":{"allow":["GET"]}}],"collection":[{"href":"https:\/\/escolasdobidos.com\/website\/wp-json\/wp\/v2\/pages"}],"about":[{"href":"https:\/\/escolasdobidos.com\/website\/wp-json\/wp\/v2\/types\/page"}],"author":[{"embeddable":true,"href":"https:\/\/escolasdobidos.com\/website\/wp-json\/wp\/v2\/users\/13"}],"replies":[{"embeddable":true,"href":"https:\/\/escolasdobidos.com\/website\/wp-json\/wp\/v2\/comments?post=7796"}],"version-history":[{"count":0,"href":"https:\/\/escolasdobidos.com\/website\/wp-json\/wp\/v2\/pages\/7796\/revisions"}],"up":[{"embeddable":true,"href":"https:\/\/escolasdobidos.com\/website\/wp-json\/wp\/v2\/pages\/7782"}],"wp:attachment":[{"href":"https:\/\/escolasdobidos.com\/website\/wp-json\/wp\/v2\/media?parent=7796"}],"curies":[{"name":"wp","href":"https:\/\/api.w.org\/{rel}","templated":true}]}}