{"id":7804,"date":"2016-09-12T16:49:37","date_gmt":"2016-09-12T16:49:37","guid":{"rendered":"http:\/\/escolasdobidos.com\/website\/?page_id=7804"},"modified":"2016-09-12T16:49:56","modified_gmt":"2016-09-12T16:49:56","slug":"obidos","status":"publish","type":"page","link":"https:\/\/escolasdobidos.com\/website\/jardins-de-infancia\/obidos\/","title":{"rendered":"Jardim de Inf\u00e2ncia de \u00d3bidos"},"content":{"rendered":"<p style=\"text-align: justify;\"><strong><img fetchpriority=\"high\" decoding=\"async\" class=\"alignleft wp-image-7805 size-medium\" src=\"http:\/\/escolasdobidos.com\/website\/wp-content\/uploads\/2016\/09\/obidos-300x200.jpg\" alt=\"obidos\" width=\"300\" height=\"200\" srcset=\"https:\/\/escolasdobidos.com\/website\/wp-content\/uploads\/2016\/09\/obidos-300x200.jpg 300w, https:\/\/escolasdobidos.com\/website\/wp-content\/uploads\/2016\/09\/obidos-301x200.jpg 301w, https:\/\/escolasdobidos.com\/website\/wp-content\/uploads\/2016\/09\/obidos-82x55.jpg 82w, https:\/\/escolasdobidos.com\/website\/wp-content\/uploads\/2016\/09\/obidos-100x67.jpg 100w, https:\/\/escolasdobidos.com\/website\/wp-content\/uploads\/2016\/09\/obidos-156x104.jpg 156w, https:\/\/escolasdobidos.com\/website\/wp-content\/uploads\/2016\/09\/obidos.jpg 400w\" sizes=\"(max-width: 300px) 100vw, 300px\" \/>Localiza\u00e7\u00e3o<\/strong> | junto \u00e0s instala\u00e7\u00f5es da Creche e Jardim de Inf\u00e2ncia da Casa do Povo de \u00d3bidos, Complexo Gimno- Desportivo, Piscinas Cobertas e Complexo Escolar dos Arcos<br \/>\n<strong>Inaugura\u00e7\u00e3o<\/strong> | 1995<\/p>\n<p style=\"text-align: justify;\"><strong>Composi\u00e7\u00e3o do Edif\u00edcio<\/strong><br \/>\n<strong>Sala de actividades<\/strong> | 1<br \/>\n<strong>Sala de polivalente<\/strong> | 1<br \/>\n<strong>Copa<\/strong> | 1<\/p>\n<p style=\"text-align: justify;\"><strong>Espa\u00e7o exterior<\/strong><br \/>\nEquipamentos l\u00fadicos<br \/>\nCaixa de areia<br \/>\nRelvado<br \/>\nPavimento de material sint\u00e9tico pr\u00f3prio para espa\u00e7os infantis<\/p>\n<p style=\"text-align: justify;\"><strong>Capacidade<\/strong> | 25 crian\u00e7as<\/p>\n<p style=\"text-align: justify;\"><strong>Crescer Melhor<\/strong><\/p>\n<p style=\"text-align: justify;\"><strong>Localiza\u00e7\u00e3o<\/strong> | no mesmo edif\u00edcio do Jardim<\/p>\n<p style=\"text-align: justify;\"><strong>Val\u00eancias<\/strong><br \/>\nServi\u00e7o de refei\u00e7\u00f5es<br \/>\nProlongamento de hor\u00e1rio<\/p>\n<p style=\"text-align: justify;\"><strong>Morada\u2028\u2028<\/strong><br \/>\nRua Municipal, Bairro dos Arcos<br \/>\n2510-081 \u00d3bidos<\/p>\n<p style=\"text-align: justify;\"><strong>Contactos\u2028\u2028<\/strong><br \/>\n<strong>Jardim de Inf\u00e2ncia<\/strong> | 262 959 213<br \/>\n<strong>Crescer Melhor<\/strong> | 262 959 213<\/p>\n","protected":false},"excerpt":{"rendered":"<p>Localiza\u00e7\u00e3o | junto \u00e0s instala\u00e7\u00f5es da Creche e Jardim de Inf\u00e2ncia da Casa do Povo de \u00d3bidos, Complexo Gimno- Desportivo, Piscinas Cobertas e Complexo Escolar dos Arcos Inaugura\u00e7\u00e3o | 1995 Composi\u00e7\u00e3o do Edif\u00edcio Sala de actividades | 1 Sala de polivalente | 1 Copa | 1 Espa\u00e7o exterior Equipamentos l\u00fadicos Caixa de areia Relvado Pavimento&hellip; <br \/> <a class=\"button small blue\" href=\"https:\/\/escolasdobidos.com\/website\/jardins-de-infancia\/obidos\/\">Read more<\/a><\/p>\n","protected":false},"author":13,"featured_media":0,"parent":7782,"menu_order":0,"comment_status":"closed","ping_status":"closed","template":"","meta":{"footnotes":""},"class_list":["post-7804","page","type-page","status-publish","hentry"],"_links":{"self":[{"href":"https:\/\/escolasdobidos.com\/website\/wp-json\/wp\/v2\/pages\/7804","targetHints":{"allow":["GET"]}}],"collection":[{"href":"https:\/\/escolasdobidos.com\/website\/wp-json\/wp\/v2\/pages"}],"about":[{"href":"https:\/\/escolasdobidos.com\/website\/wp-json\/wp\/v2\/types\/page"}],"author":[{"embeddable":true,"href":"https:\/\/escolasdobidos.com\/website\/wp-json\/wp\/v2\/users\/13"}],"replies":[{"embeddable":true,"href":"https:\/\/escolasdobidos.com\/website\/wp-json\/wp\/v2\/comments?post=7804"}],"version-history":[{"count":0,"href":"https:\/\/escolasdobidos.com\/website\/wp-json\/wp\/v2\/pages\/7804\/revisions"}],"up":[{"embeddable":true,"href":"https:\/\/escolasdobidos.com\/website\/wp-json\/wp\/v2\/pages\/7782"}],"wp:attachment":[{"href":"https:\/\/escolasdobidos.com\/website\/wp-json\/wp\/v2\/media?parent=7804"}],"curies":[{"name":"wp","href":"https:\/\/api.w.org\/{rel}","templated":true}]}}