{"id":7816,"date":"2016-09-12T17:02:51","date_gmt":"2016-09-12T17:02:51","guid":{"rendered":"http:\/\/escolasdobidos.com\/website\/?page_id=7816"},"modified":"2016-09-12T17:03:08","modified_gmt":"2016-09-12T17:03:08","slug":"vau","status":"publish","type":"page","link":"https:\/\/escolasdobidos.com\/website\/jardins-de-infancia\/vau\/","title":{"rendered":"Jardim de Inf\u00e2ncia do Vau"},"content":{"rendered":"<p style=\"text-align: justify;\"><strong><img fetchpriority=\"high\" decoding=\"async\" class=\"alignleft wp-image-7817 size-medium\" src=\"http:\/\/escolasdobidos.com\/website\/wp-content\/uploads\/2016\/09\/vau-300x200.jpg\" alt=\"vau\" width=\"300\" height=\"200\" srcset=\"https:\/\/escolasdobidos.com\/website\/wp-content\/uploads\/2016\/09\/vau-300x200.jpg 300w, https:\/\/escolasdobidos.com\/website\/wp-content\/uploads\/2016\/09\/vau-301x200.jpg 301w, https:\/\/escolasdobidos.com\/website\/wp-content\/uploads\/2016\/09\/vau-82x55.jpg 82w, https:\/\/escolasdobidos.com\/website\/wp-content\/uploads\/2016\/09\/vau-100x67.jpg 100w, https:\/\/escolasdobidos.com\/website\/wp-content\/uploads\/2016\/09\/vau-156x104.jpg 156w, https:\/\/escolasdobidos.com\/website\/wp-content\/uploads\/2016\/09\/vau.jpg 400w\" sizes=\"(max-width: 300px) 100vw, 300px\" \/>Localiza\u00e7\u00e3o<\/strong> | junto \u00e0 Associa\u00e7\u00e3o Recreativa Desportiva e Cultural Vauense<br \/>\n<strong>Constru\u00e7\u00e3o<\/strong> | 1985<\/p>\n<p style=\"text-align: justify;\"><strong>Composi\u00e7\u00e3o do Edif\u00edcio<\/strong><br \/>\n<strong>Sala de actividades<\/strong> | 1<br \/>\n<strong>Refeit\u00f3rio<\/strong> | 1<\/p>\n<p style=\"text-align: justify;\"><strong>Espa\u00e7o exterior<\/strong><br \/>\nLiga\u00e7\u00e3o ao campo de relvado sint\u00e9tico<\/p>\n<p style=\"text-align: justify;\"><strong>Capacidade<\/strong> | 50 crian\u00e7as<\/p>\n<p style=\"text-align: justify;\"><strong>Crescer Melhor<\/strong><\/p>\n<p style=\"text-align: justify;\"><strong>Localiza\u00e7\u00e3o<\/strong> | antigas instala\u00e7\u00f5es na Escola do 1\u00ba CEB<\/p>\n<p style=\"text-align: justify;\"><strong>Val\u00eancias<\/strong><br \/>\nServi\u00e7o de refei\u00e7\u00f5es<br \/>\nProlongamento de hor\u00e1rio<\/p>\n<p style=\"text-align: justify;\"><strong>Morada\u2028\u2028<\/strong><br \/>\nRua do Barranco, 63<br \/>\n2510-665 Vau<\/p>\n<p style=\"text-align: justify;\"><strong>Contactos\u2028\u2028<\/strong><br \/>\n<strong>Jardim de Inf\u00e2ncia<\/strong> | 262 968 877<br \/>\n<strong>Crescer Melhor<\/strong> | 262 969 482<\/p>\n","protected":false},"excerpt":{"rendered":"<p>Localiza\u00e7\u00e3o | junto \u00e0 Associa\u00e7\u00e3o Recreativa Desportiva e Cultural Vauense Constru\u00e7\u00e3o | 1985 Composi\u00e7\u00e3o do Edif\u00edcio Sala de actividades | 1 Refeit\u00f3rio | 1 Espa\u00e7o exterior Liga\u00e7\u00e3o ao campo de relvado sint\u00e9tico Capacidade | 50 crian\u00e7as Crescer Melhor Localiza\u00e7\u00e3o | antigas instala\u00e7\u00f5es na Escola do 1\u00ba CEB Val\u00eancias Servi\u00e7o de refei\u00e7\u00f5es Prolongamento de hor\u00e1rio Morada\u2028\u2028&hellip; <br \/> <a class=\"button small blue\" href=\"https:\/\/escolasdobidos.com\/website\/jardins-de-infancia\/vau\/\">Read more<\/a><\/p>\n","protected":false},"author":13,"featured_media":0,"parent":7782,"menu_order":0,"comment_status":"closed","ping_status":"closed","template":"","meta":{"footnotes":""},"class_list":["post-7816","page","type-page","status-publish","hentry"],"_links":{"self":[{"href":"https:\/\/escolasdobidos.com\/website\/wp-json\/wp\/v2\/pages\/7816","targetHints":{"allow":["GET"]}}],"collection":[{"href":"https:\/\/escolasdobidos.com\/website\/wp-json\/wp\/v2\/pages"}],"about":[{"href":"https:\/\/escolasdobidos.com\/website\/wp-json\/wp\/v2\/types\/page"}],"author":[{"embeddable":true,"href":"https:\/\/escolasdobidos.com\/website\/wp-json\/wp\/v2\/users\/13"}],"replies":[{"embeddable":true,"href":"https:\/\/escolasdobidos.com\/website\/wp-json\/wp\/v2\/comments?post=7816"}],"version-history":[{"count":0,"href":"https:\/\/escolasdobidos.com\/website\/wp-json\/wp\/v2\/pages\/7816\/revisions"}],"up":[{"embeddable":true,"href":"https:\/\/escolasdobidos.com\/website\/wp-json\/wp\/v2\/pages\/7782"}],"wp:attachment":[{"href":"https:\/\/escolasdobidos.com\/website\/wp-json\/wp\/v2\/media?parent=7816"}],"curies":[{"name":"wp","href":"https:\/\/api.w.org\/{rel}","templated":true}]}}