{"id":7888,"date":"2016-10-26T14:11:32","date_gmt":"2016-10-26T14:11:32","guid":{"rendered":"http:\/\/escolasdobidos.com\/website\/?page_id=7888"},"modified":"2019-10-28T14:50:21","modified_gmt":"2019-10-28T14:50:21","slug":"fabrica-da-criatividade","status":"publish","type":"page","link":"https:\/\/escolasdobidos.com\/website\/fabrica-da-criatividade\/","title":{"rendered":"F\u00e1brica da Criatividade"},"content":{"rendered":"<p>[vc_row][vc_column][vc_column_text]<\/p>\n<p style=\"text-align: justify;\">\u00d3bidos tem sido pioneiro na constru\u00e7\u00e3o de uma estrat\u00e9gia para a educa\u00e7\u00e3o, concebendo um modelo educativo que garanta a emerg\u00eancia de uma pedagogia democr\u00e1tica, participada, criativa e sist\u00e9mica, focada no aluno e no desenvolvimento de compet\u00eancias que marcar\u00e3o o seu percurso de continuidade e sucesso. Uma estrat\u00e9gia que prepara as futuras gera\u00e7\u00f5es para desafios cujo conte\u00fado pouco se conhece e padr\u00f5es de vida diferentes daqueles que vivemos; que fomente uma intelig\u00eancia emocional e criativa, apostando numa cidadania mais ativa, participada, democr\u00e1tica e respons\u00e1vel. Pretendemos projetar solu\u00e7\u00f5es e ensinar as nossas crian\u00e7as a pensar o Mundo desta forma.<\/p>\n<p style=\"text-align: justify;\">\u00c9 nesta encruzilhada que \u00d3bidos inicia, em 2010, com a conce\u00e7\u00e3o do programa F\u00e1brica da Criatividade, um investimento na educa\u00e7\u00e3o, tendo por base as \u00e1reas da criatividade e inova\u00e7\u00e3o. A conce\u00e7\u00e3o deste programa teve subjacente algumas teorias e pensamentos, de Vygostsky, Piaget, Sternberg, Carl Rogers, Bandura, Bruner entre outros que entendem que a aprendizagem deve ser um processo onde o conhecimento \u00e9 gerado atrav\u00e9s da transforma\u00e7\u00e3o da experi\u00eancia e em que os contextos de aprendizagem, devem ser flex\u00edveis e facilitadores, provocando novas experi\u00eancias e como consequ\u00eancia novas aprendizagens. No entanto, \u00e9 com Loris Malaguzzi e toda a abordagem de Reggio Emilia que conseguimos encontrar a base pedag\u00f3gica do programa F\u00e1brica da Criatividade.<\/p>\n<p>A <strong>F\u00e1brica da Criatividade<\/strong> tem promovido iniciativas em duas zonas distintas:<\/p>\n<p style=\"text-align: justify;\">\u2022 Na <strong>Escola<\/strong>, atrav\u00e9s da cria\u00e7\u00e3o de projetos-a\u00e7\u00e3o, que resultam numa interven\u00e7\u00e3o direta em diferentes focos (aluno, professor, animador, curr\u00edculo e fam\u00edlia). Neste momento existem tr\u00eas projetos implementados no Agrupamento de Escolas Josefa de \u00d3bidos: o <strong>Atelie<\/strong>r, o <strong>MyMachine<\/strong> e o <strong>\u00d3bidos Anima<\/strong>.<\/p>\n<p>\u2022 Na <strong>Comunidade,<\/strong> com o desenvolvimento de um programa integrado de atividades l\u00fadicas, art\u00edsticas e culturais, maioritariamente de itiner\u00e2ncia dirigidas a crian\u00e7as, jovens, adultos e fam\u00edlias.<\/p>\n<p dir=\"ltr\" style=\"text-align: justify;\">Destas visitas t\u00eam resultados novos contactos e convites para as Escolas D&#8217;\u00d3bidos partilharem o seu percurso com outros profissionais de educa\u00e7\u00e3o. Exemplos destas sinergias \u00e9 o interesse que as Escolas D&#8217;\u00d3bidos t\u00eam despertado ao Centro de Forma\u00e7\u00e3o de Portovello (Espanha) e \u00e0 Universidade de Vigo ou \u00e0 Universidade de Harvard, designadamente \u00e0 equipa do Project Zero.<\/p>\n<p dir=\"ltr\" style=\"text-align: justify;\">Pretendemos que a F\u00e1brica da Criatividade seja absorvida pela comunidade educativa como uma estrat\u00e9gia que prepara as futuras gera\u00e7\u00f5es para desafios cujo conte\u00fado pouco se conhece e padr\u00f5es de vida diferentes daqueles que vivemos; que fomente uma intelig\u00eancia emocional e criativa, apostando numa cidadania mais ativa, participada, democr\u00e1tica e respons\u00e1vel. Pretendemos projetar solu\u00e7\u00f5es e ensinar as nossas crian\u00e7as a pensar o Mundo desta forma.<\/p>\n<p dir=\"ltr\" style=\"text-align: justify;\">Este programa tem garantido \u00e0s Escolas D&#8217;\u00d3bidos uma proje\u00e7\u00e3o mundial, atrav\u00e9s do desenvolvimento de redes\/parcerias ou da visita de professores\/diretores de escolas\/decisores pol\u00edticos que procuram conhecer melhor este programa. At\u00e9 ao momento, o programa da F\u00e1brica da Criatividade est\u00e1 conectado com mais de 20 pa\u00edses, de quatro continentes (Europa, Am\u00e9rica, \u00c1frica e \u00c1sia). \u00d3bidos tem recebido pessoas do Brasil, Alemanha, Dinamarca, It\u00e1lia, Espanha ou do Ir\u00e3o que procuram conhecer alguns projetos implementados nas Escolas D&#8217;\u00d3bidos.<\/p>\n<p><img fetchpriority=\"high\" decoding=\"async\" class=\"aligncenter size-full wp-image-7898\" src=\"http:\/\/escolasdobidos.com\/website\/wp-content\/uploads\/2016\/10\/fabrica_criatividade.jpg\" alt=\"fabrica_criatividade\" width=\"960\" height=\"200\" srcset=\"https:\/\/escolasdobidos.com\/website\/wp-content\/uploads\/2016\/10\/fabrica_criatividade.jpg 960w, https:\/\/escolasdobidos.com\/website\/wp-content\/uploads\/2016\/10\/fabrica_criatividade-600x125.jpg 600w, https:\/\/escolasdobidos.com\/website\/wp-content\/uploads\/2016\/10\/fabrica_criatividade-300x63.jpg 300w, https:\/\/escolasdobidos.com\/website\/wp-content\/uploads\/2016\/10\/fabrica_criatividade-768x160.jpg 768w, https:\/\/escolasdobidos.com\/website\/wp-content\/uploads\/2016\/10\/fabrica_criatividade-515x107.jpg 515w, https:\/\/escolasdobidos.com\/website\/wp-content\/uploads\/2016\/10\/fabrica_criatividade-82x17.jpg 82w, https:\/\/escolasdobidos.com\/website\/wp-content\/uploads\/2016\/10\/fabrica_criatividade-100x21.jpg 100w, https:\/\/escolasdobidos.com\/website\/wp-content\/uploads\/2016\/10\/fabrica_criatividade-156x33.jpg 156w\" sizes=\"(max-width: 960px) 100vw, 960px\" \/>[\/vc_column_text][\/vc_column][\/vc_row]<\/p>\n","protected":false},"excerpt":{"rendered":"<p>[vc_row][vc_column][vc_column_text] \u00d3bidos tem sido pioneiro na constru\u00e7\u00e3o de uma estrat\u00e9gia para a educa\u00e7\u00e3o, concebendo um modelo educativo que garanta a emerg\u00eancia de uma pedagogia democr\u00e1tica, participada, criativa e sist\u00e9mica, focada no aluno e no desenvolvimento de compet\u00eancias que marcar\u00e3o o seu percurso de continuidade e sucesso. Uma estrat\u00e9gia que prepara as futuras gera\u00e7\u00f5es para desafios&hellip; <br \/> <a class=\"button small blue\" href=\"https:\/\/escolasdobidos.com\/website\/fabrica-da-criatividade\/\">Read more<\/a><\/p>\n","protected":false},"author":13,"featured_media":0,"parent":0,"menu_order":0,"comment_status":"closed","ping_status":"closed","template":"","meta":{"footnotes":""},"class_list":["post-7888","page","type-page","status-publish","hentry"],"_links":{"self":[{"href":"https:\/\/escolasdobidos.com\/website\/wp-json\/wp\/v2\/pages\/7888","targetHints":{"allow":["GET"]}}],"collection":[{"href":"https:\/\/escolasdobidos.com\/website\/wp-json\/wp\/v2\/pages"}],"about":[{"href":"https:\/\/escolasdobidos.com\/website\/wp-json\/wp\/v2\/types\/page"}],"author":[{"embeddable":true,"href":"https:\/\/escolasdobidos.com\/website\/wp-json\/wp\/v2\/users\/13"}],"replies":[{"embeddable":true,"href":"https:\/\/escolasdobidos.com\/website\/wp-json\/wp\/v2\/comments?post=7888"}],"version-history":[{"count":0,"href":"https:\/\/escolasdobidos.com\/website\/wp-json\/wp\/v2\/pages\/7888\/revisions"}],"wp:attachment":[{"href":"https:\/\/escolasdobidos.com\/website\/wp-json\/wp\/v2\/media?parent=7888"}],"curies":[{"name":"wp","href":"https:\/\/api.w.org\/{rel}","templated":true}]}}