{"id":7948,"date":"2016-10-27T11:18:32","date_gmt":"2016-10-27T11:18:32","guid":{"rendered":"http:\/\/escolasdobidos.com\/website\/?page_id=7948"},"modified":"2026-04-12T10:54:39","modified_gmt":"2026-04-12T10:54:39","slug":"documentos","status":"publish","type":"page","link":"https:\/\/escolasdobidos.com\/website\/documentos\/","title":{"rendered":"Documentos Orientadores"},"content":{"rendered":"\t\t<div data-elementor-type=\"wp-page\" data-elementor-id=\"7948\" class=\"elementor elementor-7948\" data-elementor-settings=\"{&quot;ha_cmc_init_switcher&quot;:&quot;no&quot;}\" data-elementor-post-type=\"page\">\n\t\t\t\t\t\t<section class=\"elementor-section elementor-top-section elementor-element elementor-element-04fbb86 elementor-section-boxed elementor-section-height-default elementor-section-height-default elementor-invisible\" data-id=\"04fbb86\" data-element_type=\"section\" data-e-type=\"section\" data-settings=\"{&quot;animation&quot;:&quot;fadeInUp&quot;,&quot;_ha_eqh_enable&quot;:false}\">\n\t\t\t\t\t\t<div class=\"elementor-container elementor-column-gap-default\">\n\t\t\t\t\t<div class=\"elementor-column elementor-col-20 elementor-top-column elementor-element elementor-element-11ebe45\" data-id=\"11ebe45\" data-element_type=\"column\" data-e-type=\"column\">\n\t\t\t<div class=\"elementor-widget-wrap elementor-element-populated\">\n\t\t\t\t\t\t<div class=\"elementor-element elementor-element-8a02ab8 elementor-widget__width-initial content-align-cta-default elementor-widget elementor-widget-eael-cta-box\" data-id=\"8a02ab8\" data-element_type=\"widget\" data-e-type=\"widget\" data-widget_type=\"eael-cta-box.default\">\n\t\t\t\t<div class=\"elementor-widget-container\">\n\t\t\t\t\t\t\t<div class=\"eael-call-to-action cta-basic bg-lite cta-preset-1\">\n        <h2 class=\"title eael-cta-heading\">Regulamento Interno<\/h2><p>Este Regulamento Interno aplica-se a todos os estabelecimentos de educa\u00e7\u00e3o e ensino integrados<br \/>no AEJO, a todos os seus \u00f3rg\u00e3os, estruturas e servi\u00e7os, bem como a toda a comunidade escolar<\/p><a href=\"https:\/\/escolasdobidos.com\/website\/wp-content\/uploads\/2026\/03\/RI_ANEXOS.pdf\" target=\"_blank\" class=\"cta-button cta-preset-1  \">Abrir<\/a>\t<\/div>\n\t\t\t\t\t\t\t\t<\/div>\n\t\t\t\t<\/div>\n\t\t\t\t\t<\/div>\n\t\t<\/div>\n\t\t\t\t<div class=\"elementor-column elementor-col-20 elementor-top-column elementor-element elementor-element-447ed82\" data-id=\"447ed82\" data-element_type=\"column\" data-e-type=\"column\">\n\t\t\t<div class=\"elementor-widget-wrap elementor-element-populated\">\n\t\t\t\t\t\t<div class=\"elementor-element elementor-element-fc6bdbf content-align-cta-default elementor-widget elementor-widget-eael-cta-box\" data-id=\"fc6bdbf\" data-element_type=\"widget\" data-e-type=\"widget\" data-widget_type=\"eael-cta-box.default\">\n\t\t\t\t<div class=\"elementor-widget-container\">\n\t\t\t\t\t\t\t<div class=\"eael-call-to-action cta-basic bg-lite cta-preset-1\">\n        <h2 class=\"title eael-cta-heading\">Carta de Miss\u00e3o do Diretor<\/h2><a href=\"https:\/\/escolasdobidos.com\/website\/wp-content\/uploads\/2025\/06\/Carta-de-missao-Diretor-2023-2027.pdf\" target=\"_blank\" class=\"cta-button cta-preset-1  \">Abrir<\/a>\t<\/div>\n\t\t\t\t\t\t\t\t<\/div>\n\t\t\t\t<\/div>\n\t\t\t\t\t<\/div>\n\t\t<\/div>\n\t\t\t\t<div class=\"elementor-column elementor-col-20 elementor-top-column elementor-element elementor-element-a3cf511\" data-id=\"a3cf511\" data-element_type=\"column\" data-e-type=\"column\">\n\t\t\t<div class=\"elementor-widget-wrap elementor-element-populated\">\n\t\t\t\t\t\t<div class=\"elementor-element elementor-element-faf8be1 elementor-widget__width-initial content-align-cta-default elementor-widget elementor-widget-eael-cta-box\" data-id=\"faf8be1\" data-element_type=\"widget\" data-e-type=\"widget\" data-widget_type=\"eael-cta-box.default\">\n\t\t\t\t<div class=\"elementor-widget-container\">\n\t\t\t\t\t\t\t<div class=\"eael-call-to-action cta-basic bg-lite cta-preset-1\">\n        <h3 class=\"title eael-cta-heading\">Projeto de Interven\u00e7\u00e3o do Diretor<\/h3><a href=\"https:\/\/escolasdobidos.com\/website\/wp-content\/uploads\/2025\/06\/Projeto-de-Intervencao-do-Diretor-2023-2027.pdf\" target=\"_blank\" class=\"cta-button cta-preset-1  \">Abrir<\/a>\t<\/div>\n\t\t\t\t\t\t\t\t<\/div>\n\t\t\t\t<\/div>\n\t\t\t\t\t<\/div>\n\t\t<\/div>\n\t\t\t\t<div class=\"elementor-column elementor-col-20 elementor-top-column elementor-element elementor-element-260b58c\" data-id=\"260b58c\" data-element_type=\"column\" data-e-type=\"column\">\n\t\t\t<div class=\"elementor-widget-wrap elementor-element-populated\">\n\t\t\t\t\t\t<div class=\"elementor-element elementor-element-d3a65e3 elementor-widget__width-initial content-align-cta-default elementor-widget elementor-widget-eael-cta-box\" data-id=\"d3a65e3\" data-element_type=\"widget\" data-e-type=\"widget\" data-widget_type=\"eael-cta-box.default\">\n\t\t\t\t<div class=\"elementor-widget-container\">\n\t\t\t\t\t\t\t<div class=\"eael-call-to-action cta-basic bg-lite cta-preset-1\">\n        <h2 class=\"title eael-cta-heading\">Plano Estrat\u00e9gico Educativo Municipal<\/h2><p>O Munic\u00edpio assume um papel de responsabilidade e acompanhamento na constru\u00e7\u00e3o do Plano<br \/>Estrat\u00e9gico Educativo Municipal (PEEM) que intenciona a melhoria objetiva dos resultados.<\/p><a href=\"https:\/\/escolasdobidos.com\/download\/2016\/peem.pdf\" target=\"_blank\" class=\"cta-button cta-preset-1  \">Abrir<\/a>\t<\/div>\n\t\t\t\t\t\t\t\t<\/div>\n\t\t\t\t<\/div>\n\t\t\t\t\t<\/div>\n\t\t<\/div>\n\t\t\t\t<div class=\"elementor-column elementor-col-20 elementor-top-column elementor-element elementor-element-779e96d\" data-id=\"779e96d\" data-element_type=\"column\" data-e-type=\"column\">\n\t\t\t<div class=\"elementor-widget-wrap elementor-element-populated\">\n\t\t\t\t\t\t<div class=\"elementor-element elementor-element-dfe9457 elementor-widget__width-initial content-align-cta-default elementor-widget elementor-widget-eael-cta-box\" data-id=\"dfe9457\" data-element_type=\"widget\" data-e-type=\"widget\" data-widget_type=\"eael-cta-box.default\">\n\t\t\t\t<div class=\"elementor-widget-container\">\n\t\t\t\t\t\t\t<div class=\"eael-call-to-action cta-basic bg-lite cta-preset-1\">\n        <h2 class=\"title eael-cta-heading\">Carta Educativa<\/h2><p>A Carta Educativa \u00e9 um instrumento estrat\u00e9gico de planeamento e ordenamento da rede educativa, que define a organiza\u00e7\u00e3o dos estabelecimentos de educa\u00e7\u00e3o e ensino de um territ\u00f3rio, em articula\u00e7\u00e3o com as pol\u00edticas educativas nacionais e as especificidades locais.<\/p><a href=\"https:\/\/escolasdobidos.com\/website\/wp-content\/uploads\/2026\/01\/revisao_da_carta_educativa_mo_2024_2034.pdf\" target=\"_blank\" class=\"cta-button cta-preset-1  \">Abrir<\/a>\t<\/div>\n\t\t\t\t\t\t\t\t<\/div>\n\t\t\t\t<\/div>\n\t\t\t\t\t<\/div>\n\t\t<\/div>\n\t\t\t\t\t<\/div>\n\t\t<\/section>\n\t\t\t\t<section class=\"elementor-section elementor-top-section elementor-element elementor-element-455dcd4 elementor-section-boxed elementor-section-height-default elementor-section-height-default elementor-invisible\" data-id=\"455dcd4\" data-element_type=\"section\" data-e-type=\"section\" data-settings=\"{&quot;animation&quot;:&quot;fadeInUp&quot;,&quot;_ha_eqh_enable&quot;:false}\">\n\t\t\t\t\t\t<div class=\"elementor-container elementor-column-gap-default\">\n\t\t\t\t\t<div class=\"elementor-column elementor-col-33 elementor-top-column elementor-element elementor-element-1237be4\" data-id=\"1237be4\" data-element_type=\"column\" data-e-type=\"column\">\n\t\t\t<div class=\"elementor-widget-wrap elementor-element-populated\">\n\t\t\t\t\t\t<div class=\"elementor-element elementor-element-e85f12f elementor-widget__width-initial content-align-cta-default elementor-widget elementor-widget-eael-cta-box\" data-id=\"e85f12f\" data-element_type=\"widget\" data-e-type=\"widget\" data-widget_type=\"eael-cta-box.default\">\n\t\t\t\t<div class=\"elementor-widget-container\">\n\t\t\t\t\t\t\t<div class=\"eael-call-to-action cta-basic bg-lite cta-preset-1\">\n        <h2 class=\"title eael-cta-heading\">Projeto Educativo<\/h2><p>O Projeto Educativo, de acordo com a legisla\u00e7\u00e3o em vigor, tra\u00e7a as linhas gerais e o planeamento estrat\u00e9gico para<br \/>o pr\u00f3ximo quadri\u00e9nio e situa a escola no centro de todo o territ\u00f3rio educativo.<\/p><a href=\"https:\/\/escolasdobidos.com\/website\/wp-content\/uploads\/2025\/07\/Projeto-Educativo_25_28.pdf\" target=\"_blank\" class=\"cta-button cta-preset-1  \">Abrir<\/a>\t<\/div>\n\t\t\t\t\t\t\t\t<\/div>\n\t\t\t\t<\/div>\n\t\t\t\t\t<\/div>\n\t\t<\/div>\n\t\t\t\t<div class=\"elementor-column elementor-col-33 elementor-top-column elementor-element elementor-element-f64dcad\" data-id=\"f64dcad\" data-element_type=\"column\" data-e-type=\"column\">\n\t\t\t<div class=\"elementor-widget-wrap elementor-element-populated\">\n\t\t\t\t\t\t<div class=\"elementor-element elementor-element-08102f4 elementor-widget__width-initial content-align-cta-default elementor-widget elementor-widget-eael-cta-box\" data-id=\"08102f4\" data-element_type=\"widget\" data-e-type=\"widget\" data-widget_type=\"eael-cta-box.default\">\n\t\t\t\t<div class=\"elementor-widget-container\">\n\t\t\t\t\t\t\t<div class=\"eael-call-to-action cta-basic bg-lite cta-preset-1\">\n        <h2 class=\"title eael-cta-heading\">Estrat\u00e9gia de Educa\u00e7\u00e3o para a Cidadania e Desenvolvimento<\/h2><p>O Agrupamento de Escolas Josefa de \u00d3bidos assume uma Estrat\u00e9gia de Educa\u00e7\u00e3o para a Cidadania e Desenvolvimento que, em alinhamento com o Projeto Educativo, a nova Estrat\u00e9gia Nacional de Educa\u00e7\u00e3o para a Cidadania e a Carta Educativa Municipal, promove de forma transversal, do 1.\u00ba ciclo ao ensino secund\u00e1rio, o desenvolvimento de valores democr\u00e1ticos, Direitos Humanos, sustentabilidade, literacia financeira, sa\u00fade e bem\u2011estar, pluralismo e diversidade cultural e literacia medi\u00e1tica, atrav\u00e9s de metodologias ativas, trabalho interdisciplinar, projetos com a comunidade, parcerias externas e uma avalia\u00e7\u00e3o cont\u00ednua que valoriza a participa\u00e7\u00e3o dos alunos, das fam\u00edlias e de todos os agentes educativos na constru\u00e7\u00e3o de uma escola inclusiva, participativa e inovadora.<\/p><a href=\"https:\/\/escolasdobidos.com\/website\/wp-content\/uploads\/2026\/02\/EstrategiaEscolaJObidos_CidadaniaDesenvolvimento_2025_2026_novembro2025_v2_SemAnexos.pdf\" target=\"_blank\" class=\"cta-button cta-preset-1  \">Abrir<\/a>\t<\/div>\n\t\t\t\t\t\t\t\t<\/div>\n\t\t\t\t<\/div>\n\t\t\t\t\t<\/div>\n\t\t<\/div>\n\t\t\t\t<div class=\"elementor-column elementor-col-33 elementor-top-column elementor-element elementor-element-e3612cc\" data-id=\"e3612cc\" data-element_type=\"column\" data-e-type=\"column\">\n\t\t\t<div class=\"elementor-widget-wrap elementor-element-populated\">\n\t\t\t\t\t\t<div class=\"elementor-element elementor-element-3b68757 elementor-widget__width-initial content-align-cta-default elementor-widget elementor-widget-eael-cta-box\" data-id=\"3b68757\" data-element_type=\"widget\" data-e-type=\"widget\" data-widget_type=\"eael-cta-box.default\">\n\t\t\t\t<div class=\"elementor-widget-container\">\n\t\t\t\t\t\t\t<div class=\"eael-call-to-action cta-basic bg-lite cta-preset-1\">\n        <h2 class=\"title eael-cta-heading\">Relat\u00f3rio - Plano Anual de Atividades<\/h2><p>O Relat\u00f3rio do Plano Anual de Atividades 2024\/2025 evidencia o papel fundamental deste documento na concretiza\u00e7\u00e3o do Projeto Educativo do Agrupamento, promovendo a articula\u00e7\u00e3o curricular, a inova\u00e7\u00e3o pedag\u00f3gica e a participa\u00e7\u00e3o da comunidade educativa. Ao longo do ano letivo, as atividades desenvolvidas contribu\u00edram para o enriquecimento das aprendizagens, o refor\u00e7o das rela\u00e7\u00f5es interpessoais e a valoriza\u00e7\u00e3o da forma\u00e7\u00e3o integral dos alunos, refletindo o empenho coletivo de toda a comunidade escolar.<\/p><a href=\"https:\/\/escolasdobidos.com\/website\/wp-content\/uploads\/2026\/04\/AEJO-Relatorio-PAA-2024-2025.pdf\" target=\"_blank\" class=\"cta-button cta-preset-1  \">Abrir<\/a>\t<\/div>\n\t\t\t\t\t\t\t\t<\/div>\n\t\t\t\t<\/div>\n\t\t\t\t\t<\/div>\n\t\t<\/div>\n\t\t\t\t\t<\/div>\n\t\t<\/section>\n\t\t\t\t<\/div>\n\t\t","protected":false},"excerpt":{"rendered":"<p>Regulamento Interno Este Regulamento Interno aplica-se a todos os estabelecimentos de educa\u00e7\u00e3o e ensino integradosno AEJO, a todos os seus \u00f3rg\u00e3os, estruturas e servi\u00e7os, bem como a toda a comunidade escolar Abrir Carta de Miss\u00e3o do Diretor Abrir Projeto de Interven\u00e7\u00e3o do Diretor Abrir Plano Estrat\u00e9gico Educativo Municipal O Munic\u00edpio assume um papel de responsabilidade&hellip; <br \/> <a class=\"button small blue\" href=\"https:\/\/escolasdobidos.com\/website\/documentos\/\">Read more<\/a><\/p>\n","protected":false},"author":13,"featured_media":0,"parent":0,"menu_order":0,"comment_status":"closed","ping_status":"closed","template":"","meta":{"footnotes":""},"class_list":["post-7948","page","type-page","status-publish","hentry"],"_links":{"self":[{"href":"https:\/\/escolasdobidos.com\/website\/wp-json\/wp\/v2\/pages\/7948","targetHints":{"allow":["GET"]}}],"collection":[{"href":"https:\/\/escolasdobidos.com\/website\/wp-json\/wp\/v2\/pages"}],"about":[{"href":"https:\/\/escolasdobidos.com\/website\/wp-json\/wp\/v2\/types\/page"}],"author":[{"embeddable":true,"href":"https:\/\/escolasdobidos.com\/website\/wp-json\/wp\/v2\/users\/13"}],"replies":[{"embeddable":true,"href":"https:\/\/escolasdobidos.com\/website\/wp-json\/wp\/v2\/comments?post=7948"}],"version-history":[{"count":25,"href":"https:\/\/escolasdobidos.com\/website\/wp-json\/wp\/v2\/pages\/7948\/revisions"}],"predecessor-version":[{"id":18966,"href":"https:\/\/escolasdobidos.com\/website\/wp-json\/wp\/v2\/pages\/7948\/revisions\/18966"}],"wp:attachment":[{"href":"https:\/\/escolasdobidos.com\/website\/wp-json\/wp\/v2\/media?parent=7948"}],"curies":[{"name":"wp","href":"https:\/\/api.w.org\/{rel}","templated":true}]}}