{"id":8219,"date":"2017-03-24T21:34:17","date_gmt":"2017-03-24T21:34:17","guid":{"rendered":"http:\/\/escolasdobidos.com\/?page_id=8219"},"modified":"2017-05-13T10:02:56","modified_gmt":"2017-05-13T10:02:56","slug":"httpescolasdobidos-comoferta_educativaoferta-educativa2","status":"publish","type":"page","link":"https:\/\/escolasdobidos.com\/website\/httpescolasdobidos-comoferta_educativaoferta-educativa2\/","title":{"rendered":"Oferta Educativa"},"content":{"rendered":"<p>[vc_row][vc_column width=&#8221;1\/3&#8243;][vc_gallery type=&#8221;nivo&#8221; interval=&#8221;0&#8243; images=&#8221;8791&#8243; img_size=&#8221;medium&#8221; title=&#8221;Pr\u00e9-escolar&#8221;][vc_tta_accordion][vc_tta_section title=&#8221;Ateli\u00ea Criativo, Pensar Colorido, M\u00fasica, Ingl\u00eas, Educa\u00e7\u00e3o F\u00edsica \/ Nata\u00e7\u00e3o, Crescer Melhor&#8221; tab_id=&#8221;1493933322172-f130c8b3-a59a&#8221;][vc_column_text]<\/p>\n<ol>\n<li style=\"text-align: justify; padding-left: 30px;\"><a href=\"http:\/\/escolasdobidos.com\/website\/wp-content\/uploads\/2017\/03\/renova%C3%A7%C3%A3o-de-matricula-1-ciclo_1ano.pdf\" target=\"_blank\">Matr\u00edcula primeiro ano<\/a><\/li>\n<li style=\"text-align: justify; padding-left: 30px;\">Ateli\u00ea no\u00a0pr\u00e9-escolar<\/li>\n<li style=\"text-align: justify; padding-left: 30px;\"><a href=\"http:\/\/escolasdobidos.com\/website\/wp-content\/uploads\/2017\/03\/pre.pdf\" target=\"_blank\">Matriz curricular<\/a><\/li>\n<\/ol>\n<p>[\/vc_column_text][\/vc_tta_section][\/vc_tta_accordion][\/vc_column][vc_column width=&#8221;1\/3&#8243;][vc_gallery type=&#8221;nivo&#8221; interval=&#8221;0&#8243; images=&#8221;8733&#8243; img_size=&#8221;medium&#8221; title=&#8221;Primeiro Ciclo&#8221;][vc_tta_accordion][vc_tta_section title=&#8221;Equipas Educativas, F\u00e1brica da Criatividade, Dan\u00e7a, M\u00fasica, Yoga, Crescer Melhor&#8221; tab_id=&#8221;1493931451187-663e23c7-cf0a&#8221;][vc_column_text]<\/p>\n<ol>\n<li style=\"text-align: justify; padding-left: 30px;\"><a href=\"http:\/\/escolasdobidos.com\/website\/wp-content\/uploads\/2017\/03\/oferta_formativa_1ciclo_docorientador.pdf\" target=\"_blank\">Documento orientador<\/a><\/li>\n<li style=\"text-align: justify; padding-left: 30px;\"><a href=\"http:\/\/escolasdobidos.com\/website\/wp-content\/uploads\/2017\/03\/renova%C3%A7%C3%A3o-de-matricula-1-ciclo_234.pdf\" target=\"_blank\">Renova\u00e7\u00e3o de matr\u00edcula<\/a><\/li>\n<li style=\"text-align: justify; padding-left: 30px;\">Equipas Educativas<\/li>\n<li style=\"text-align: justify; padding-left: 30px;\">Ateli\u00ea no primeiro ciclo<\/li>\n<li style=\"text-align: justify; padding-left: 30px;\"><a href=\"http:\/\/escolasdobidos.com\/website\/wp-content\/uploads\/2017\/03\/1ciclo.pdf\" target=\"_blank\">Matriz Curricular<\/a><\/li>\n<\/ol>\n<p>[\/vc_column_text][\/vc_tta_section][\/vc_tta_accordion][\/vc_column][vc_column width=&#8221;1\/3&#8243;][vc_gallery type=&#8221;nivo&#8221; interval=&#8221;0&#8243; images=&#8221;8568&#8243; img_size=&#8221;medium&#8221; title=&#8221;Segundo ciclo&#8221;][vc_tta_accordion][vc_tta_section title=&#8221;Equipas Educativas, F\u00e1brica da Criatividade, Teatro, Desporto Escolar, M\u00fasica, Crescer Melhor&#8221; tab_id=&#8221;1493931833144-7b84ffb2-5f90&#8243;][vc_column_text]<\/p>\n<ol>\n<li style=\"text-align: justify; padding-left: 30px;\"><a href=\"http:\/\/escolasdobidos.com\/website\/wp-content\/uploads\/2017\/03\/oferta_formativa_docorientador.pdf\" target=\"_blank\">Documento orientador<\/a><\/li>\n<li style=\"text-align: justify; padding-left: 30px;\"><a href=\"http:\/\/escolasdobidos.com\/website\/wp-content\/uploads\/2017\/03\/renova%C3%A7%C3%A3o-de-matricula-2-ciclo.pdf\" target=\"_blank\">Renova\u00e7\u00e3o de matr\u00edcula<\/a><\/li>\n<li style=\"text-align: justify; padding-left: 30px;\">Equipas Educativas<\/li>\n<li style=\"text-align: justify; padding-left: 30px;\">Ateli\u00ea no segundo ciclo<\/li>\n<li style=\"text-align: justify; padding-left: 30px;\"><a href=\"http:\/\/escolasdobidos.com\/website\/wp-content\/uploads\/2017\/03\/2ciclo.pdf\" target=\"_blank\">Matriz Curricular<\/a><\/li>\n<\/ol>\n<p>[\/vc_column_text][\/vc_tta_section][\/vc_tta_accordion][\/vc_column][\/vc_row][vc_row][vc_column width=&#8221;1\/3&#8243;][vc_gallery type=&#8221;nivo&#8221; interval=&#8221;0&#8243; images=&#8221;8125&#8243; img_size=&#8221;medium&#8221; title=&#8221;Terceiro Ciclo&#8221;][vc_tta_accordion][vc_tta_section title=&#8221;Equipas Educativas, Ateli\u00ea Criativo, Teatro, Desporto Escolar, Clube de Leitura e Ci\u00eancias , Oficina de Ingl\u00eas e Matem\u00e1tica, Erasmus +&#8221; tab_id=&#8221;1493932445064-f913ecf5-ecae&#8221;][vc_column_text]<\/p>\n<ol>\n<li style=\"text-align: justify; padding-left: 30px;\"><a href=\"http:\/\/escolasdobidos.com\/website\/wp-content\/uploads\/2017\/03\/oferta_formativa_docorientador.pdf\" target=\"_blank\">Documento orientador<\/a><\/li>\n<li style=\"text-align: justify; padding-left: 30px;\"><a href=\"http:\/\/escolasdobidos.com\/website\/wp-content\/uploads\/2017\/03\/renova%C3%A7%C3%A3o-de-matricula-3-ciclo_7ano.pdf\" target=\"_blank\">Renova\u00e7\u00e3o de matr\u00edcula 7 .\u00ba ano<\/a><\/li>\n<li style=\"text-align: justify; padding-left: 30px;\"><a href=\"http:\/\/escolasdobidos.com\/website\/wp-content\/uploads\/2017\/03\/renova%C3%A7%C3%A3o-de-matricula-3-ciclo_8_9ano.pdf\" target=\"_blank\">Renova\u00e7\u00e3o de matr\u00edcula 8 .\u00ba e 9.\u00ba anos<\/a><\/li>\n<li style=\"text-align: justify; padding-left: 30px;\">Equipas Educativas<\/li>\n<li style=\"text-align: justify; padding-left: 30px;\">Ateli\u00ea no terceiro\u00a0ciclo<\/li>\n<li style=\"text-align: justify; padding-left: 30px;\"><a href=\"http:\/\/escolasdobidos.com\/website\/wp-content\/uploads\/2017\/03\/3ciclo.pdf\" target=\"_blank\">Matriz Curricular<\/a><\/li>\n<\/ol>\n<p>[\/vc_column_text][\/vc_tta_section][\/vc_tta_accordion][\/vc_column][vc_column width=&#8221;1\/3&#8243;][vc_gallery type=&#8221;nivo&#8221; interval=&#8221;3&#8243; images=&#8221;8759&#8243; img_size=&#8221;medium&#8221; title=&#8221;Secund\u00e1rio&#8221;][vc_tta_accordion][vc_tta_section title=&#8221;Ateli\u00ea Criativo, Teatro, Erasmus +&#8221; tab_id=&#8221;1493932659349-83b76718-73f0&#8243;][vc_column_text]<\/p>\n<ol>\n<li style=\"text-align: justify; padding-left: 30px;\"><a href=\"http:\/\/escolasdobidos.com\/website\/wp-content\/uploads\/2016\/10\/ct.pdf\" target=\"_blank\">Ci\u00eancias e Tecnologias<\/a><\/li>\n<li style=\"text-align: justify; padding-left: 30px;\"><a href=\"http:\/\/escolasdobidos.com\/website\/wp-content\/uploads\/2016\/10\/lh.pdf\" target=\"_blank\">L\u00ednguas e Humanidades<\/a><\/li>\n<li style=\"text-align: justify; padding-left: 30px;\"><a href=\"http:\/\/escolasdobidos.com\/website\/wp-content\/uploads\/2016\/10\/av.pdf\" target=\"_blank\">Artes Visuais<\/a><\/li>\n<li style=\"text-align: justify; padding-left: 30px;\"><a href=\"http:\/\/escolasdobidos.com\/website\/wp-content\/uploads\/2016\/10\/am.pdf\" target=\"_blank\">Ensino Articulado da M\u00fasica<\/a><\/li>\n<li style=\"text-align: justify; padding-left: 30px;\"><a href=\"http:\/\/escolasdobidos.com\/website\/wp-content\/uploads\/2017\/03\/Sec_2017_18.pdf\" target=\"_blank\">PPT-Apresenta\u00e7\u00e3o 5 de maio<\/a><\/li>\n<\/ol>\n<p>[\/vc_column_text][\/vc_tta_section][\/vc_tta_accordion][\/vc_column][vc_column width=&#8221;1\/3&#8243;][vc_gallery type=&#8221;nivo&#8221; interval=&#8221;0&#8243; images=&#8221;8736&#8243; img_size=&#8221;medium&#8221; title=&#8221;Profissional&#8221;][vc_tta_accordion][vc_tta_section title=&#8221;Ateli\u00ea Criativo, Teatro, Erasmus +&#8221; tab_id=&#8221;1493932673537-83d67712-8664&#8243;][vc_column_text]<\/p>\n<ol>\n<li style=\"text-align: justify; padding-left: 30px;\"><a href=\"http:\/\/escolasdobidos.com\/website\/wp-content\/uploads\/2017\/03\/prcp.pdf\" target=\"_blank\">T\u00e9cnico de Restaura\u00e7\u00e3o Cozinha \/ Pastelaria<\/a><\/li>\n<li style=\"text-align: justify; padding-left: 30px;\"><a href=\"http:\/\/escolasdobidos.com\/website\/wp-content\/uploads\/2017\/03\/gpsi.pdf\" target=\"_blank\">T\u00e9cnico de Gest\u00e3o e Programa\u00e7\u00e3o de Sistemas Inform\u00e1ticos<\/a><\/li>\n<li style=\"text-align: justify; padding-left: 30px;\"><a href=\"http:\/\/escolasdobidos.com\/website\/wp-content\/uploads\/2017\/03\/pgd.pdf\" target=\"_blank\">T\u00e9cnico de Apoio \u00e0 Gest\u00e3o Desportiva<\/a><\/li>\n<\/ol>\n<p>[\/vc_column_text][\/vc_tta_section][\/vc_tta_accordion][\/vc_column][\/vc_row][vc_row][vc_column][vc_cta h2=&#8221;&#8220;Temos condi\u00e7\u00f5es excepcionais para aprender mais e melhor&#8220; Jo\u00e3o Carlos, 10.\u00ba Ano&#8221;][\/vc_cta][\/vc_column][\/vc_row][vc_row][vc_column width=&#8221;1\/2&#8243;][vc_video link=&#8221;https:\/\/www.youtube.com\/watch?v=pkhypKBsZwM&#8221;][\/vc_column][vc_column width=&#8221;1\/2&#8243;][vc_video link=&#8221;https:\/\/www.youtube.com\/watch?v=JwLPg4YCrYs&#8221;][\/vc_column][\/vc_row]<\/p>\n","protected":false},"excerpt":{"rendered":"<p>[vc_row][vc_column width=&#8221;1\/3&#8243;][vc_gallery type=&#8221;nivo&#8221; interval=&#8221;0&#8243; images=&#8221;8791&#8243; img_size=&#8221;medium&#8221; title=&#8221;Pr\u00e9-escolar&#8221;][vc_tta_accordion][vc_tta_section title=&#8221;Ateli\u00ea Criativo, Pensar Colorido, M\u00fasica, Ingl\u00eas, Educa\u00e7\u00e3o F\u00edsica \/ Nata\u00e7\u00e3o, Crescer Melhor&#8221; tab_id=&#8221;1493933322172-f130c8b3-a59a&#8221;][vc_column_text] Matr\u00edcula primeiro ano Ateli\u00ea no\u00a0pr\u00e9-escolar Matriz curricular [\/vc_column_text][\/vc_tta_section][\/vc_tta_accordion][\/vc_column][vc_column width=&#8221;1\/3&#8243;][vc_gallery type=&#8221;nivo&#8221; interval=&#8221;0&#8243; images=&#8221;8733&#8243; img_size=&#8221;medium&#8221; title=&#8221;Primeiro Ciclo&#8221;][vc_tta_accordion][vc_tta_section title=&#8221;Equipas Educativas, F\u00e1brica da Criatividade, Dan\u00e7a, M\u00fasica, Yoga, Crescer Melhor&#8221; tab_id=&#8221;1493931451187-663e23c7-cf0a&#8221;][vc_column_text] Documento orientador Renova\u00e7\u00e3o de matr\u00edcula Equipas Educativas Ateli\u00ea no&hellip; <br \/> <a class=\"button small blue\" href=\"https:\/\/escolasdobidos.com\/website\/httpescolasdobidos-comoferta_educativaoferta-educativa2\/\">Read more<\/a><\/p>\n","protected":false},"author":13,"featured_media":0,"parent":0,"menu_order":0,"comment_status":"closed","ping_status":"closed","template":"","meta":{"footnotes":""},"class_list":["post-8219","page","type-page","status-publish","hentry"],"_links":{"self":[{"href":"https:\/\/escolasdobidos.com\/website\/wp-json\/wp\/v2\/pages\/8219","targetHints":{"allow":["GET"]}}],"collection":[{"href":"https:\/\/escolasdobidos.com\/website\/wp-json\/wp\/v2\/pages"}],"about":[{"href":"https:\/\/escolasdobidos.com\/website\/wp-json\/wp\/v2\/types\/page"}],"author":[{"embeddable":true,"href":"https:\/\/escolasdobidos.com\/website\/wp-json\/wp\/v2\/users\/13"}],"replies":[{"embeddable":true,"href":"https:\/\/escolasdobidos.com\/website\/wp-json\/wp\/v2\/comments?post=8219"}],"version-history":[{"count":0,"href":"https:\/\/escolasdobidos.com\/website\/wp-json\/wp\/v2\/pages\/8219\/revisions"}],"wp:attachment":[{"href":"https:\/\/escolasdobidos.com\/website\/wp-json\/wp\/v2\/media?parent=8219"}],"curies":[{"name":"wp","href":"https:\/\/api.w.org\/{rel}","templated":true}]}}