{"id":8274,"date":"2017-03-26T20:37:45","date_gmt":"2017-03-26T20:37:45","guid":{"rendered":"http:\/\/escolasdobidos.com\/?page_id=8274"},"modified":"2026-01-23T19:15:38","modified_gmt":"2026-01-23T19:15:38","slug":"direcao-do-agrupamento","status":"publish","type":"page","link":"https:\/\/escolasdobidos.com\/website\/organizacao\/direcao-do-agrupamento\/","title":{"rendered":"Dire\u00e7\u00e3o do Agrupamento"},"content":{"rendered":"\t\t<div data-elementor-type=\"wp-page\" data-elementor-id=\"8274\" class=\"elementor elementor-8274\" data-elementor-settings=\"{&quot;ha_cmc_init_switcher&quot;:&quot;no&quot;}\" data-elementor-post-type=\"page\">\n\t\t\t\t\t\t<section class=\"elementor-section elementor-top-section elementor-element elementor-element-3d734075 elementor-section-boxed elementor-section-height-default elementor-section-height-default\" data-id=\"3d734075\" data-element_type=\"section\" data-e-type=\"section\" data-settings=\"{&quot;_ha_eqh_enable&quot;:false}\">\n\t\t\t\t\t\t<div class=\"elementor-container elementor-column-gap-default\">\n\t\t\t\t\t<div class=\"elementor-column elementor-col-100 elementor-top-column elementor-element elementor-element-7f7b45c3\" data-id=\"7f7b45c3\" data-element_type=\"column\" data-e-type=\"column\">\n\t\t\t<div class=\"elementor-widget-wrap elementor-element-populated\">\n\t\t\t\t\t\t<div class=\"elementor-element elementor-element-7654ae03 elementor-widget elementor-widget-text-editor\" data-id=\"7654ae03\" data-element_type=\"widget\" data-e-type=\"widget\" data-widget_type=\"text-editor.default\">\n\t\t\t\t<div class=\"elementor-widget-container\">\n\t\t\t\t\t\t\t\t\t<p data-processed=\"true\"><strong>COMPOSI\u00c7\u00c3O DA DIRE\u00c7\u00c3O<\/strong><\/p><hr \/><p><strong>Diretor<\/strong><\/p><p>Jos\u00e9 Fernando da Silva de Sousa Santos<\/p><hr \/><p>\u00a0<\/p><p><strong>Subdiretora<\/strong><\/p><p>Teresa Maria Gaspar Pais Marques Mendes<\/p><hr \/><p>\u00a0<\/p><p><strong>Adjuntos(as)<\/strong><\/p><p>Miguel Vladimiro Pi\u00e7arra Louren\u00e7o Ferreira<\/p><p>Irene Antunes Martins Carrilho<\/p><p>Teresa Maria Calapez Nunes Xavier Melo da Costa<\/p>\t\t\t\t\t\t\t\t<\/div>\n\t\t\t\t<\/div>\n\t\t\t\t\t<\/div>\n\t\t<\/div>\n\t\t\t\t\t<\/div>\n\t\t<\/section>\n\t\t\t\t<\/div>\n\t\t","protected":false},"excerpt":{"rendered":"<p>COMPOSI\u00c7\u00c3O DA DIRE\u00c7\u00c3O Diretor Jos\u00e9 Fernando da Silva de Sousa Santos \u00a0 Subdiretora Teresa Maria Gaspar Pais Marques Mendes \u00a0 Adjuntos(as) Miguel Vladimiro Pi\u00e7arra Louren\u00e7o Ferreira Irene Antunes Martins Carrilho Teresa Maria Calapez Nunes Xavier Melo da Costa<\/p>\n","protected":false},"author":13,"featured_media":0,"parent":7971,"menu_order":0,"comment_status":"closed","ping_status":"closed","template":"","meta":{"footnotes":""},"class_list":["post-8274","page","type-page","status-publish","hentry"],"_links":{"self":[{"href":"https:\/\/escolasdobidos.com\/website\/wp-json\/wp\/v2\/pages\/8274","targetHints":{"allow":["GET"]}}],"collection":[{"href":"https:\/\/escolasdobidos.com\/website\/wp-json\/wp\/v2\/pages"}],"about":[{"href":"https:\/\/escolasdobidos.com\/website\/wp-json\/wp\/v2\/types\/page"}],"author":[{"embeddable":true,"href":"https:\/\/escolasdobidos.com\/website\/wp-json\/wp\/v2\/users\/13"}],"replies":[{"embeddable":true,"href":"https:\/\/escolasdobidos.com\/website\/wp-json\/wp\/v2\/comments?post=8274"}],"version-history":[{"count":9,"href":"https:\/\/escolasdobidos.com\/website\/wp-json\/wp\/v2\/pages\/8274\/revisions"}],"predecessor-version":[{"id":18587,"href":"https:\/\/escolasdobidos.com\/website\/wp-json\/wp\/v2\/pages\/8274\/revisions\/18587"}],"up":[{"embeddable":true,"href":"https:\/\/escolasdobidos.com\/website\/wp-json\/wp\/v2\/pages\/7971"}],"wp:attachment":[{"href":"https:\/\/escolasdobidos.com\/website\/wp-json\/wp\/v2\/media?parent=8274"}],"curies":[{"name":"wp","href":"https:\/\/api.w.org\/{rel}","templated":true}]}}