{"id":9719,"date":"2017-11-26T19:37:21","date_gmt":"2017-11-26T19:37:21","guid":{"rendered":"http:\/\/escolasdobidos.com\/?page_id=9719"},"modified":"2026-01-23T18:44:06","modified_gmt":"2026-01-23T18:44:06","slug":"departamentos","status":"publish","type":"page","link":"https:\/\/escolasdobidos.com\/website\/docentes\/departamentos\/","title":{"rendered":"Departamentos"},"content":{"rendered":"\t\t<div data-elementor-type=\"wp-page\" data-elementor-id=\"9719\" class=\"elementor elementor-9719\" data-elementor-settings=\"{&quot;ha_cmc_init_switcher&quot;:&quot;no&quot;}\" data-elementor-post-type=\"page\">\n\t\t\t\t\t\t<section class=\"elementor-section elementor-top-section elementor-element elementor-element-b077d83 elementor-section-boxed elementor-section-height-default elementor-section-height-default\" data-id=\"b077d83\" data-element_type=\"section\" data-e-type=\"section\" data-settings=\"{&quot;_ha_eqh_enable&quot;:false}\">\n\t\t\t\t\t\t<div class=\"elementor-container elementor-column-gap-default\">\n\t\t\t\t\t<div class=\"elementor-column elementor-col-100 elementor-top-column elementor-element elementor-element-44da279\" data-id=\"44da279\" data-element_type=\"column\" data-e-type=\"column\">\n\t\t\t<div class=\"elementor-widget-wrap elementor-element-populated\">\n\t\t\t\t\t\t<section class=\"elementor-section elementor-inner-section elementor-element elementor-element-730d612 elementor-section-boxed elementor-section-height-default elementor-section-height-default\" data-id=\"730d612\" data-element_type=\"section\" data-e-type=\"section\" data-settings=\"{&quot;_ha_eqh_enable&quot;:false}\">\n\t\t\t\t\t\t<div class=\"elementor-container elementor-column-gap-default\">\n\t\t\t\t\t<div class=\"elementor-column elementor-col-100 elementor-inner-column elementor-element elementor-element-0d25d59\" data-id=\"0d25d59\" data-element_type=\"column\" data-e-type=\"column\">\n\t\t\t<div class=\"elementor-widget-wrap elementor-element-populated\">\n\t\t\t\t\t\t<div class=\"elementor-element elementor-element-ed65cec elementor-widget__width-initial elementor-widget elementor-widget-text-editor\" data-id=\"ed65cec\" data-element_type=\"widget\" data-e-type=\"widget\" data-widget_type=\"text-editor.default\">\n\t\t\t\t<div class=\"elementor-widget-container\">\n\t\t\t\t\t\t\t\t\t<p><strong>COORDENADORES DOS DEPARTAMENTOS<\/strong><\/p><p><strong>Cid\u00e1lia de Guadalupe C. Gra\u00e7a &#8211; <\/strong>Departamento do Pr\u00e9-Escolar<\/p><p><strong>Guida F\u00e9lix &#8211; <\/strong>Departamento do\u00a01.\u00ba Ciclo<\/p><p><strong>Maria de Lurdes Clemente\u00a0 &#8211; <\/strong>Departamento de\u00a0L\u00ednguas<\/p><p><strong style=\"font-size: 18px;\">Maria Cristina Ferreira &#8211; <\/strong><span style=\"font-family: 'Roboto Mono', sans-serif; font-size: 18px;\">Departamento de Ci\u00eancias Humanas e Sociais<\/span><\/p><p><strong>Ivone Maria Cristino\u00a0 &#8211; <\/strong>Departamento de Matem\u00e1tica e Ci\u00eancias Experimentais<\/p><p><strong style=\"font-size: 18px;\">Vera Martins &#8211; <\/strong><span style=\"font-family: 'Roboto Mono', sans-serif; font-size: 18px;\">Departamento de Express\u00f5es<\/span><\/p><p><strong style=\"font-size: 18px;\">Fernanda F\u00e1tima C. Portugal &#8211; <\/strong><span style=\"font-family: 'Roboto Mono', sans-serif; font-size: 18px;\">Departamento de Educa\u00e7\u00e3o Especial<\/span><\/p><p>\u00a0<\/p><p><strong>OUTRAS COORDENA\u00c7\u00d5ES<\/strong><\/p><p><strong style=\"font-size: 18px;\">Cl\u00e1udio Oliveira &#8211; <\/strong><span style=\"font-family: 'Roboto Mono', sans-serif; font-size: 18px;\">Coordenador da Estrat\u00e9gia para a Cidadania da Escola<\/span><\/p><p><strong style=\"font-size: 18px;\">Rosa Duarte &#8211; <\/strong><span style=\"font-family: 'Roboto Mono', sans-serif; font-size: 18px;\">Coordenadora do Centro de Apoio \u00e0 Aprendizagem<\/span><\/p><p><strong style=\"font-size: 18px;\">Lu\u00eds Germano &#8211;<\/strong><span style=\"font-family: 'Roboto Mono', sans-serif; font-size: 18px;\">\u00a0Coordenador das Bibliotecas Escolares<\/span><\/p>\t\t\t\t\t\t\t\t<\/div>\n\t\t\t\t<\/div>\n\t\t\t\t\t<\/div>\n\t\t<\/div>\n\t\t\t\t\t<\/div>\n\t\t<\/section>\n\t\t\t\t\t<\/div>\n\t\t<\/div>\n\t\t\t\t\t<\/div>\n\t\t<\/section>\n\t\t\t\t<\/div>\n\t\t","protected":false},"excerpt":{"rendered":"<p>COORDENADORES DOS DEPARTAMENTOS Cid\u00e1lia de Guadalupe C. Gra\u00e7a &#8211; Departamento do Pr\u00e9-Escolar Guida F\u00e9lix &#8211; Departamento do\u00a01.\u00ba Ciclo Maria de Lurdes Clemente\u00a0 &#8211; Departamento de\u00a0L\u00ednguas Maria Cristina Ferreira &#8211; Departamento de Ci\u00eancias Humanas e Sociais Ivone Maria Cristino\u00a0 &#8211; Departamento de Matem\u00e1tica e Ci\u00eancias Experimentais Vera Martins &#8211; Departamento de Express\u00f5es Fernanda F\u00e1tima C. Portugal&hellip; <br \/> <a class=\"button small blue\" href=\"https:\/\/escolasdobidos.com\/website\/docentes\/departamentos\/\">Read more<\/a><\/p>\n","protected":false},"author":13,"featured_media":0,"parent":9714,"menu_order":0,"comment_status":"closed","ping_status":"closed","template":"","meta":{"footnotes":""},"class_list":["post-9719","page","type-page","status-publish","hentry"],"_links":{"self":[{"href":"https:\/\/escolasdobidos.com\/website\/wp-json\/wp\/v2\/pages\/9719","targetHints":{"allow":["GET"]}}],"collection":[{"href":"https:\/\/escolasdobidos.com\/website\/wp-json\/wp\/v2\/pages"}],"about":[{"href":"https:\/\/escolasdobidos.com\/website\/wp-json\/wp\/v2\/types\/page"}],"author":[{"embeddable":true,"href":"https:\/\/escolasdobidos.com\/website\/wp-json\/wp\/v2\/users\/13"}],"replies":[{"embeddable":true,"href":"https:\/\/escolasdobidos.com\/website\/wp-json\/wp\/v2\/comments?post=9719"}],"version-history":[{"count":23,"href":"https:\/\/escolasdobidos.com\/website\/wp-json\/wp\/v2\/pages\/9719\/revisions"}],"predecessor-version":[{"id":18577,"href":"https:\/\/escolasdobidos.com\/website\/wp-json\/wp\/v2\/pages\/9719\/revisions\/18577"}],"up":[{"embeddable":true,"href":"https:\/\/escolasdobidos.com\/website\/wp-json\/wp\/v2\/pages\/9714"}],"wp:attachment":[{"href":"https:\/\/escolasdobidos.com\/website\/wp-json\/wp\/v2\/media?parent=9719"}],"curies":[{"name":"wp","href":"https:\/\/api.w.org\/{rel}","templated":true}]}}