{"id":9890,"date":"2017-12-12T16:49:48","date_gmt":"2017-12-12T16:49:48","guid":{"rendered":"http:\/\/escolasdobidos.com\/?page_id=9890"},"modified":"2026-01-23T18:54:26","modified_gmt":"2026-01-23T18:54:26","slug":"conselho-pedagogico","status":"publish","type":"page","link":"https:\/\/escolasdobidos.com\/website\/organizacao\/conselho-pedagogico\/","title":{"rendered":"Conselho Pedag\u00f3gico"},"content":{"rendered":"\t\t<div data-elementor-type=\"wp-page\" data-elementor-id=\"9890\" class=\"elementor elementor-9890\" data-elementor-settings=\"{&quot;ha_cmc_init_switcher&quot;:&quot;no&quot;}\" data-elementor-post-type=\"page\">\n\t\t\t\t\t\t<section class=\"elementor-section elementor-top-section elementor-element elementor-element-506086fe elementor-section-boxed elementor-section-height-default elementor-section-height-default\" data-id=\"506086fe\" data-element_type=\"section\" data-e-type=\"section\" data-settings=\"{&quot;_ha_eqh_enable&quot;:false}\">\n\t\t\t\t\t\t<div class=\"elementor-container elementor-column-gap-default\">\n\t\t\t\t\t<div class=\"elementor-column elementor-col-100 elementor-top-column elementor-element elementor-element-6e13f9d4\" data-id=\"6e13f9d4\" data-element_type=\"column\" data-e-type=\"column\">\n\t\t\t<div class=\"elementor-widget-wrap elementor-element-populated\">\n\t\t\t\t\t\t<div class=\"elementor-element elementor-element-369a6875 elementor-widget__width-initial elementor-widget elementor-widget-text-editor\" data-id=\"369a6875\" data-element_type=\"widget\" data-e-type=\"widget\" data-widget_type=\"text-editor.default\">\n\t\t\t\t<div class=\"elementor-widget-container\">\n\t\t\t\t\t\t\t\t\t<p><strong>Jos\u00e9 Santos<\/strong><br \/>Presidente do Conselho Pedag\u00f3gico (<a href=\"mailto:executivo@escolasobidos.net\">e-mail<\/a>)<\/p><p><strong>Ana Catarina Almeida<\/strong><br \/>Coordenadora dos Diretores de Turma do 2.\u00ba Ciclo (<a href=\"http:\/\/anaalmeida@escolasobidos.net\">e-mail<\/a>)<\/p><p><strong>Soraia Benjamim<\/strong><br \/>Coordenadora dos Diretores de Turma do 3.\u00baCiclo (<a href=\"mailto:soraiabenjamim@escolasobidos.net\">e-mail<\/a>)<\/p><p><strong>Filipe dos Santos Francisco<\/strong><br \/>Coordenador dos Diretores de Turma do Ensino Secund\u00e1rio (<a href=\"mailto:filipefrancisco@escolasobidos.net\">e-mail<\/a>)<\/p><p><strong>Cid\u00e1lia de Guadalupe Gra\u00e7a<\/strong><br \/>Coordenadora de Departamento do Pr\u00e9 \u2013 Escolar (<a href=\"mailto:cidaliagraca@escolasobidos.net\">e-mail<\/a>)<\/p><p><strong>Guida Maria F\u00e9lix<\/strong><br \/>Coordenadora de Departamento de 1.\u00ba Ciclo (<a href=\"mailto:guidafelix@escolasobidos.net\">e-mail<\/a>)<\/p><p><strong>Maria Lurdes Clemente\u00a0<\/strong><br \/>Coordenadora de Departamento de L\u00ednguas (<a href=\"mailto:mariaclemente@escolasobidos.net\">e-mail<\/a>)<\/p><p><strong>Maria Cristina Leal Ferreira<\/strong><br \/>Coordenadora de Departamento de Ci\u00eancias Sociais e Humanas (<a href=\"mailto:cristinaferreira@escolasobidos.net\">e-mail<\/a>)<\/p><p><strong>Ivone Maria Cristino<\/strong><br \/>Coordenadora de Departamento de Matem\u00e1tica e Ci\u00eancias Experimentais (<a href=\"mailto:ivonecristino@escolasobidos.net\">e-mail<\/a>)<\/p><p><strong>Vera Martins<\/strong><br \/>Coordenadora de Departamento de Express\u00f5es (<a href=\"mailto:veramartins@escolasobidos.net\">e-mail<\/a>)<\/p><p><strong>Fernanda F\u00e1tima Portugal<\/strong><br \/>Coordenadora de Departamento de Educa\u00e7\u00e3o Especial (<a href=\"mailto:fernandaportugal@escolasobidos.net\">e-mail<\/a>)<\/p><p><strong>Rosa Duarte<\/strong><br \/>Coordenadora do Centro de Apoio \u00e0 Aprendizagem (<a href=\"mailto:rosaduarte@escolasobidos.net\">e-mail<\/a>)<\/p><p><strong>Lu\u00eds Germano<\/strong><br \/>Coordenador das Bibliotecas Escolares (<a href=\"mailto:luisgermano@escolasobidos.net\">e-mail<\/a>)<\/p><p><strong>Jos\u00e9 Nascimento<\/strong><br \/><span style=\"font-family: 'Roboto Mono', sans-serif; font-size: 18px;\">Representante dos Coordenadores de Estabelecimento<\/span>\u00a0(<a href=\"mailto:josenascimento@escolasobidos.net\">e-mail<\/a>)<\/p><p><b>Miguel Vladimiro Ferreira<br \/><\/b>Coordenador da Equipa do Sistema de Garantia de Qualidade (<a href=\"mailto:miguelferreira@escolasobidos.net\">e-mail<\/a>)<\/p><p><strong>In\u00eas Borges<\/strong><br \/>Coordenadora do Servi\u00e7o de Psicologia e Orienta\u00e7\u00e3o (<a href=\"https:\/\/sites.google.com\/view\/spo-josefa-de-obidos\/contactos#h.lqzjq9nav8n6\">e-mail<\/a>)<\/p><p><strong>Teresa Mendes<br \/><\/strong>Coordenadora da Equipa Multidisciplinar Apoio \u00e0 Equipa Inclusiva (<a href=\"mailto:teresamendes@escolasobidos.net\">e-mail<\/a>)<\/p><p>\u00a0<\/p>\t\t\t\t\t\t\t\t<\/div>\n\t\t\t\t<\/div>\n\t\t\t\t\t<\/div>\n\t\t<\/div>\n\t\t\t\t\t<\/div>\n\t\t<\/section>\n\t\t\t\t<\/div>\n\t\t","protected":false},"excerpt":{"rendered":"<p>Jos\u00e9 SantosPresidente do Conselho Pedag\u00f3gico (e-mail) Ana Catarina AlmeidaCoordenadora dos Diretores de Turma do 2.\u00ba Ciclo (e-mail) Soraia BenjamimCoordenadora dos Diretores de Turma do 3.\u00baCiclo (e-mail) Filipe dos Santos FranciscoCoordenador dos Diretores de Turma do Ensino Secund\u00e1rio (e-mail) Cid\u00e1lia de Guadalupe Gra\u00e7aCoordenadora de Departamento do Pr\u00e9 \u2013 Escolar (e-mail) Guida Maria F\u00e9lixCoordenadora de Departamento de&hellip; <br \/> <a class=\"button small blue\" href=\"https:\/\/escolasdobidos.com\/website\/organizacao\/conselho-pedagogico\/\">Read more<\/a><\/p>\n","protected":false},"author":13,"featured_media":0,"parent":7971,"menu_order":0,"comment_status":"closed","ping_status":"closed","template":"","meta":{"footnotes":""},"class_list":["post-9890","page","type-page","status-publish","hentry"],"_links":{"self":[{"href":"https:\/\/escolasdobidos.com\/website\/wp-json\/wp\/v2\/pages\/9890","targetHints":{"allow":["GET"]}}],"collection":[{"href":"https:\/\/escolasdobidos.com\/website\/wp-json\/wp\/v2\/pages"}],"about":[{"href":"https:\/\/escolasdobidos.com\/website\/wp-json\/wp\/v2\/types\/page"}],"author":[{"embeddable":true,"href":"https:\/\/escolasdobidos.com\/website\/wp-json\/wp\/v2\/users\/13"}],"replies":[{"embeddable":true,"href":"https:\/\/escolasdobidos.com\/website\/wp-json\/wp\/v2\/comments?post=9890"}],"version-history":[{"count":18,"href":"https:\/\/escolasdobidos.com\/website\/wp-json\/wp\/v2\/pages\/9890\/revisions"}],"predecessor-version":[{"id":18583,"href":"https:\/\/escolasdobidos.com\/website\/wp-json\/wp\/v2\/pages\/9890\/revisions\/18583"}],"up":[{"embeddable":true,"href":"https:\/\/escolasdobidos.com\/website\/wp-json\/wp\/v2\/pages\/7971"}],"wp:attachment":[{"href":"https:\/\/escolasdobidos.com\/website\/wp-json\/wp\/v2\/media?parent=9890"}],"curies":[{"name":"wp","href":"https:\/\/api.w.org\/{rel}","templated":true}]}}